{"id":6618,"date":"2025-05-15T17:23:38","date_gmt":"2025-05-15T15:23:38","guid":{"rendered":"https:\/\/www.lovgasmstore.com\/?post_type=product&#038;p=6618"},"modified":"2025-05-15T17:23:38","modified_gmt":"2025-05-15T15:23:38","slug":"satisfyer-ultra-power-bullet-5","status":"publish","type":"product","link":"https:\/\/www.lovgasmstore.com\/index.php\/prodotto\/satisfyer-ultra-power-bullet-5\/","title":{"rendered":"SATISFYER &#8211; ULTRA POWER BULLET 5"},"content":{"rendered":"<p>L&#8217;Ultra Power Bullet 5 sa come soddisfarti a fondo con vibrazioni profonde. Grazie al design imbottito e alla forma voluminosa, questo mini vibratore garantisce un buon supporto e permette di godere di una variet\u00e0 di piaceri.<\/p>\n<p><strong>Informazione prodotto &#8220;Ultra Power Bullet 5&#8221;<\/strong><\/p>\n<ul>\n<li>I potenti modelli di vibrazione forniscono un&#8217;intensa stimolazione del clitoride.<\/li>\n<li>Grazie alla sua finitura impermeabile (IPX7), questo giocattolo pu\u00f2 essere utilizzato in sicurezza in acqua ed \u00e8 facile da pulire.<\/li>\n<li>Realizzato in silicone per uso medico super morbido, delicato sul corpo, morbido al tatto ed estremamente igienico<\/li>\n<li>15 anni di garanzia<\/li>\n<li>Stimolazione del clitoride attraverso potenti vibrazioni.<\/li>\n<li>12 programmi di vibrazione<\/li>\n<li>Silicone delicato sul corpo<\/li>\n<li>Resistente all&#8217;acqua (IPX7)<\/li>\n<li>Modalit\u00e0 Sussurro<\/li>\n<li>Batteria ricaricabile agli ioni di litio<\/li>\n<li>Cavo di ricarica USB magnetico incluso<\/li>\n<li>Facile da pulire<\/li>\n<\/ul>\n<p><strong>Cosa offre l&#8217;Ultra Power Bullet 5?<\/strong><\/p>\n<p>Vibrazioni intense, funzionamento intuitivo con un solo tocco e dimensioni gestibili: l&#8217;Ultra Power Bullet 5 si distingue per il suo design che lo rende un ottimo compagno per principianti e utenti avanzati. La sua punta arrotondata \u00e8 perfetta per una stimolazione precisa del clitoride, che \u00e8 particolarmente calda e diversificata grazie a 5 velocit\u00e0 e 7 modelli di vibrazione. Volete stimolare grandi zone erogene? Quindi usa la forma ingombrante del vibratore a proiettile con un&#8217;angolazione diversa e goditi la sensazione di formicolio della sua superficie imbottita sulla tua pelle.<\/p>\n<p><strong>Satisfyer Ultra Power Bullet 5: Mini vibratore da trasportare<\/strong><\/p>\n<p>Decidi tu non solo come, ma anche dove il Satisfyer Ultra Power Bullet 5 ti dar\u00e0 piacere perch\u00e9 le dimensioni pratiche fanno s\u00ec che tu possa portarlo con te anche in una piccola borsa. Quindi non devi fare a meno del tuo amante quando viaggi. Il design impermeabile (IPX7) significa che il vibratore bullet non solo \u00e8 facile da pulire con acqua e un po&#8217; di sapone, ma ti dar\u00e0 anche piacere sotto la doccia o nella vasca da bagno. Se la piccola centrale elettrica si esaurisce, \u00e8 possibile caricare la batteria integrata con il cavo di ricarica USB incluso.<\/p>\n","protected":false},"excerpt":{"rendered":"<p>L&#8217;Ultra Power Bullet 5 sa come soddisfarti a fondo con vibrazioni profonde. Grazie al design imbottito e alla forma voluminosa, questo mini vibratore garantisce un buon<span class=\"excerpt-hellip\"> [\u2026]<\/span><\/p>\n","protected":false},"featured_media":6619,"comment_status":"open","ping_status":"closed","template":"","meta":[],"product_brand":[],"product_cat":[219,225],"product_tag":[170,165,331,178],"class_list":{"0":"post-6618","1":"product","2":"type-product","3":"status-publish","4":"has-post-thumbnail","6":"product_cat-vagina","7":"product_cat-vibratore","8":"product_tag-donna","9":"product_tag-sextoys","10":"product_tag-vagina","11":"product_tag-vibratore","13":"first","14":"instock","15":"taxable","16":"shipping-taxable","17":"purchasable","18":"product-type-simple"},"_links":{"self":[{"href":"https:\/\/www.lovgasmstore.com\/index.php\/wp-json\/wp\/v2\/product\/6618","targetHints":{"allow":["GET"]}}],"collection":[{"href":"https:\/\/www.lovgasmstore.com\/index.php\/wp-json\/wp\/v2\/product"}],"about":[{"href":"https:\/\/www.lovgasmstore.com\/index.php\/wp-json\/wp\/v2\/types\/product"}],"replies":[{"embeddable":true,"href":"https:\/\/www.lovgasmstore.com\/index.php\/wp-json\/wp\/v2\/comments?post=6618"}],"version-history":[{"count":1,"href":"https:\/\/www.lovgasmstore.com\/index.php\/wp-json\/wp\/v2\/product\/6618\/revisions"}],"predecessor-version":[{"id":6623,"href":"https:\/\/www.lovgasmstore.com\/index.php\/wp-json\/wp\/v2\/product\/6618\/revisions\/6623"}],"wp:featuredmedia":[{"embeddable":true,"href":"https:\/\/www.lovgasmstore.com\/index.php\/wp-json\/wp\/v2\/media\/6619"}],"wp:attachment":[{"href":"https:\/\/www.lovgasmstore.com\/index.php\/wp-json\/wp\/v2\/media?parent=6618"}],"wp:term":[{"taxonomy":"product_brand","embeddable":true,"href":"https:\/\/www.lovgasmstore.com\/index.php\/wp-json\/wp\/v2\/product_brand?post=6618"},{"taxonomy":"product_cat","embeddable":true,"href":"https:\/\/www.lovgasmstore.com\/index.php\/wp-json\/wp\/v2\/product_cat?post=6618"},{"taxonomy":"product_tag","embeddable":true,"href":"https:\/\/www.lovgasmstore.com\/index.php\/wp-json\/wp\/v2\/product_tag?post=6618"}],"curies":[{"name":"wp","href":"https:\/\/api.w.org\/{rel}","templated":true}]}}