{"id":6609,"date":"2025-05-15T17:04:40","date_gmt":"2025-05-15T15:04:40","guid":{"rendered":"https:\/\/www.lovgasmstore.com\/?post_type=product&#038;p=6609"},"modified":"2025-05-15T17:04:40","modified_gmt":"2025-05-15T15:04:40","slug":"satisfyer-pro-2-kiss","status":"publish","type":"product","link":"https:\/\/www.lovgasmstore.com\/index.php\/prodotto\/satisfyer-pro-2-kiss\/","title":{"rendered":"SATISFYER &#8211; PRO 2 KISS"},"content":{"rendered":"<p>Formato da viaggio, mini massaggiatore clitorideo con onde d&#8217;aria, discreto, sembra mascara o rossetto, si adatta perfettamente alla borsa o alla borsa da toilette.<\/p>\n<ul>\n<li>USB ricaricabile tramite il cavo USB-C del tuo iPhone.<\/li>\n<li>Facile da usare e silenzioso, 3 velocit\u00e0 di 10 diverse modalit\u00e0 di onda di pressione dell&#8217;aria.<\/li>\n<li>3 x 10 programmi a onde di pressione<\/li>\n<li>Controllo del picco dell&#8217;impulso d&#8217;aria 3D<\/li>\n<li>Silicone delicato sul corpo<\/li>\n<li>Dimensioni da viaggio<\/li>\n<li>Silenzioso<\/li>\n<li>Ricaricabile (USB-C), cavo NON incluso<\/li>\n<li>Questo dispositivo discreto e sottile si adatta perfettamente al palmo della tua mano ed \u00e8 perfetto per i viaggi.<\/li>\n<\/ul>\n<p>Con il nuovo motore magnetico brevettato 4D, Satisfyer porta la stimolazione del clitoride senza contatto a un livello superiore. Questa tecnologia all&#8217;avanguardia ridefinisce l&#8217;esperienza sensoriale, offrendo una stimolazione silenziosa ma potente con delicate onde di pressione.<\/p>\n<p>La membrana interna di questo dispositivo pu\u00f2 essere spostata con la semplice pressione di un pulsante: pi\u00f9 la membrana \u00e8 vicina all&#8217;apertura, pi\u00f9 forti saranno le onde di pressione.<\/p>\n<p>Tre luci LED sulla parte anteriore indicano la posizione della membrana in modo che l&#8217;utente possa facilmente sapere in quale intensit\u00e0 si trova.<\/p>\n<p>\u2013 3 LED accesi: la membrana \u00e8 pi\u00f9 vicina all&#8217;apertura, che fornisce sensazioni intense e potenti.<br \/>\n\u2013 2 LED accesi: la membrana \u00e8 al centro, il che offre una forza d&#8217;onda bilanciata.<br \/>\n\u2013 1 LED acceso: la membrana \u00e8 pi\u00f9 lontana, perfetta per un tocco pi\u00f9 morbido.<\/p>\n<p>Con 11 programmi di onde di pressione e 3 posizioni della membrana, hai 33 modi incredibili per esplorare i tuoi desideri.<\/p>\n<p><u><strong>Caratteristiche principali<\/strong><\/u><\/p>\n<ul>\n<li>30 programmi: 10 programmi di onde di pressione e 3 posizioni della membrana<\/li>\n<li>Con l&#8217;innovativo motore magnetico 4D<\/li>\n<li>Porta di ricarica USB di tipo C (cavo NON incluso)<\/li>\n<li>Pulsante LED per indicare la posizione della membrana<\/li>\n<li>Elegante design del rossetto con tappo igienico<\/li>\n<li>Realizzato in silicone delicato sul corpo<\/li>\n<li>Resistente all&#8217;acqua (IPX7)<\/li>\n<li>15 anni di garanzia<\/li>\n<\/ul>\n","protected":false},"excerpt":{"rendered":"<p>Formato da viaggio, mini massaggiatore clitorideo con onde d&#8217;aria, discreto, sembra mascara o rossetto, si adatta perfettamente alla borsa o alla borsa da toilette. USB ricaricabile<span class=\"excerpt-hellip\"> [\u2026]<\/span><\/p>\n","protected":false},"featured_media":6610,"comment_status":"open","ping_status":"closed","template":"","meta":[],"product_brand":[],"product_cat":[224,219],"product_tag":[189,165,191,331],"class_list":{"0":"post-6609","1":"product","2":"type-product","3":"status-publish","4":"has-post-thumbnail","6":"product_cat-succhia-clitoride","7":"product_cat-vagina","8":"product_tag-clitoride","9":"product_tag-sextoys","10":"product_tag-succhia-clitoride","11":"product_tag-vagina","13":"first","14":"instock","15":"taxable","16":"shipping-taxable","17":"purchasable","18":"product-type-simple"},"_links":{"self":[{"href":"https:\/\/www.lovgasmstore.com\/index.php\/wp-json\/wp\/v2\/product\/6609","targetHints":{"allow":["GET"]}}],"collection":[{"href":"https:\/\/www.lovgasmstore.com\/index.php\/wp-json\/wp\/v2\/product"}],"about":[{"href":"https:\/\/www.lovgasmstore.com\/index.php\/wp-json\/wp\/v2\/types\/product"}],"replies":[{"embeddable":true,"href":"https:\/\/www.lovgasmstore.com\/index.php\/wp-json\/wp\/v2\/comments?post=6609"}],"version-history":[{"count":1,"href":"https:\/\/www.lovgasmstore.com\/index.php\/wp-json\/wp\/v2\/product\/6609\/revisions"}],"predecessor-version":[{"id":6616,"href":"https:\/\/www.lovgasmstore.com\/index.php\/wp-json\/wp\/v2\/product\/6609\/revisions\/6616"}],"wp:featuredmedia":[{"embeddable":true,"href":"https:\/\/www.lovgasmstore.com\/index.php\/wp-json\/wp\/v2\/media\/6610"}],"wp:attachment":[{"href":"https:\/\/www.lovgasmstore.com\/index.php\/wp-json\/wp\/v2\/media?parent=6609"}],"wp:term":[{"taxonomy":"product_brand","embeddable":true,"href":"https:\/\/www.lovgasmstore.com\/index.php\/wp-json\/wp\/v2\/product_brand?post=6609"},{"taxonomy":"product_cat","embeddable":true,"href":"https:\/\/www.lovgasmstore.com\/index.php\/wp-json\/wp\/v2\/product_cat?post=6609"},{"taxonomy":"product_tag","embeddable":true,"href":"https:\/\/www.lovgasmstore.com\/index.php\/wp-json\/wp\/v2\/product_tag?post=6609"}],"curies":[{"name":"wp","href":"https:\/\/api.w.org\/{rel}","templated":true}]}}