{"id":6601,"date":"2025-05-15T16:50:43","date_gmt":"2025-05-15T14:50:43","guid":{"rendered":"https:\/\/www.lovgasmstore.com\/?post_type=product&#038;p=6601"},"modified":"2025-05-15T16:50:43","modified_gmt":"2025-05-15T14:50:43","slug":"lelo-dot-travel","status":"publish","type":"product","link":"https:\/\/www.lovgasmstore.com\/index.php\/prodotto\/lelo-dot-travel\/","title":{"rendered":"LELO &#8211; DOT TRAVEL"},"content":{"rendered":"<p><strong>LELO DOT\u2122<\/strong>\u00a0Travel \u00e8 uno stimolatore clitorideo discreto e preciso, perfetto per portarti in qualsiasi viaggio, poich\u00e9 si adatta a qualsiasi valigia o borsa grazie alle sue nuove dimensioni ridotte. Dispone di otto potenti modalit\u00e0 di vibrazione con diverse intensit\u00e0. La tecnologia Infinite Loop\u2122 di\u00a0<strong>LELO DOT\u2122<\/strong>\u00a0Travel ti permette di personalizzare l&#8217;esperienza orgasmica cambiando la posizione della sua punta morbida e flessibile.<\/p>\n<p>&nbsp;<\/p>\n<p><strong><u>CARATTERISTICHE:<\/u><\/strong><\/p>\n<ul>\n<li>Materiali: silicone biocompatibile e plastica ABS<\/li>\n<li>Finitura: Liscio<\/li>\n<li>Dimensioni: 138 x 26 x 27 mm<\/li>\n<li>Peso:53 g<\/li>\n<li>Batteria: 200mAh 3.7V agli ioni di litio<\/li>\n<li>Ricarica: fino a 2 ore a 5,0 V 200 mA<\/li>\n<li>Potenza nominale: ingresso: 5 V 1 W<\/li>\n<li>Uscita: 3,7 V 0,74 W<\/li>\n<li>Tempo di utilizzo: fino a 1 ora<\/li>\n<li>Standby: 90 giorni<\/li>\n<li>Frequenza:133 Hz<\/li>\n<li>Livello di rumore massimo:&lt; 60 dB<\/li>\n<li>Interfaccia: 3 pulsanti<\/li>\n<\/ul>\n","protected":false},"excerpt":{"rendered":"<p>LELO DOT\u2122\u00a0Travel \u00e8 uno stimolatore clitorideo discreto e preciso, perfetto per portarti in qualsiasi viaggio, poich\u00e9 si adatta a qualsiasi valigia o borsa grazie alle sue<span class=\"excerpt-hellip\"> [\u2026]<\/span><\/p>\n","protected":false},"featured_media":6602,"comment_status":"open","ping_status":"closed","template":"","meta":[],"product_brand":[],"product_cat":[219,225],"product_tag":[170,190,331,178],"class_list":{"0":"post-6601","1":"product","2":"type-product","3":"status-publish","4":"has-post-thumbnail","6":"product_cat-vagina","7":"product_cat-vibratore","8":"product_tag-donna","9":"product_tag-punto-g","10":"product_tag-vagina","11":"product_tag-vibratore","13":"first","14":"instock","15":"taxable","16":"shipping-taxable","17":"purchasable","18":"product-type-simple"},"_links":{"self":[{"href":"https:\/\/www.lovgasmstore.com\/index.php\/wp-json\/wp\/v2\/product\/6601","targetHints":{"allow":["GET"]}}],"collection":[{"href":"https:\/\/www.lovgasmstore.com\/index.php\/wp-json\/wp\/v2\/product"}],"about":[{"href":"https:\/\/www.lovgasmstore.com\/index.php\/wp-json\/wp\/v2\/types\/product"}],"replies":[{"embeddable":true,"href":"https:\/\/www.lovgasmstore.com\/index.php\/wp-json\/wp\/v2\/comments?post=6601"}],"version-history":[{"count":1,"href":"https:\/\/www.lovgasmstore.com\/index.php\/wp-json\/wp\/v2\/product\/6601\/revisions"}],"predecessor-version":[{"id":6608,"href":"https:\/\/www.lovgasmstore.com\/index.php\/wp-json\/wp\/v2\/product\/6601\/revisions\/6608"}],"wp:featuredmedia":[{"embeddable":true,"href":"https:\/\/www.lovgasmstore.com\/index.php\/wp-json\/wp\/v2\/media\/6602"}],"wp:attachment":[{"href":"https:\/\/www.lovgasmstore.com\/index.php\/wp-json\/wp\/v2\/media?parent=6601"}],"wp:term":[{"taxonomy":"product_brand","embeddable":true,"href":"https:\/\/www.lovgasmstore.com\/index.php\/wp-json\/wp\/v2\/product_brand?post=6601"},{"taxonomy":"product_cat","embeddable":true,"href":"https:\/\/www.lovgasmstore.com\/index.php\/wp-json\/wp\/v2\/product_cat?post=6601"},{"taxonomy":"product_tag","embeddable":true,"href":"https:\/\/www.lovgasmstore.com\/index.php\/wp-json\/wp\/v2\/product_tag?post=6601"}],"curies":[{"name":"wp","href":"https:\/\/api.w.org\/{rel}","templated":true}]}}