{"id":6590,"date":"2025-05-15T16:26:40","date_gmt":"2025-05-15T14:26:40","guid":{"rendered":"https:\/\/www.lovgasmstore.com\/?post_type=product&#038;p=6590"},"modified":"2025-05-15T16:26:40","modified_gmt":"2025-05-15T14:26:40","slug":"lelo-nea-3","status":"publish","type":"product","link":"https:\/\/www.lovgasmstore.com\/index.php\/prodotto\/lelo-nea-3\/","title":{"rendered":"LELO &#8211; NEA 3"},"content":{"rendered":"<p>NEA 3 \u00e8 un massaggiatore personale di piccole dimensioni, ideale per le coppie che vogliono\u2122 aprire le porte della sensualit\u00e0 nella loro relazione. Contiene un esclusivo design floreale e offre dieci modalit\u00e0 di piacere con varie intensit\u00e0. Si tratta di un dispositivo di piacere multisensoriale, discreto ma potente, adatto per il divertimento da soli o per giocare in coppia.<\/p>\n<p>&nbsp;<\/p>\n<p><strong>PRONTO A VIAGGIARE: il<\/strong>\u00a0suo design compatto e discreto ti consente di portare NEA\u2122 3 con te ovunque tu vada.<\/p>\n<p><strong>10 POTENTI MODALIT\u00c0 DI VIBRAZIONE:<\/strong>\u00a0NEA 3 offre dieci modelli di\u2122 vibrazione con intensit\u00e0 variabili; dai tocchi morbidi agli impulsi molto eccitanti.<\/p>\n<p><strong>RICARICABILE TRAMITE USB E IMPERMEABILE AL 100% SECONDO LO STANDARD IPX7<\/strong>: goditi orgasmi illimitati sempre e ovunque, incluso il bagno o la doccia.<\/p>\n<p>&nbsp;<\/p>\n<div><strong>CARATTERISTICHE:<\/strong><\/div>\n<div><strong>Materiali:<\/strong>\u00a0Silicone biocompatibile e plastica ABS<\/div>\n<div><strong>Finitura: Liscio<\/strong><\/div>\n<div><strong>Dimensioni<\/strong>:\u00a039 x 34 x 74 mm<\/div>\n<div><strong>Peso<\/strong>:\u00a045\u00a0g<\/div>\n<div><strong>Batteria<\/strong>:\u00a0Li-ion 3,7 V con 300 mAh<\/div>\n<div><strong>Ricarica<\/strong>: fino a 2 ore<\/div>\n<div><strong>Potenziale nominale<\/strong>:\u00a0Ingresso: 5 V 1,5 W \/\/ Uscita: 3,7 V 0,7 W<\/div>\n<div><strong>Tempo di utilizzo<\/strong>: fino a 2 ore<\/div>\n<div><strong>Standby<\/strong>: fino a 90 giorni<\/div>\n<div><strong>Frequenza:<\/strong>\u00a093 Hz<\/div>\n<div><strong>Livello di rumore massimo:\u00a0<\/strong>&lt; 60 dB<\/div>\n<div><strong>Interfaccia<\/strong>: 2 pulsanti<\/div>\n<div><\/div>\n<div><\/div>\n<div>\n<div><strong>ISTRUZIONI PER L&#8217;USO:<\/strong><\/div>\n<ul>\n<li>Prima del primo utilizzo, caricare il tuo\u00a0NEA\u2122 3\u00a0per 2 ore.<\/li>\n<li>L&#8217;interfaccia dell&#8217;apparecchio potrebbe\u00a0essere bloccata.\u00a0Tenere premuti entrambi i pulsanti per 5 secondi.<\/li>\n<li>Tieni premuto il pulsante destro per accenderlo.<\/li>\n<li>Tocca rapidamente due volte per cambiare modalit\u00e0.<\/li>\n<li>Premere il pulsante sinistro o destro per un momento semi-lungo per aumentare o diminuire l&#8217;intensit\u00e0.<\/li>\n<li>Tieni premuto il pulsante sinistro per spegnerlo.<\/li>\n<\/ul>\n<\/div>\n","protected":false},"excerpt":{"rendered":"<p>NEA 3 \u00e8 un massaggiatore personale di piccole dimensioni, ideale per le coppie che vogliono\u2122 aprire le porte della sensualit\u00e0 nella loro relazione. Contiene un esclusivo<span class=\"excerpt-hellip\"> [\u2026]<\/span><\/p>\n","protected":false},"featured_media":6591,"comment_status":"open","ping_status":"closed","template":"","meta":[],"product_brand":[],"product_cat":[226,219,225],"product_tag":[170,188,165,178],"class_list":{"0":"post-6590","1":"product","2":"type-product","3":"status-publish","4":"has-post-thumbnail","6":"product_cat-massaggiatore","7":"product_cat-vagina","8":"product_cat-vibratore","9":"product_tag-donna","10":"product_tag-massaggiatore","11":"product_tag-sextoys","12":"product_tag-vibratore","14":"first","15":"instock","16":"taxable","17":"shipping-taxable","18":"purchasable","19":"product-type-simple"},"_links":{"self":[{"href":"https:\/\/www.lovgasmstore.com\/index.php\/wp-json\/wp\/v2\/product\/6590","targetHints":{"allow":["GET"]}}],"collection":[{"href":"https:\/\/www.lovgasmstore.com\/index.php\/wp-json\/wp\/v2\/product"}],"about":[{"href":"https:\/\/www.lovgasmstore.com\/index.php\/wp-json\/wp\/v2\/types\/product"}],"replies":[{"embeddable":true,"href":"https:\/\/www.lovgasmstore.com\/index.php\/wp-json\/wp\/v2\/comments?post=6590"}],"version-history":[{"count":1,"href":"https:\/\/www.lovgasmstore.com\/index.php\/wp-json\/wp\/v2\/product\/6590\/revisions"}],"predecessor-version":[{"id":6596,"href":"https:\/\/www.lovgasmstore.com\/index.php\/wp-json\/wp\/v2\/product\/6590\/revisions\/6596"}],"wp:featuredmedia":[{"embeddable":true,"href":"https:\/\/www.lovgasmstore.com\/index.php\/wp-json\/wp\/v2\/media\/6591"}],"wp:attachment":[{"href":"https:\/\/www.lovgasmstore.com\/index.php\/wp-json\/wp\/v2\/media?parent=6590"}],"wp:term":[{"taxonomy":"product_brand","embeddable":true,"href":"https:\/\/www.lovgasmstore.com\/index.php\/wp-json\/wp\/v2\/product_brand?post=6590"},{"taxonomy":"product_cat","embeddable":true,"href":"https:\/\/www.lovgasmstore.com\/index.php\/wp-json\/wp\/v2\/product_cat?post=6590"},{"taxonomy":"product_tag","embeddable":true,"href":"https:\/\/www.lovgasmstore.com\/index.php\/wp-json\/wp\/v2\/product_tag?post=6590"}],"curies":[{"name":"wp","href":"https:\/\/api.w.org\/{rel}","templated":true}]}}