{"id":6583,"date":"2025-05-15T16:19:09","date_gmt":"2025-05-15T14:19:09","guid":{"rendered":"https:\/\/www.lovgasmstore.com\/?post_type=product&#038;p=6583"},"modified":"2025-05-15T16:19:09","modified_gmt":"2025-05-15T14:19:09","slug":"lelo-f1s-v3","status":"publish","type":"product","link":"https:\/\/www.lovgasmstore.com\/index.php\/prodotto\/lelo-f1s-v3\/","title":{"rendered":"LELO &#8211; F1S V3"},"content":{"rendered":"<p><strong>L&#8217;F1S\u2122 V3<\/strong>\u00a0\u00e8 una console per il piacere connessa all&#8217;app che abbiamo migliorato con funzionalit\u00e0 avanzate che possono realizzare le tue pi\u00f9 grandi fantasie. Ora puoi trovarlo in una taglia normale e in una nuova taglia XL. Questo dispositivo ha otto modalit\u00e0 di vibrazione, inclusa la modalit\u00e0 interattiva con intelligenza artificiale che abbiamo appena sviluppato. \u00c8 possibile accedere a questa modalit\u00e0 altamente sensibile dall&#8217;app LELO. Realizzato con il miglior silicone liquido e dotato di scanalature autoregolanti,\u00a0<strong>l&#8217;F1S\u2122 V3<\/strong>\u00a0promette un tocco di lusso che accentua qualsiasi sensazione. I suoi due motori sincronizzati stimolano il pene e le sue terminazioni nervose, permettendone l&#8217;utilizzo a mani libere.<\/p>\n<p>&nbsp;<\/p>\n<p><strong><u>CARATTERISTICHE:<\/u><\/strong><\/p>\n<ul>\n<li>Materiali: Silicone biocompatibile, lega di alluminio, LEXAN\u2122 141R<\/li>\n<li>Dimensioni: 144 x \u03a6 72 mm<\/li>\n<li>Lunghezza inseribile: 110 mm<\/li>\n<li>Diametro: da 40 mm a 60 mm<\/li>\n<li>Peso: 314 g<\/li>\n<li>Batteria: 850mAh 3.7V agli ioni di litio<\/li>\n<li>Ricarica: 2 ore a 5 V 850 mA<\/li>\n<li>Potenza nominale: Ingresso: 5 V 3,75 W<\/li>\n<li>Uscita: 3,7 V 1,5 W<\/li>\n<li>Tempo di utilizzo: fino a 2 ore<\/li>\n<li>Standby: 90 giorni<\/li>\n<li>Frequenza: Motore di aspirazione: 64 Hz<\/li>\n<li>Motore a vibrazione: 93 Hz<\/li>\n<li>Livello di rumore massimo: &lt;75 dB<\/li>\n<li>Interfaccia: 3 pulsanti<\/li>\n<\/ul>\n","protected":false},"excerpt":{"rendered":"<p>L&#8217;F1S\u2122 V3\u00a0\u00e8 una console per il piacere connessa all&#8217;app che abbiamo migliorato con funzionalit\u00e0 avanzate che possono realizzare le tue pi\u00f9 grandi fantasie. Ora puoi trovarlo<span class=\"excerpt-hellip\"> [\u2026]<\/span><\/p>\n","protected":false},"featured_media":6584,"comment_status":"open","ping_status":"closed","template":"","meta":[],"product_brand":[],"product_cat":[229,220],"product_tag":[206,181,165,182],"class_list":{"0":"post-6583","1":"product","2":"type-product","3":"status-publish","4":"has-post-thumbnail","6":"product_cat-masturbatori","7":"product_cat-pene","8":"product_tag-masturbatore","9":"product_tag-pene","10":"product_tag-sextoys","11":"product_tag-uomo","13":"first","14":"instock","15":"taxable","16":"shipping-taxable","17":"purchasable","18":"product-type-simple"},"_links":{"self":[{"href":"https:\/\/www.lovgasmstore.com\/index.php\/wp-json\/wp\/v2\/product\/6583","targetHints":{"allow":["GET"]}}],"collection":[{"href":"https:\/\/www.lovgasmstore.com\/index.php\/wp-json\/wp\/v2\/product"}],"about":[{"href":"https:\/\/www.lovgasmstore.com\/index.php\/wp-json\/wp\/v2\/types\/product"}],"replies":[{"embeddable":true,"href":"https:\/\/www.lovgasmstore.com\/index.php\/wp-json\/wp\/v2\/comments?post=6583"}],"version-history":[{"count":1,"href":"https:\/\/www.lovgasmstore.com\/index.php\/wp-json\/wp\/v2\/product\/6583\/revisions"}],"predecessor-version":[{"id":6589,"href":"https:\/\/www.lovgasmstore.com\/index.php\/wp-json\/wp\/v2\/product\/6583\/revisions\/6589"}],"wp:featuredmedia":[{"embeddable":true,"href":"https:\/\/www.lovgasmstore.com\/index.php\/wp-json\/wp\/v2\/media\/6584"}],"wp:attachment":[{"href":"https:\/\/www.lovgasmstore.com\/index.php\/wp-json\/wp\/v2\/media?parent=6583"}],"wp:term":[{"taxonomy":"product_brand","embeddable":true,"href":"https:\/\/www.lovgasmstore.com\/index.php\/wp-json\/wp\/v2\/product_brand?post=6583"},{"taxonomy":"product_cat","embeddable":true,"href":"https:\/\/www.lovgasmstore.com\/index.php\/wp-json\/wp\/v2\/product_cat?post=6583"},{"taxonomy":"product_tag","embeddable":true,"href":"https:\/\/www.lovgasmstore.com\/index.php\/wp-json\/wp\/v2\/product_tag?post=6583"}],"curies":[{"name":"wp","href":"https:\/\/api.w.org\/{rel}","templated":true}]}}