{"id":6534,"date":"2025-05-15T15:01:26","date_gmt":"2025-05-15T13:01:26","guid":{"rendered":"https:\/\/www.lovgasmstore.com\/?post_type=product&#038;p=6534"},"modified":"2025-05-15T15:01:26","modified_gmt":"2025-05-15T13:01:26","slug":"hidden-desire-banger-babe-pamela","status":"publish","type":"product","link":"https:\/\/www.lovgasmstore.com\/index.php\/prodotto\/hidden-desire-banger-babe-pamela\/","title":{"rendered":"HIDDEN DESIRE &#8211; BANGER BABE PAMELA"},"content":{"rendered":"<p>Specifiche: Numero di scarpe: 36 EU | Taglia abbigliamento: S, M &#8211; EU 36\/38 | Busto: 95 cm | Girovita: 54 cm | Circonferenza fianchi: 97 cm.<\/p>\n<p>Pamela \u00e8 una grande bambola dell&#8217;amore a grandezza naturale realizzata con materiali di prima qualit\u00e0 come il morbido TPE. Il design presenta un robusto scheletro in acciaio per la massima durata e un uso indipendente e la flessibilit\u00e0 di posizionare il polso nella posizione desiderata. Ogni signora di Bangers Babes dispone di canali realistici orali, vaginali e anali che possono essere riscaldati se lo si desidera. Altri dettagli realistici includono parrucchini di qualit\u00e0, unghie finte e tratti del viso delicati. Soddisfacendo uno standard di qualit\u00e0 eccezionale, questa affascinante signora sar\u00e0 il tuo giocattolo preferito per molti anni a venire.<\/p>\n<p>Questa bambola di lusso \u00e8 dotata di una vasta gamma di accessori per mantenere la tua donna sempre al meglio! Nella confezione sono inclusi due set di lingerie birichina, il detergente per giocattoli di qualit\u00e0 S8, il lubrificante setoso S8, la polvere rinnovabile S8, i guanti di cotone bianco per muovere\/manipolare il polso, un set di unghie di ricambio, una bacchetta riscaldante USB, un irrigatore detergente, una spazzola per capelli e istruzioni dettagliate per la cura. Se vuoi il vero affare, questo Bangers Babe \u00e8 il tuo abbinamento perfetto e piacevole! Si prega di notare che, a causa delle sue dimensioni e del suo peso, questo articolo non viene fornito nella confezione convenzionale del prodotto e verr\u00e0 invece spedito in una discreta scatola di cartone.<\/p>\n<p><strong>TRATTI SOMATICI<\/strong><\/p>\n<ul>\n<li>Lunghezza totale: 161 cm<\/li>\n<li>Lunghezza inseribile: Profondit\u00e0 vaginale: 18 cm | Profondit\u00e0 anale: 18 cm | Profondit\u00e0 della bocca: 15 cm<\/li>\n<li>Resistenza all&#8217;acqua: Impermeabile<\/li>\n<li>Sicuro per il corpo: S\u00ec<\/li>\n<li>Materiale: TPE<\/li>\n<\/ul>\n<p>La collezione Banger Babes \u00e8 una gamma premium di bambole dell&#8217;amore a grandezza naturale, che sembrano davvero vere! Queste donne sexy sono sempre pronte per una sensazionale sessione di divertimento intimo e non diranno mai di no alle tue richieste maliziose. La loro costruzione premium ti assicura di poterli piegare in una variet\u00e0 di posizioni sessuali, mentre i loro buchi dell&#8217;amore realistici hanno una consistenza sensuale per la massima soddisfazione. Banger Babes aderisce ai pi\u00f9 alti standard di qualit\u00e0 nelle bambole dell&#8217;amore e vuole essere il tuo nuovo giocattolo preferito per molte sessioni sexy a venire. Vestili su o gi\u00f9, come desideri ed esplora i loro corpi sexy, i buchi dell&#8217;amore e le curve piacevoli quando e dove vuoi!<\/p>\n","protected":false},"excerpt":{"rendered":"<p>Specifiche: Numero di scarpe: 36 EU | Taglia abbigliamento: S, M &#8211; EU 36\/38 | Busto: 95 cm | Girovita: 54 cm | Circonferenza fianchi: 97<span class=\"excerpt-hellip\"> [\u2026]<\/span><\/p>\n","protected":false},"featured_media":6535,"comment_status":"open","ping_status":"closed","template":"","meta":[],"product_brand":[],"product_cat":[326,220],"product_tag":[330,327,206,181,182],"class_list":{"0":"post-6534","1":"product","2":"type-product","3":"status-publish","4":"has-post-thumbnail","6":"product_cat-love-dolls","7":"product_cat-pene","8":"product_tag-bambola","9":"product_tag-dolls","10":"product_tag-masturbatore","11":"product_tag-pene","12":"product_tag-uomo","14":"first","15":"instock","16":"taxable","17":"shipping-taxable","18":"purchasable","19":"product-type-simple"},"_links":{"self":[{"href":"https:\/\/www.lovgasmstore.com\/index.php\/wp-json\/wp\/v2\/product\/6534","targetHints":{"allow":["GET"]}}],"collection":[{"href":"https:\/\/www.lovgasmstore.com\/index.php\/wp-json\/wp\/v2\/product"}],"about":[{"href":"https:\/\/www.lovgasmstore.com\/index.php\/wp-json\/wp\/v2\/types\/product"}],"replies":[{"embeddable":true,"href":"https:\/\/www.lovgasmstore.com\/index.php\/wp-json\/wp\/v2\/comments?post=6534"}],"version-history":[{"count":1,"href":"https:\/\/www.lovgasmstore.com\/index.php\/wp-json\/wp\/v2\/product\/6534\/revisions"}],"predecessor-version":[{"id":6546,"href":"https:\/\/www.lovgasmstore.com\/index.php\/wp-json\/wp\/v2\/product\/6534\/revisions\/6546"}],"wp:featuredmedia":[{"embeddable":true,"href":"https:\/\/www.lovgasmstore.com\/index.php\/wp-json\/wp\/v2\/media\/6535"}],"wp:attachment":[{"href":"https:\/\/www.lovgasmstore.com\/index.php\/wp-json\/wp\/v2\/media?parent=6534"}],"wp:term":[{"taxonomy":"product_brand","embeddable":true,"href":"https:\/\/www.lovgasmstore.com\/index.php\/wp-json\/wp\/v2\/product_brand?post=6534"},{"taxonomy":"product_cat","embeddable":true,"href":"https:\/\/www.lovgasmstore.com\/index.php\/wp-json\/wp\/v2\/product_cat?post=6534"},{"taxonomy":"product_tag","embeddable":true,"href":"https:\/\/www.lovgasmstore.com\/index.php\/wp-json\/wp\/v2\/product_tag?post=6534"}],"curies":[{"name":"wp","href":"https:\/\/api.w.org\/{rel}","templated":true}]}}