{"id":6494,"date":"2025-05-15T12:57:13","date_gmt":"2025-05-15T10:57:13","guid":{"rendered":"https:\/\/www.lovgasmstore.com\/?post_type=product&#038;p=6494"},"modified":"2025-05-15T13:10:26","modified_gmt":"2025-05-15T11:10:26","slug":"bathmate-hydroxtreme-11-pis","status":"publish","type":"product","link":"https:\/\/www.lovgasmstore.com\/index.php\/prodotto\/bathmate-hydroxtreme-11-pis\/","title":{"rendered":"BATHMATE &#8211; HYDROXTREME 11 PIS"},"content":{"rendered":"<p>Scopri HYDROXTREME 11<\/p>\n<p>L&#8217;HYDROXTREME 11 porta il tuo allenamento in idroterapia a un livello completamente nuovo. \u00c8 la nostra pompa pi\u00f9 potente fino ad oggi con lo stesso design unico brevettato a livello globale e viene fornita con molte aggiunte. \u00c8 inclusa una pompa a sfera che funziona in acqua per una sensazione di pompaggio pi\u00f9 estrema, il massimo guadagno e il vantaggio del comfort e del controllo assoluto.<\/p>\n<p>Grazie all&#8217;enorme potenziale della potenza idraulica, Bathmate pu\u00f2 esercitare una potenza di aspirazione maggiore rispetto ai suoi concorrenti, costringendo l&#8217;espansione dei corpi cavernosi e aumentando le dimensioni del pene in un tempo minimo. Con Bathmate puoi ottenere un discreto e placido aumento delle dimensioni nella privacy della tua vasca da bagno o doccia.<\/p>\n<p>Migliaia di uomini che hanno gi\u00e0 apprezzato Bathmate sono rimasti piacevolmente sorpresi dai rapidi risultati raggiunti. Con l&#8217;uso di Bathmate possiamo ottenere la lunghezza e lo spessore extra che abbiamo sempre desiderato.<\/p>\n<p>Forse non sapevi che puoi aumentare notevolmente le dimensioni del tuo pene, nel comfort e nella privacy del tuo bagno con risultati sorprendenti, in soli 15-20 minuti al giorno per 6 settimane. Con Bathmate otterrai un pene molto pi\u00f9 spesso, pi\u00f9 lungo e pi\u00f9 sano, dandoti guadagni permanenti, che possono essere goduti per sempre!<\/p>\n<p>Molti uomini stanno usando questo dispositivo in questo momento, seduti nella vasca da bagno o nella doccia&#8230; ottenere risultati immediati, efficaci e in rapida progressione solo con Bathmate.<\/p>\n<p>Come usarlo?<\/p>\n<ul>\n<li>1) Riempi la vasca da bagno con acqua.<\/li>\n<li>2) Una volta nella vasca, mettere il Bathmate sotto l&#8217;acqua fino a quando non \u00e8 completamente pieno. Il pene viene quindi inserito all&#8217;interno e poggia sulla base del bacino.<\/li>\n<li>3) Spingi ripetutamente il compagno di bagno verso di te. Questo aziona il meccanismo di contrazione idraulica della base della pompa, creando l&#8217;effetto vuoto. Inizierai a sentire la pressione aumentare. Quando l&#8217;acqua viene evacuata dall&#8217;interno attraverso la valvola superiore, il pene si espande sempre di pi\u00f9.<\/li>\n<li>4) Una volta che non puoi pi\u00f9 pompare, riposa semplicemente per cinque minuti. L&#8217;aspirapolvere pi\u00f9 ottimale \u00e8 quando non \u00e8 pi\u00f9 possibile espellere l&#8217;acqua dall&#8217;interno del Bathmate.<\/li>\n<li>5) Ripetere l&#8217;operazione di pompaggio ogni quattro o cinque minuti, riposare e ripetere la manovra. Questa operazione deve essere ripetuta, in quanto in ogni ciclo di compressione, c&#8217;\u00e8 un momento in cui non \u00e8 pi\u00f9 possibile estrarre acqua.<\/li>\n<li>6) Se si ritiene che la pressione sia troppo forte, rilasciare leggermente la valvola superiore. Ricordati di farlo in acqua per evitare che l&#8217;aria entri. Dopo 15-20 minuti di utilizzo, ridurre la pressione premendo il rilascio di pressione sulla parte superiore del Bathmate. Quindi alzati e controlla i risultati immediati. Non rimarrete delusi!<\/li>\n<li>8) Si consiglia di utilizzare da 15 a 20 minuti per sessione, tre volte a settimana per ottenere i migliori risultati.<\/li>\n<\/ul>\n","protected":false},"excerpt":{"rendered":"<p>Scopri HYDROXTREME 11 L&#8217;HYDROXTREME 11 porta il tuo allenamento in idroterapia a un livello completamente nuovo. \u00c8 la nostra pompa pi\u00f9 potente fino ad oggi con<span class=\"excerpt-hellip\"> [\u2026]<\/span><\/p>\n","protected":false},"featured_media":6495,"comment_status":"open","ping_status":"closed","template":"","meta":[],"product_brand":[],"product_cat":[232,220],"product_tag":[324,181,314,165,182],"class_list":{"0":"post-6494","1":"product","2":"type-product","3":"status-publish","4":"has-post-thumbnail","6":"product_cat-estensioni-del-pene-e-pumps","7":"product_cat-pene","8":"product_tag-estensione","9":"product_tag-pene","10":"product_tag-pompetta","11":"product_tag-sextoys","12":"product_tag-uomo","14":"first","15":"instock","16":"sale","17":"taxable","18":"shipping-taxable","19":"purchasable","20":"product-type-simple"},"_links":{"self":[{"href":"https:\/\/www.lovgasmstore.com\/index.php\/wp-json\/wp\/v2\/product\/6494","targetHints":{"allow":["GET"]}}],"collection":[{"href":"https:\/\/www.lovgasmstore.com\/index.php\/wp-json\/wp\/v2\/product"}],"about":[{"href":"https:\/\/www.lovgasmstore.com\/index.php\/wp-json\/wp\/v2\/types\/product"}],"replies":[{"embeddable":true,"href":"https:\/\/www.lovgasmstore.com\/index.php\/wp-json\/wp\/v2\/comments?post=6494"}],"version-history":[{"count":1,"href":"https:\/\/www.lovgasmstore.com\/index.php\/wp-json\/wp\/v2\/product\/6494\/revisions"}],"predecessor-version":[{"id":6498,"href":"https:\/\/www.lovgasmstore.com\/index.php\/wp-json\/wp\/v2\/product\/6494\/revisions\/6498"}],"wp:featuredmedia":[{"embeddable":true,"href":"https:\/\/www.lovgasmstore.com\/index.php\/wp-json\/wp\/v2\/media\/6495"}],"wp:attachment":[{"href":"https:\/\/www.lovgasmstore.com\/index.php\/wp-json\/wp\/v2\/media?parent=6494"}],"wp:term":[{"taxonomy":"product_brand","embeddable":true,"href":"https:\/\/www.lovgasmstore.com\/index.php\/wp-json\/wp\/v2\/product_brand?post=6494"},{"taxonomy":"product_cat","embeddable":true,"href":"https:\/\/www.lovgasmstore.com\/index.php\/wp-json\/wp\/v2\/product_cat?post=6494"},{"taxonomy":"product_tag","embeddable":true,"href":"https:\/\/www.lovgasmstore.com\/index.php\/wp-json\/wp\/v2\/product_tag?post=6494"}],"curies":[{"name":"wp","href":"https:\/\/api.w.org\/{rel}","templated":true}]}}