{"id":6477,"date":"2025-05-15T12:19:00","date_gmt":"2025-05-15T10:19:00","guid":{"rendered":"https:\/\/www.lovgasmstore.com\/?post_type=product&#038;p=6477"},"modified":"2025-05-15T12:19:00","modified_gmt":"2025-05-15T10:19:00","slug":"darkness-corda-giapponese-in-iuta","status":"publish","type":"product","link":"https:\/\/www.lovgasmstore.com\/index.php\/prodotto\/darkness-corda-giapponese-in-iuta\/","title":{"rendered":"DARKNESS &#8211; CORDA GIAPPONESE IN IUTA"},"content":{"rendered":"<p>\u00c8 una corda da dominazione, da utilizzare nei giochi di bondage.<\/p>\n<p>Hai fantasticato sui giochi di dominazione erotica? Allora questo sar\u00e0 il prodotto che fa per te! Assicurati che il tuo schiavo non possa muoversi mentre cerca di sedurre.<\/p>\n<p>Lega il tuo partner nella posizione che desideri. In questo modo avrai libero sfogo per fare tutto ci\u00f2 che vuoi. Se sei un tipo sottomesso e vuoi essere quello che \u00e8 legato, allora questo sar\u00e0 il regalo perfetto per il tuo insegnante.<\/p>\n<ul>\n<li>Lunghezza: 5 metri<\/li>\n<li>Materiale: Iuta<\/li>\n<\/ul>\n<p><strong>IL MARCHIO<\/strong><\/p>\n<p>Darkness \u00e8 un marchio di nuova generazione 2020, tutti i nostri materiali sono di ottima qualit\u00e0 garantendo che la fabbricazione comprometta un risultato perfetto per principianti o avanzati che amano il mondo Fetish o bdsm.<\/p>\n","protected":false},"excerpt":{"rendered":"<p>\u00c8 una corda da dominazione, da utilizzare nei giochi di bondage. Hai fantasticato sui giochi di dominazione erotica? Allora questo sar\u00e0 il prodotto che fa per<span class=\"excerpt-hellip\"> [\u2026]<\/span><\/p>\n","protected":false},"featured_media":6478,"comment_status":"open","ping_status":"closed","template":"","meta":[],"product_brand":[],"product_cat":[223,250],"product_tag":[174,175,317,165],"class_list":{"0":"post-6477","1":"product","2":"type-product","3":"status-publish","4":"has-post-thumbnail","6":"product_cat-bondage","7":"product_cat-corde-e-frustini","8":"product_tag-bdsm","9":"product_tag-bondage","10":"product_tag-corde","11":"product_tag-sextoys","13":"first","14":"instock","15":"taxable","16":"shipping-taxable","17":"purchasable","18":"product-type-simple"},"_links":{"self":[{"href":"https:\/\/www.lovgasmstore.com\/index.php\/wp-json\/wp\/v2\/product\/6477","targetHints":{"allow":["GET"]}}],"collection":[{"href":"https:\/\/www.lovgasmstore.com\/index.php\/wp-json\/wp\/v2\/product"}],"about":[{"href":"https:\/\/www.lovgasmstore.com\/index.php\/wp-json\/wp\/v2\/types\/product"}],"replies":[{"embeddable":true,"href":"https:\/\/www.lovgasmstore.com\/index.php\/wp-json\/wp\/v2\/comments?post=6477"}],"version-history":[{"count":1,"href":"https:\/\/www.lovgasmstore.com\/index.php\/wp-json\/wp\/v2\/product\/6477\/revisions"}],"predecessor-version":[{"id":6482,"href":"https:\/\/www.lovgasmstore.com\/index.php\/wp-json\/wp\/v2\/product\/6477\/revisions\/6482"}],"wp:featuredmedia":[{"embeddable":true,"href":"https:\/\/www.lovgasmstore.com\/index.php\/wp-json\/wp\/v2\/media\/6478"}],"wp:attachment":[{"href":"https:\/\/www.lovgasmstore.com\/index.php\/wp-json\/wp\/v2\/media?parent=6477"}],"wp:term":[{"taxonomy":"product_brand","embeddable":true,"href":"https:\/\/www.lovgasmstore.com\/index.php\/wp-json\/wp\/v2\/product_brand?post=6477"},{"taxonomy":"product_cat","embeddable":true,"href":"https:\/\/www.lovgasmstore.com\/index.php\/wp-json\/wp\/v2\/product_cat?post=6477"},{"taxonomy":"product_tag","embeddable":true,"href":"https:\/\/www.lovgasmstore.com\/index.php\/wp-json\/wp\/v2\/product_tag?post=6477"}],"curies":[{"name":"wp","href":"https:\/\/api.w.org\/{rel}","templated":true}]}}