{"id":6424,"date":"2025-05-13T14:04:50","date_gmt":"2025-05-13T12:04:50","guid":{"rendered":"https:\/\/www.lovgasmstore.com\/?post_type=product&#038;p=6424"},"modified":"2025-05-13T14:35:39","modified_gmt":"2025-05-13T12:35:39","slug":"jamyjob-xpand-pompa-automatica","status":"publish","type":"product","link":"https:\/\/www.lovgasmstore.com\/index.php\/prodotto\/jamyjob-xpand-pompa-automatica\/","title":{"rendered":"JAMYJOB &#8211;  XPAND POMPA AUTOMATICA"},"content":{"rendered":"<p>La pompa automatica per l&#8217;estensione del pene\u00a0<strong>XPAND\u00a0<\/strong><strong>del marchio JAMYJOB\u00a0<\/strong>\u00e8 un dispositivo high-tech progettato per migliorare l&#8217;esperienza maschile, sia in termini di piacere che di sviluppo. Con un design moderno e funzionalit\u00e0 avanzate,\u00a0<strong>XPAND\u00a0<\/strong>offre un modo sicuro ed efficace per aumentare le dimensioni e migliorare le prestazioni. Le sue caratteristiche principali sono descritte di seguito:<\/p>\n<p>&nbsp;<\/p>\n<p><u><strong>CARATTERISTICHE:<\/strong><\/u><\/p>\n<p>&nbsp;<\/p>\n<ul>\n<li><strong>Design elegante e funzionale:<\/strong>\u00a0Il corpo della pompa \u00e8 realizzato in un elegante colore grigio, completato da accenti neri e rossi, che gli conferiscono un aspetto moderno e sobrio. Il suo design ergonomico ne facilita l&#8217;uso e garantisce comfort durante il processo di aspirazione ed estensione.<\/li>\n<li><strong>Motore potente:<\/strong>\u00a0Dotata di un motore ad alte prestazioni, la pompa\u00a0<strong>XPAND\u00a0<\/strong>offre un&#8217;aspirazione forte e costante che consente un uso efficiente, contribuendo a massimizzare i risultati in meno tempo. Il motore garantisce un funzionamento silenzioso ed efficace.<\/li>\n<li><strong>3 modalit\u00e0 di aspirazione:<\/strong>\u00a0<strong>L&#8217;XPAND\u00a0<\/strong>ha tre diverse modalit\u00e0 di aspirazione, che variano in intensit\u00e0 e ritmo. Queste modalit\u00e0 consentono all&#8217;utente di personalizzare l&#8217;esperienza in base alle proprie esigenze, offrendo da un&#8217;aspirazione delicata e progressiva a un&#8217;aspirazione pi\u00f9 intensa per risultati pi\u00f9 rapidi.<\/li>\n<li><strong>Controllo del livello:\u00a0<\/strong>Il dispositivo incorpora un sistema di controllo del livello, che consente di regolare con precisione l&#8217;intensit\u00e0 di aspirazione. Ci\u00f2 garantisce che ogni utente possa selezionare il livello pi\u00f9 comodo ed efficace per il proprio obiettivo personale.<\/li>\n<li><strong>Taglie adatte a tutte le taglie:<\/strong>\u00a0La pompa ha dimensioni totali di 30 cm di lunghezza, con 20 cm inseribili e un diametro totale di 6,5 cm, che la rendono adatta a un&#8217;ampia variet\u00e0 di dimensioni. L&#8217;ingresso di 6 cm garantisce una vestibilit\u00e0 comoda e sicura per l&#8217;utente.<\/li>\n<li><strong>Materiali di alta qualit\u00e0:\u00a0<\/strong>Realizzato con silicone super morbido e privo di ftalati,\u00a0<strong>l&#8217;XPAND\u00a0<\/strong>offre una texture piacevole al tatto, completamente sicura per il corpo. Questo materiale \u00e8 ipoallergenico e progettato per garantire comfort durante l&#8217;uso.<\/li>\n<li><strong>USB ricaricabile:<\/strong>\u00a0Il dispositivo \u00e8 completamente ricaricabile tramite USB, il che lo rende comodo ed ecologico. La batteria a lunga durata garantisce molteplici utilizzi prima di richiedere una ricarica e la sua porta USB lo rende facile da usare ovunque.<\/li>\n<li><strong>Impermeabile:<\/strong>\u00a0La pompa\u00a0<strong>XPAND\u00a0<\/strong>\u00e8 impermeabile, consentendone l&#8217;utilizzo sotto la doccia o in altri ambienti umidi, oltre a facilitarne la pulizia, assicurando che il dispositivo venga mantenuto in condizioni ottimali dopo ogni utilizzo.<\/li>\n<li><strong>Facile da pulire:\u00a0<\/strong>Il design del dispositivo \u00e8 pensato per essere facile da smontare e pulire, garantendo un&#8217;igiene ottimale e prolungando la vita del prodotto.<\/li>\n<\/ul>\n<p>La pompa\u00a0<strong>XPAND\u00a0<\/strong>Extender \u00e8 ideale per gli uomini che desiderano migliorare le proprie dimensioni e prestazioni con un prodotto affidabile, sicuro ed efficace. La sua combinazione di design accattivante, tecnologia avanzata e facilit\u00e0 d&#8217;uso lo rende una scelta eccezionale per coloro che desiderano un&#8217;esperienza personalizzata e confortevole.<\/p>\n<p>&nbsp;<\/p>\n<p><strong>MATERIALE E CURA<\/strong><\/p>\n<p><strong>Jamyjob<\/strong>\u00a0\u00e8 un giocattolo impermeabile realizzato in silicone medico morbido e setoso, che \u00e8 estremamente scivoloso e assorbe rapidamente il calore dal tuo corpo. Il giocattolo pu\u00f2 essere facilmente pulito con un po&#8217; di sapone sotto l&#8217;acqua tiepida. Con un po&#8217; di detergente disinfettante per giocattoli, \u00e8 possibile garantire un&#8217;igiene particolarmente accurata, idealmente con lo spray disinfettante perfettamente coordinato di Waterfeel. Per il massimo piacere, usa sempre il tuo giocattolo con uno dei lubrificanti a base d&#8217;acqua di Waterfeel che si adattano perfettamente al prodotto. Sono disponibili nelle versioni classica, setosa e calda. La composizione vegana a base d&#8217;acqua protegge il materiale e mantiene la superficie del tuo giocattolo bella e morbida.<\/p>\n<p>La pompa automatica per l&#8217;estensione del pene\u00a0<strong>XPAND\u00a0<\/strong><strong>del marchio JAMYJOB\u00a0<\/strong>\u00e8 un dispositivo high-tech progettato per migliorare l&#8217;esperienza maschile, sia in termini di piacere che di sviluppo. Con un design moderno e funzionalit\u00e0 avanzate,\u00a0<strong>XPAND\u00a0<\/strong>offre un modo sicuro ed efficace per aumentare le dimensioni e migliorare le prestazioni. Le sue caratteristiche principali sono descritte di seguito:<\/p>\n<p>&nbsp;<\/p>\n<p><u><strong>CARATTERISTICHE:<\/strong><\/u><\/p>\n<p>&nbsp;<\/p>\n<ul>\n<li><strong>Design elegante e funzionale:<\/strong>\u00a0Il corpo della pompa \u00e8 realizzato in un elegante colore grigio, completato da accenti neri e rossi, che gli conferiscono un aspetto moderno e sobrio. Il suo design ergonomico ne facilita l&#8217;uso e garantisce comfort durante il processo di aspirazione ed estensione.<\/li>\n<li><strong>Motore potente:<\/strong>\u00a0Dotata di un motore ad alte prestazioni, la pompa\u00a0<strong>XPAND\u00a0<\/strong>offre un&#8217;aspirazione forte e costante che consente un uso efficiente, contribuendo a massimizzare i risultati in meno tempo. Il motore garantisce un funzionamento silenzioso ed efficace.<\/li>\n<li><strong>3 modalit\u00e0 di aspirazione:<\/strong>\u00a0<strong>L&#8217;XPAND\u00a0<\/strong>ha tre diverse modalit\u00e0 di aspirazione, che variano in intensit\u00e0 e ritmo. Queste modalit\u00e0 consentono all&#8217;utente di personalizzare l&#8217;esperienza in base alle proprie esigenze, offrendo da un&#8217;aspirazione delicata e progressiva a un&#8217;aspirazione pi\u00f9 intensa per risultati pi\u00f9 rapidi.<\/li>\n<li><strong>Controllo del livello:\u00a0<\/strong>Il dispositivo incorpora un sistema di controllo del livello, che consente di regolare con precisione l&#8217;intensit\u00e0 di aspirazione. Ci\u00f2 garantisce che ogni utente possa selezionare il livello pi\u00f9 comodo ed efficace per il proprio obiettivo personale.<\/li>\n<li><strong>Taglie adatte a tutte le taglie:<\/strong>\u00a0La pompa ha dimensioni totali di 30 cm di lunghezza, con 20 cm inseribili e un diametro totale di 6,5 cm, che la rendono adatta a un&#8217;ampia variet\u00e0 di dimensioni. L&#8217;ingresso di 6 cm garantisce una vestibilit\u00e0 comoda e sicura per l&#8217;utente.<\/li>\n<li><strong>Materiali di alta qualit\u00e0:\u00a0<\/strong>Realizzato con silicone super morbido e privo di ftalati,\u00a0<strong>l&#8217;XPAND\u00a0<\/strong>offre una texture piacevole al tatto, completamente sicura per il corpo. Questo materiale \u00e8 ipoallergenico e progettato per garantire comfort durante l&#8217;uso.<\/li>\n<li><strong>USB ricaricabile:<\/strong>\u00a0Il dispositivo \u00e8 completamente ricaricabile tramite USB, il che lo rende comodo ed ecologico. La batteria a lunga durata garantisce molteplici utilizzi prima di richiedere una ricarica e la sua porta USB lo rende facile da usare ovunque.<\/li>\n<li><strong>Impermeabile:<\/strong>\u00a0La pompa\u00a0<strong>XPAND\u00a0<\/strong>\u00e8 impermeabile, consentendone l&#8217;utilizzo sotto la doccia o in altri ambienti umidi, oltre a facilitarne la pulizia, assicurando che il dispositivo venga mantenuto in condizioni ottimali dopo ogni utilizzo.<\/li>\n<li><strong>Facile da pulire:\u00a0<\/strong>Il design del dispositivo \u00e8 pensato per essere facile da smontare e pulire, garantendo un&#8217;igiene ottimale e prolungando la vita del prodotto.<\/li>\n<\/ul>\n<p>La pompa\u00a0<strong>XPAND\u00a0<\/strong>Extender \u00e8 ideale per gli uomini che desiderano migliorare le proprie dimensioni e prestazioni con un prodotto affidabile, sicuro ed efficace. La sua combinazione di design accattivante, tecnologia avanzata e facilit\u00e0 d&#8217;uso lo rende una scelta eccezionale per coloro che desiderano un&#8217;esperienza personalizzata e confortevole.<\/p>\n<p>&nbsp;<\/p>\n<p><strong>MATERIALE E CURA<\/strong><\/p>\n<p><strong>Jamyjob<\/strong>\u00a0\u00e8 un giocattolo impermeabile realizzato in silicone medico morbido e setoso, che \u00e8 estremamente scivoloso e assorbe rapidamente il calore dal tuo corpo. Il giocattolo pu\u00f2 essere facilmente pulito con un po&#8217; di sapone sotto l&#8217;acqua tiepida. Con un po&#8217; di detergente disinfettante per giocattoli, \u00e8 possibile garantire un&#8217;igiene particolarmente accurata, idealmente con lo spray disinfettante perfettamente coordinato di Waterfeel. Per il massimo piacere, usa sempre il tuo giocattolo con uno dei lubrificanti a base d&#8217;acqua di Waterfeel che si adattano perfettamente al prodotto. Sono disponibili nelle versioni classica, setosa e calda. La composizione vegana a base d&#8217;acqua protegge il materiale e mantiene la superficie del tuo giocattolo bella e morbida.<\/p>\n","protected":false},"excerpt":{"rendered":"<p>La pompa automatica per l&#8217;estensione del pene\u00a0XPAND\u00a0del marchio JAMYJOB\u00a0\u00e8 un dispositivo high-tech progettato per migliorare l&#8217;esperienza maschile, sia in termini di piacere che di sviluppo. Con<span class=\"excerpt-hellip\"> [\u2026]<\/span><\/p>\n","protected":false},"featured_media":6427,"comment_status":"open","ping_status":"closed","template":"","meta":[],"product_brand":[],"product_cat":[232,220],"product_tag":[205,181,314,182],"class_list":{"0":"post-6424","1":"product","2":"type-product","3":"status-publish","4":"has-post-thumbnail","6":"product_cat-estensioni-del-pene-e-pumps","7":"product_cat-pene","8":"product_tag-estensione-pene","9":"product_tag-pene","10":"product_tag-pompetta","11":"product_tag-uomo","13":"first","14":"instock","15":"taxable","16":"shipping-taxable","17":"purchasable","18":"product-type-simple"},"_links":{"self":[{"href":"https:\/\/www.lovgasmstore.com\/index.php\/wp-json\/wp\/v2\/product\/6424","targetHints":{"allow":["GET"]}}],"collection":[{"href":"https:\/\/www.lovgasmstore.com\/index.php\/wp-json\/wp\/v2\/product"}],"about":[{"href":"https:\/\/www.lovgasmstore.com\/index.php\/wp-json\/wp\/v2\/types\/product"}],"replies":[{"embeddable":true,"href":"https:\/\/www.lovgasmstore.com\/index.php\/wp-json\/wp\/v2\/comments?post=6424"}],"version-history":[{"count":2,"href":"https:\/\/www.lovgasmstore.com\/index.php\/wp-json\/wp\/v2\/product\/6424\/revisions"}],"predecessor-version":[{"id":6434,"href":"https:\/\/www.lovgasmstore.com\/index.php\/wp-json\/wp\/v2\/product\/6424\/revisions\/6434"}],"wp:featuredmedia":[{"embeddable":true,"href":"https:\/\/www.lovgasmstore.com\/index.php\/wp-json\/wp\/v2\/media\/6427"}],"wp:attachment":[{"href":"https:\/\/www.lovgasmstore.com\/index.php\/wp-json\/wp\/v2\/media?parent=6424"}],"wp:term":[{"taxonomy":"product_brand","embeddable":true,"href":"https:\/\/www.lovgasmstore.com\/index.php\/wp-json\/wp\/v2\/product_brand?post=6424"},{"taxonomy":"product_cat","embeddable":true,"href":"https:\/\/www.lovgasmstore.com\/index.php\/wp-json\/wp\/v2\/product_cat?post=6424"},{"taxonomy":"product_tag","embeddable":true,"href":"https:\/\/www.lovgasmstore.com\/index.php\/wp-json\/wp\/v2\/product_tag?post=6424"}],"curies":[{"name":"wp","href":"https:\/\/api.w.org\/{rel}","templated":true}]}}