{"id":4705,"date":"2024-06-05T14:19:38","date_gmt":"2024-06-05T12:19:38","guid":{"rendered":"http:\/\/www.lovgasmstore.com\/index.php\/prodotto\/womanvibe\/"},"modified":"2025-05-13T15:55:59","modified_gmt":"2025-05-13T13:55:59","slug":"womanvibe","status":"publish","type":"product","link":"https:\/\/www.lovgasmstore.com\/index.php\/prodotto\/womanvibe\/","title":{"rendered":"WOMANVIBE &#8211; MANDY POINT &#8220;K&#8221;"},"content":{"rendered":"<p><meta charset=\"UTF-8\"><\/p>\n<p data-mce-fragment=\"1\">Womanvibe lancia Mandy, un vibratore a doppio motore che offre una stimolazione intensa, in modo elegante e piacevole. Mandy \u00e8 perfetta per una masturbazione che ti eleva al massimo piacere.<\/p>\n<ul data-mce-fragment=\"1\">\n<li data-mce-fragment=\"1\">Misurazioni; 19,9 x 3,5 cm<\/li>\n<li data-mce-fragment=\"1\">Silenzioso e discreto<\/li>\n<li data-mce-fragment=\"1\">Potente<\/li>\n<li data-mce-fragment=\"1\">10 modalit\u00e0 di vibrazione.<\/li>\n<li data-mce-fragment=\"1\">Punto speciale &#8220;K&#8221;<\/li>\n<li data-mce-fragment=\"1\">Flessibile<\/li>\n<li data-mce-fragment=\"1\">Tasti a un pulsante facili da usare.<\/li>\n<li data-mce-fragment=\"1\">Indicatore di carica<\/li>\n<li data-mce-fragment=\"1\">Materiali che non irritano la pelle<\/li>\n<li data-mce-fragment=\"1\">Circa un&#8217;ora di piacere ininterrotto alla massima intensit\u00e0<\/li>\n<li data-mce-fragment=\"1\">2 anni di garanzia.<\/li>\n<li data-mce-fragment=\"1\">Batteria ricaricabile al 100%.<\/li>\n<\/ul>\n<p data-mce-fragment=\"1\">Mandy \u00e8 completamente sommergibile perfetto per l&#8217;uso in spa o doccia.<\/p>\n<ul data-mce-fragment=\"1\">\n<li data-mce-fragment=\"1\">Premere il pulsante per 3 secondi e attiver\u00e0 la vibrazione in modalit\u00e0 1, quindi premere di nuovo per scorrere le 10 modalit\u00e0 di vibrazione appetitose.<\/li>\n<\/ul>\n<p data-mce-fragment=\"1\"><strong data-mce-fragment=\"1\">Caricare<\/strong><\/p>\n<p data-mce-fragment=\"1\">Il vibratore \u00e8 ricaricabile e permette una comoda movimentazione, senza fastidiosi cavi. Prima di utilizzarlo per la prima volta, \u00e8 necessario caricarlo completamente.\u00a0<\/p>\n<p data-mce-fragment=\"1\"><strong data-mce-fragment=\"1\">Attenzione<\/strong> : il primo processo di ricarica pu\u00f2 richiedere fino a cinque ore.<\/p>\n<p data-mce-fragment=\"1\"><strong data-mce-fragment=\"1\">Risoluzione dei problemi<\/strong><\/p>\n<p data-mce-fragment=\"1\">In caso di errori o difficolt\u00e0 di gestione legati al funzionamento di Mandy, premere il pulsante di accensione per 5 secondi. Se il prodotto continua a non funzionare, contattare l&#8217;area clienti.<\/p>\n","protected":false},"excerpt":{"rendered":"<p>Womanvibe lancia Mandy, un vibratore a doppio motore che offre una stimolazione intensa, in modo elegante e piacevole. Mandy \u00e8 perfetta per una masturbazione che ti<span class=\"excerpt-hellip\"> [\u2026]<\/span><\/p>\n","protected":false},"featured_media":5384,"comment_status":"open","ping_status":"closed","template":"","meta":[],"product_brand":[],"product_cat":[226],"product_tag":[170,188,165],"class_list":{"0":"post-4705","1":"product","2":"type-product","3":"status-publish","4":"has-post-thumbnail","6":"product_cat-massaggiatore","7":"product_tag-donna","8":"product_tag-massaggiatore","9":"product_tag-sextoys","11":"first","12":"instock","13":"taxable","14":"shipping-taxable","15":"purchasable","16":"product-type-simple"},"_links":{"self":[{"href":"https:\/\/www.lovgasmstore.com\/index.php\/wp-json\/wp\/v2\/product\/4705","targetHints":{"allow":["GET"]}}],"collection":[{"href":"https:\/\/www.lovgasmstore.com\/index.php\/wp-json\/wp\/v2\/product"}],"about":[{"href":"https:\/\/www.lovgasmstore.com\/index.php\/wp-json\/wp\/v2\/types\/product"}],"replies":[{"embeddable":true,"href":"https:\/\/www.lovgasmstore.com\/index.php\/wp-json\/wp\/v2\/comments?post=4705"}],"version-history":[{"count":3,"href":"https:\/\/www.lovgasmstore.com\/index.php\/wp-json\/wp\/v2\/product\/4705\/revisions"}],"predecessor-version":[{"id":6446,"href":"https:\/\/www.lovgasmstore.com\/index.php\/wp-json\/wp\/v2\/product\/4705\/revisions\/6446"}],"wp:featuredmedia":[{"embeddable":true,"href":"https:\/\/www.lovgasmstore.com\/index.php\/wp-json\/wp\/v2\/media\/5384"}],"wp:attachment":[{"href":"https:\/\/www.lovgasmstore.com\/index.php\/wp-json\/wp\/v2\/media?parent=4705"}],"wp:term":[{"taxonomy":"product_brand","embeddable":true,"href":"https:\/\/www.lovgasmstore.com\/index.php\/wp-json\/wp\/v2\/product_brand?post=4705"},{"taxonomy":"product_cat","embeddable":true,"href":"https:\/\/www.lovgasmstore.com\/index.php\/wp-json\/wp\/v2\/product_cat?post=4705"},{"taxonomy":"product_tag","embeddable":true,"href":"https:\/\/www.lovgasmstore.com\/index.php\/wp-json\/wp\/v2\/product_tag?post=4705"}],"curies":[{"name":"wp","href":"https:\/\/api.w.org\/{rel}","templated":true}]}}