{"id":4702,"date":"2024-06-05T14:19:20","date_gmt":"2024-06-05T12:19:20","guid":{"rendered":"http:\/\/www.lovgasmstore.com\/index.php\/prodotto\/womanizer-stimolatore\/"},"modified":"2025-05-13T15:56:30","modified_gmt":"2025-05-13T13:56:30","slug":"womanizer-stimolatore","status":"publish","type":"product","link":"https:\/\/www.lovgasmstore.com\/index.php\/prodotto\/womanizer-stimolatore\/","title":{"rendered":"WOMANIZER &#8211; STARLET 3"},"content":{"rendered":"<p>&nbsp;<\/p>\n<p data-mce-fragment=\"1\">Il nuovo Womanizer Starlet 3 presenta l&#8217;originale Womanizer combinato con cinque nuovi vivaci colori di prodotto e altri due livelli di intensit\u00e0 di stimolazione Pleasure Air, il tutto pur essendo impermeabile e ricaricabile tramite USB a un prezzo ragionevole.<\/p>\n<p data-mce-fragment=\"1\">Realizzato per te e per il tuo corpo, Starlet 3 utilizza un&#8217;innovazione unica chiamata Pleasure Air Technology. ?Perch\u00e9 \u00e8 cos\u00ec speciale? Il tuo clitoride viene stimolato senza contatto diretto. Le delicate vibrazioni dell&#8217;aria succhiano e massaggiano insieme per fornire una sensazione orgasmica senza precedenti.<\/p>\n<p data-mce-fragment=\"1\">Il design sensuale e sottile si adatta comodamente alla tua mano e diventa il compagno perfetto anche per i momenti pi\u00f9 intimi.<\/p>\n<p data-mce-fragment=\"1\"><strong data-mce-fragment=\"1\">Caratteristiche principali:<\/strong><\/p>\n<ul data-mce-fragment=\"1\">\n<li data-mce-fragment=\"1\">Stimolatore del clitoride<\/li>\n<li data-mce-fragment=\"1\">Tecnologia dell&#8217;aria di piacere<\/li>\n<li data-mce-fragment=\"1\">6 livelli di intensit\u00e0<\/li>\n<li data-mce-fragment=\"1\">Compatto<\/li>\n<li data-mce-fragment=\"1\">Sicuro per il corpo<\/li>\n<li data-mce-fragment=\"1\">Impermeabile<\/li>\n<li data-mce-fragment=\"1\">Produzione vegana<\/li>\n<li data-mce-fragment=\"1\">Ricarica magnetica<\/li>\n<\/ul>\n","protected":false},"excerpt":{"rendered":"<p>&nbsp; Il nuovo Womanizer Starlet 3 presenta l&#8217;originale Womanizer combinato con cinque nuovi vivaci colori di prodotto e altri due livelli di intensit\u00e0 di stimolazione Pleasure<span class=\"excerpt-hellip\"> [\u2026]<\/span><\/p>\n","protected":false},"featured_media":5376,"comment_status":"open","ping_status":"closed","template":"","meta":[],"product_brand":[],"product_cat":[224],"product_tag":[170,165,191,178],"class_list":{"0":"post-4702","1":"product","2":"type-product","3":"status-publish","4":"has-post-thumbnail","6":"product_cat-succhia-clitoride","7":"product_tag-donna","8":"product_tag-sextoys","9":"product_tag-succhia-clitoride","10":"product_tag-vibratore","12":"first","13":"instock","14":"taxable","15":"shipping-taxable","16":"purchasable","17":"product-type-simple"},"_links":{"self":[{"href":"https:\/\/www.lovgasmstore.com\/index.php\/wp-json\/wp\/v2\/product\/4702","targetHints":{"allow":["GET"]}}],"collection":[{"href":"https:\/\/www.lovgasmstore.com\/index.php\/wp-json\/wp\/v2\/product"}],"about":[{"href":"https:\/\/www.lovgasmstore.com\/index.php\/wp-json\/wp\/v2\/types\/product"}],"replies":[{"embeddable":true,"href":"https:\/\/www.lovgasmstore.com\/index.php\/wp-json\/wp\/v2\/comments?post=4702"}],"version-history":[{"count":4,"href":"https:\/\/www.lovgasmstore.com\/index.php\/wp-json\/wp\/v2\/product\/4702\/revisions"}],"predecessor-version":[{"id":6447,"href":"https:\/\/www.lovgasmstore.com\/index.php\/wp-json\/wp\/v2\/product\/4702\/revisions\/6447"}],"wp:featuredmedia":[{"embeddable":true,"href":"https:\/\/www.lovgasmstore.com\/index.php\/wp-json\/wp\/v2\/media\/5376"}],"wp:attachment":[{"href":"https:\/\/www.lovgasmstore.com\/index.php\/wp-json\/wp\/v2\/media?parent=4702"}],"wp:term":[{"taxonomy":"product_brand","embeddable":true,"href":"https:\/\/www.lovgasmstore.com\/index.php\/wp-json\/wp\/v2\/product_brand?post=4702"},{"taxonomy":"product_cat","embeddable":true,"href":"https:\/\/www.lovgasmstore.com\/index.php\/wp-json\/wp\/v2\/product_cat?post=4702"},{"taxonomy":"product_tag","embeddable":true,"href":"https:\/\/www.lovgasmstore.com\/index.php\/wp-json\/wp\/v2\/product_tag?post=4702"}],"curies":[{"name":"wp","href":"https:\/\/api.w.org\/{rel}","templated":true}]}}