{"id":4687,"date":"2024-06-05T14:17:32","date_gmt":"2024-06-05T12:17:32","guid":{"rendered":"http:\/\/www.lovgasmstore.com\/index.php\/prodotto\/waterfeel-lubrificante-alla-cannabis\/"},"modified":"2025-05-13T15:59:13","modified_gmt":"2025-05-13T13:59:13","slug":"waterfeel-lubrificante-alla-cannabis","status":"publish","type":"product","link":"https:\/\/www.lovgasmstore.com\/index.php\/prodotto\/waterfeel-lubrificante-alla-cannabis\/","title":{"rendered":"WATERFEEL &#8211; LUBRIFICANTE ALLA CANNABIS"},"content":{"rendered":"<p data-mce-fragment=\"1\">Il lubrificante alla cannabis \u00e8 un lubrificante a base d&#8217;acqua con un aroma di cannabis che fornisce un effetto piacevole. \u00c8 estremamente adatto per massaggi del corpo e rapporti sessuali. Pu\u00f2 essere utilizzato in combinazione con preservativi in lattice.<\/p>\n<p data-mce-fragment=\"1\">Con<span data-mce-fragment=\"1\">\u00a0<\/span><span data-mce-fragment=\"1\">i lubrificanti Waterfeel\u00ae avrai un&#8217;esperienza di qualit\u00e0 e un aroma unico.<\/span><\/p>\n<ul data-mce-fragment=\"1\">\n<li data-mce-fragment=\"1\">Istruzioni per l&#8217;uso: Applicare la quantit\u00e0 di lubrificante desiderata sulle parti del corpo desiderate e ripetere tutte le volte che si desidera.<\/li>\n<\/ul>\n<p data-mce-fragment=\"1\"><span data-mce-fragment=\"1\">I lubrificanti Waterfeel\u00ae sono compatibili con i preservativi in lattice.<\/span><\/p>\n<ul data-mce-fragment=\"1\">\n<li data-mce-fragment=\"1\"><span data-mce-fragment=\"1\">Perfetto per la lubrificazione e il massaggio<\/span><\/li>\n<li data-mce-fragment=\"1\"><span data-mce-fragment=\"1\">Adatto per il sesso orale<\/span><\/li>\n<li data-mce-fragment=\"1\">Ideale per l&#8217;uso con sex toys<\/li>\n<\/ul>\n<p data-mce-fragment=\"1\">Contenitore da 150 ml<\/p>\n<p data-mce-fragment=\"1\">Il lubrificante alla cannabis con olio di semi di canapa \u00e8 un lubrificante a base d&#8217;acqua. Adatto per massaggi corpo, rapporti sessuali e per l&#8217;uso con preservativi in lattice.<br data-mce-fragment=\"1\" \/>Modo d&#8217;uso: applicare quanto lubrificante si desidera sulle parti del corpo desiderate e ripetere tutte le volte che si desidera. Prima di utilizzare regolarmente il lubrificante; Applicare una piccola quantit\u00e0 sull&#8217;avambraccio. Se si verifica una reazione allergica, interrompere l&#8217;uso. Tenere fuori dalla portata dei bambini. Conservare in un luogo fresco e buio. Da consumarsi preferibilmente prima dell&#8217;uso\/Numero di lotto: vedere la confezione.<\/p>\n","protected":false},"excerpt":{"rendered":"<p>Il lubrificante alla cannabis \u00e8 un lubrificante a base d&#8217;acqua con un aroma di cannabis che fornisce un effetto piacevole. \u00c8 estremamente adatto per massaggi del<span class=\"excerpt-hellip\"> [\u2026]<\/span><\/p>\n","protected":false},"featured_media":5341,"comment_status":"open","ping_status":"closed","template":"","meta":[],"product_brand":[],"product_cat":[245],"product_tag":[169,210,167,182],"class_list":{"0":"post-4687","1":"product","2":"type-product","3":"status-publish","4":"has-post-thumbnail","6":"product_cat-lubrificante-cbd","7":"product_tag-base-dacqua","8":"product_tag-cbd","9":"product_tag-lubrificanti","10":"product_tag-uomo","12":"first","13":"instock","14":"taxable","15":"shipping-taxable","16":"purchasable","17":"product-type-simple"},"_links":{"self":[{"href":"https:\/\/www.lovgasmstore.com\/index.php\/wp-json\/wp\/v2\/product\/4687","targetHints":{"allow":["GET"]}}],"collection":[{"href":"https:\/\/www.lovgasmstore.com\/index.php\/wp-json\/wp\/v2\/product"}],"about":[{"href":"https:\/\/www.lovgasmstore.com\/index.php\/wp-json\/wp\/v2\/types\/product"}],"replies":[{"embeddable":true,"href":"https:\/\/www.lovgasmstore.com\/index.php\/wp-json\/wp\/v2\/comments?post=4687"}],"version-history":[{"count":3,"href":"https:\/\/www.lovgasmstore.com\/index.php\/wp-json\/wp\/v2\/product\/4687\/revisions"}],"predecessor-version":[{"id":6451,"href":"https:\/\/www.lovgasmstore.com\/index.php\/wp-json\/wp\/v2\/product\/4687\/revisions\/6451"}],"wp:featuredmedia":[{"embeddable":true,"href":"https:\/\/www.lovgasmstore.com\/index.php\/wp-json\/wp\/v2\/media\/5341"}],"wp:attachment":[{"href":"https:\/\/www.lovgasmstore.com\/index.php\/wp-json\/wp\/v2\/media?parent=4687"}],"wp:term":[{"taxonomy":"product_brand","embeddable":true,"href":"https:\/\/www.lovgasmstore.com\/index.php\/wp-json\/wp\/v2\/product_brand?post=4687"},{"taxonomy":"product_cat","embeddable":true,"href":"https:\/\/www.lovgasmstore.com\/index.php\/wp-json\/wp\/v2\/product_cat?post=4687"},{"taxonomy":"product_tag","embeddable":true,"href":"https:\/\/www.lovgasmstore.com\/index.php\/wp-json\/wp\/v2\/product_tag?post=4687"}],"curies":[{"name":"wp","href":"https:\/\/api.w.org\/{rel}","templated":true}]}}