{"id":4684,"date":"2024-06-05T14:17:10","date_gmt":"2024-06-05T12:17:10","guid":{"rendered":"http:\/\/www.lovgasmstore.com\/index.php\/prodotto\/waterfeel-fruit-passion\/"},"modified":"2025-05-13T15:59:39","modified_gmt":"2025-05-13T13:59:39","slug":"waterfeel-fruit-passion","status":"publish","type":"product","link":"https:\/\/www.lovgasmstore.com\/index.php\/prodotto\/waterfeel-fruit-passion\/","title":{"rendered":"WATERFEEL &#8211; FRUIT PASSION"},"content":{"rendered":"<p>A volte di pi\u00f9&#8230; \u00e8 meglio!\u00a0La stessa sensazione, consistenza, lunga durata e sapore delizioso di sempre&#8230; in un nuovo formato!<\/p>\n<p><strong>Waterfeel<\/strong>\u00a0, il marchio di lubrificanti di riferimento nel mercato dei lubrificanti, con milioni di unit\u00e0 vendute negli ultimi anni, presenta i suoi consueti lubrificanti in un nuovo formato da 175 ml e un nuovo tappo di chiusura.<\/p>\n<p>La sua consistenza e la lubrificazione a lunga durata lo rendono perfetto per lubrificare per lunghi periodi di tempo, per applicare un massaggio sensuale al proprio partner e, soprattutto, per il sesso orale grazie al suo sapore squisito e intenso.\u00a0Anche la pulizia non \u00e8 un problema perch\u00e9 non si macchia, non \u00e8 appiccicoso e si pulisce facilmente semplicemente applicando un po&#8217; d&#8217;acqua.<\/p>\n<ul>\n<li>Lubrificante al gusto di frutto della passione<\/li>\n<li>A base d&#8217;acqua<\/li>\n<li>Con il tappo di chiusura, portalo ovunque in sicurezza.<\/li>\n<li>Pulizia facile<\/li>\n<li>Compatibile con preservativi in \u200b\u200blattice<\/li>\n<li>Formato: 175 ml<\/li>\n<li>Confezione da 50 unit\u00e0<\/li>\n<\/ul>\n","protected":false},"excerpt":{"rendered":"<p>A volte di pi\u00f9&#8230; \u00e8 meglio!\u00a0La stessa sensazione, consistenza, lunga durata e sapore delizioso di sempre&#8230; in un nuovo formato! Waterfeel\u00a0, il marchio di lubrificanti di<span class=\"excerpt-hellip\"> [\u2026]<\/span><\/p>\n","protected":false},"featured_media":5336,"comment_status":"open","ping_status":"closed","template":"","meta":[],"product_brand":[],"product_cat":[243],"product_tag":[169,166,167,165],"class_list":{"0":"post-4684","1":"product","2":"type-product","3":"status-publish","4":"has-post-thumbnail","6":"product_cat-lubrificante-vaginale","7":"product_tag-base-dacqua","8":"product_tag-kit","9":"product_tag-lubrificanti","10":"product_tag-sextoys","12":"first","13":"instock","14":"sale","15":"taxable","16":"shipping-taxable","17":"purchasable","18":"product-type-simple"},"_links":{"self":[{"href":"https:\/\/www.lovgasmstore.com\/index.php\/wp-json\/wp\/v2\/product\/4684","targetHints":{"allow":["GET"]}}],"collection":[{"href":"https:\/\/www.lovgasmstore.com\/index.php\/wp-json\/wp\/v2\/product"}],"about":[{"href":"https:\/\/www.lovgasmstore.com\/index.php\/wp-json\/wp\/v2\/types\/product"}],"replies":[{"embeddable":true,"href":"https:\/\/www.lovgasmstore.com\/index.php\/wp-json\/wp\/v2\/comments?post=4684"}],"version-history":[{"count":3,"href":"https:\/\/www.lovgasmstore.com\/index.php\/wp-json\/wp\/v2\/product\/4684\/revisions"}],"predecessor-version":[{"id":6453,"href":"https:\/\/www.lovgasmstore.com\/index.php\/wp-json\/wp\/v2\/product\/4684\/revisions\/6453"}],"wp:featuredmedia":[{"embeddable":true,"href":"https:\/\/www.lovgasmstore.com\/index.php\/wp-json\/wp\/v2\/media\/5336"}],"wp:attachment":[{"href":"https:\/\/www.lovgasmstore.com\/index.php\/wp-json\/wp\/v2\/media?parent=4684"}],"wp:term":[{"taxonomy":"product_brand","embeddable":true,"href":"https:\/\/www.lovgasmstore.com\/index.php\/wp-json\/wp\/v2\/product_brand?post=4684"},{"taxonomy":"product_cat","embeddable":true,"href":"https:\/\/www.lovgasmstore.com\/index.php\/wp-json\/wp\/v2\/product_cat?post=4684"},{"taxonomy":"product_tag","embeddable":true,"href":"https:\/\/www.lovgasmstore.com\/index.php\/wp-json\/wp\/v2\/product_tag?post=4684"}],"curies":[{"name":"wp","href":"https:\/\/api.w.org\/{rel}","templated":true}]}}