{"id":4672,"date":"2024-06-05T14:15:56","date_gmt":"2024-06-05T12:15:56","guid":{"rendered":"http:\/\/www.lovgasmstore.com\/index.php\/prodotto\/tease-please-set-13-accessori-bondage\/"},"modified":"2025-05-13T16:02:07","modified_gmt":"2025-05-13T14:02:07","slug":"tease-please-set-13-accessori-bondage","status":"publish","type":"product","link":"https:\/\/www.lovgasmstore.com\/index.php\/prodotto\/tease-please-set-13-accessori-bondage\/","title":{"rendered":"TEASE &#038; PLEASE &#8211; SET 13 ACCESSORI BONDAGE"},"content":{"rendered":"<p>Emozionante gioco erotico attraverso il quale tu e il tuo partner potrete vivere la migliore esperienza di Cinquanta Sfumature di Grigio a casa.\u00a0Per coloro che si sono divertiti leggendo la trilogia o guardando i film, la tua fantasia pu\u00f2 ora diventare realt\u00e0 con il gioco Master &amp; Slave.<\/p>\n<p>Ogni scatola contiene tutti gli oggetti di cui avrai bisogno, come una frusta, un bavaglio, una pagaia, una benda, un collare, un solletico di piume, un set di manette, un set di cavigliere, una cravatta, una corda per bondage e un cintura.\u00a0Il gioco include anche 24 carte da gioco con istruzioni chiare in 10 lingue: olandese, inglese, tedesco, francese, spagnolo, italiano, svedese, nordico, polacco, russo.<\/p>\n<p>Non sai mai cosa potrebbe succedere in questo emozionante gioco di potere e sottomissione.\u00a0Vorresti tenere tutte le corde o preferiresti essere quello legato e imbavagliato?\u00a0Sei tu al comando o vuoi obbedire?\u00a0La frusta ti scende sulle natiche o somministrerai una frusta erotica al tuo partner?\u00a0Lasciati stupire dalle carte compito in cui puoi alternare l&#8217;essere Dominante o Sottomesso, oppure entrambi possono scegliere il tuo ruolo preferito.\u00a0Tuttavia, una cosa \u00e8 certa: i tuoi sensi aumenteranno notevolmente e, cosa pi\u00f9 importante, tutto ci\u00f2 di cui hai bisogno \u00e8 nella scatola del gioco, inclusa frusta, bavaglio, pagaia, benda, colletto, solletico di piume, polsini e caviglie, cravatta, corda da bondage. e una cintura.\u00a0Ti auguriamo un divertimento senza fine con questa scatola di giochi piena di sorprese erotiche.<\/p>\n","protected":false},"excerpt":{"rendered":"<p>Emozionante gioco erotico attraverso il quale tu e il tuo partner potrete vivere la migliore esperienza di Cinquanta Sfumature di Grigio a casa.\u00a0Per coloro che si<span class=\"excerpt-hellip\"> [\u2026]<\/span><\/p>\n","protected":false},"featured_media":5323,"comment_status":"open","ping_status":"closed","template":"","meta":[],"product_brand":[],"product_cat":[247],"product_tag":[174,175,170,165],"class_list":{"0":"post-4672","1":"product","2":"type-product","3":"status-publish","4":"has-post-thumbnail","6":"product_cat-kit-bondage","7":"product_tag-bdsm","8":"product_tag-bondage","9":"product_tag-donna","10":"product_tag-sextoys","12":"first","13":"instock","14":"taxable","15":"shipping-taxable","16":"purchasable","17":"product-type-simple"},"_links":{"self":[{"href":"https:\/\/www.lovgasmstore.com\/index.php\/wp-json\/wp\/v2\/product\/4672","targetHints":{"allow":["GET"]}}],"collection":[{"href":"https:\/\/www.lovgasmstore.com\/index.php\/wp-json\/wp\/v2\/product"}],"about":[{"href":"https:\/\/www.lovgasmstore.com\/index.php\/wp-json\/wp\/v2\/types\/product"}],"replies":[{"embeddable":true,"href":"https:\/\/www.lovgasmstore.com\/index.php\/wp-json\/wp\/v2\/comments?post=4672"}],"version-history":[{"count":3,"href":"https:\/\/www.lovgasmstore.com\/index.php\/wp-json\/wp\/v2\/product\/4672\/revisions"}],"predecessor-version":[{"id":6461,"href":"https:\/\/www.lovgasmstore.com\/index.php\/wp-json\/wp\/v2\/product\/4672\/revisions\/6461"}],"wp:featuredmedia":[{"embeddable":true,"href":"https:\/\/www.lovgasmstore.com\/index.php\/wp-json\/wp\/v2\/media\/5323"}],"wp:attachment":[{"href":"https:\/\/www.lovgasmstore.com\/index.php\/wp-json\/wp\/v2\/media?parent=4672"}],"wp:term":[{"taxonomy":"product_brand","embeddable":true,"href":"https:\/\/www.lovgasmstore.com\/index.php\/wp-json\/wp\/v2\/product_brand?post=4672"},{"taxonomy":"product_cat","embeddable":true,"href":"https:\/\/www.lovgasmstore.com\/index.php\/wp-json\/wp\/v2\/product_cat?post=4672"},{"taxonomy":"product_tag","embeddable":true,"href":"https:\/\/www.lovgasmstore.com\/index.php\/wp-json\/wp\/v2\/product_tag?post=4672"}],"curies":[{"name":"wp","href":"https:\/\/api.w.org\/{rel}","templated":true}]}}