{"id":4667,"date":"2024-06-05T14:15:18","date_gmt":"2024-06-05T12:15:18","guid":{"rendered":"http:\/\/www.lovgasmstore.com\/index.php\/prodotto\/shunga-sanya\/"},"modified":"2025-05-13T16:06:00","modified_gmt":"2025-05-13T14:06:00","slug":"shunga-sanya","status":"publish","type":"product","link":"https:\/\/www.lovgasmstore.com\/index.php\/prodotto\/shunga-sanya\/","title":{"rendered":"SHUNGA &#8211; SANYA"},"content":{"rendered":"<p>Per la donna che desidera il massimo della raffinatezza,<span>\u00a0<\/span><strong>SHUNGA SANYA\u2122<\/strong><span>\u00a0<\/span>offre morbidezza, comfort e flessibilit\u00e0. Il suo design lussuoso ed ergonomico, unito alla sua potenza, soddisfer\u00e0 tutti i vostri desideri. Emozioni garantite in tutta eleganza! La finezza delle sue vibrazioni ti offrir\u00e0 una gamma di sensazioni stimolanti, che ti porteranno all&#8217;apice del piacere vaginale o clitorideo.<\/p>\n<p><\/p>\n<p><u><strong>CARATTERISTICHE:<\/strong><\/u><\/p>\n<ul>\n<li>Design ergonomico che si adatta al corpo.<\/li>\n<li>Realizzato in silicone ipoallergenico<\/li>\n<li>10 funzioni di vibrazione con segnali luminosi.<\/li>\n<li>IPX7 impermeabile al 100%.<\/li>\n<li>Indicatore di carica<\/li>\n<li>Punta flessibile<\/li>\n<li>Motore potente ad alte prestazioni con 5 livelli di intensit\u00e0<\/li>\n<li>Silenzioso e discreto<\/li>\n<li>Ricaricabile tramite USB<\/li>\n<li>Funzione di blocco per il trasporto<\/li>\n<li>Colore: Rosa\/Nero\/Fucsia\/Viola<\/li>\n<\/ul>\n<p><\/p>\n<p><u><strong>CONTIENE:<\/strong><\/u><\/p>\n<ul>\n<li>Stimolatore intimo<\/li>\n<li>Cavo di ricarica USB Adattatore CA non incluso<\/li>\n<li>Borsa in raso<\/li>\n<li>Guida utente<\/li>\n<\/ul>\n","protected":false},"excerpt":{"rendered":"<p>Per la donna che desidera il massimo della raffinatezza,\u00a0SHUNGA SANYA\u2122\u00a0offre morbidezza, comfort e flessibilit\u00e0. Il suo design lussuoso ed ergonomico, unito alla sua potenza, soddisfer\u00e0 tutti<span class=\"excerpt-hellip\"> [\u2026]<\/span><\/p>\n","protected":false},"featured_media":5305,"comment_status":"open","ping_status":"closed","template":"","meta":[],"product_brand":[],"product_cat":[226],"product_tag":[170,188,165,178],"class_list":{"0":"post-4667","1":"product","2":"type-product","3":"status-publish","4":"has-post-thumbnail","6":"product_cat-massaggiatore","7":"product_tag-donna","8":"product_tag-massaggiatore","9":"product_tag-sextoys","10":"product_tag-vibratore","12":"first","13":"instock","14":"taxable","15":"shipping-taxable","16":"purchasable","17":"product-type-simple"},"_links":{"self":[{"href":"https:\/\/www.lovgasmstore.com\/index.php\/wp-json\/wp\/v2\/product\/4667","targetHints":{"allow":["GET"]}}],"collection":[{"href":"https:\/\/www.lovgasmstore.com\/index.php\/wp-json\/wp\/v2\/product"}],"about":[{"href":"https:\/\/www.lovgasmstore.com\/index.php\/wp-json\/wp\/v2\/types\/product"}],"replies":[{"embeddable":true,"href":"https:\/\/www.lovgasmstore.com\/index.php\/wp-json\/wp\/v2\/comments?post=4667"}],"version-history":[{"count":2,"href":"https:\/\/www.lovgasmstore.com\/index.php\/wp-json\/wp\/v2\/product\/4667\/revisions"}],"predecessor-version":[{"id":6015,"href":"https:\/\/www.lovgasmstore.com\/index.php\/wp-json\/wp\/v2\/product\/4667\/revisions\/6015"}],"wp:featuredmedia":[{"embeddable":true,"href":"https:\/\/www.lovgasmstore.com\/index.php\/wp-json\/wp\/v2\/media\/5305"}],"wp:attachment":[{"href":"https:\/\/www.lovgasmstore.com\/index.php\/wp-json\/wp\/v2\/media?parent=4667"}],"wp:term":[{"taxonomy":"product_brand","embeddable":true,"href":"https:\/\/www.lovgasmstore.com\/index.php\/wp-json\/wp\/v2\/product_brand?post=4667"},{"taxonomy":"product_cat","embeddable":true,"href":"https:\/\/www.lovgasmstore.com\/index.php\/wp-json\/wp\/v2\/product_cat?post=4667"},{"taxonomy":"product_tag","embeddable":true,"href":"https:\/\/www.lovgasmstore.com\/index.php\/wp-json\/wp\/v2\/product_tag?post=4667"}],"curies":[{"name":"wp","href":"https:\/\/api.w.org\/{rel}","templated":true}]}}