{"id":4665,"date":"2024-06-05T14:15:06","date_gmt":"2024-06-05T12:15:06","guid":{"rendered":"http:\/\/www.lovgasmstore.com\/index.php\/prodotto\/shunga-obi\/"},"modified":"2025-05-13T16:07:02","modified_gmt":"2025-05-13T14:07:02","slug":"shunga-obi","status":"publish","type":"product","link":"https:\/\/www.lovgasmstore.com\/index.php\/prodotto\/shunga-obi\/","title":{"rendered":"SHUNGA &#8211; OBI"},"content":{"rendered":"<p><strong>OBI\u2122<\/strong><span>\u00a0<\/span>\u00e8 lo stimolatore perfetto per la donna che cerca orgasmi clitoridei intensi. Il suo design studiato che copre il clitoride, le labbra e il perineo ti regaler\u00e0 piacere. una vasta gamma di sensazioni. Che felicit\u00e0! La sua potente vibrazione ti aprir\u00e0. le porte del paradiso&#8230;<\/p>\n<p><\/p>\n<p><u><strong>CARATTERISTICHE:<\/strong><\/u><\/p>\n<ul>\n<li>Design ergonomico che si adatta al corpo.<\/li>\n<li>Realizzato in silicone ipoallergenico<\/li>\n<li>10 funzioni di vibrazione con segnali luminosi.<\/li>\n<li>IPX7 impermeabile al 100%.<\/li>\n<li>Indicatore di carica<\/li>\n<li>Punta flessibile<\/li>\n<li>Motore potente ad alte prestazioni con 5 livelli di intensit\u00e0<\/li>\n<li>Silenzioso e discreto<\/li>\n<li>Ricaricabile tramite USB<\/li>\n<li>Funzione di blocco per il trasporto<\/li>\n<li>Colore: Rosa\/Nero\/Fucsia\/Viola<\/li>\n<\/ul>\n<p><\/p>\n<p><u><strong>CONTIENE:<\/strong><\/u><\/p>\n<ul>\n<li>Stimolatore intimo<\/li>\n<li>Cavo di ricarica USB Adattatore CA non incluso<\/li>\n<li>Borsa in raso<\/li>\n<li>Guida utente<\/li>\n<\/ul>\n","protected":false},"excerpt":{"rendered":"<p>OBI\u2122\u00a0\u00e8 lo stimolatore perfetto per la donna che cerca orgasmi clitoridei intensi. Il suo design studiato che copre il clitoride, le labbra e il perineo ti<span class=\"excerpt-hellip\"> [\u2026]<\/span><\/p>\n","protected":false},"featured_media":5299,"comment_status":"open","ping_status":"closed","template":"","meta":[],"product_brand":[],"product_cat":[224,219],"product_tag":[189,170,165,178],"class_list":{"0":"post-4665","1":"product","2":"type-product","3":"status-publish","4":"has-post-thumbnail","6":"product_cat-succhia-clitoride","7":"product_cat-vagina","8":"product_tag-clitoride","9":"product_tag-donna","10":"product_tag-sextoys","11":"product_tag-vibratore","13":"first","14":"instock","15":"taxable","16":"shipping-taxable","17":"purchasable","18":"product-type-simple"},"_links":{"self":[{"href":"https:\/\/www.lovgasmstore.com\/index.php\/wp-json\/wp\/v2\/product\/4665","targetHints":{"allow":["GET"]}}],"collection":[{"href":"https:\/\/www.lovgasmstore.com\/index.php\/wp-json\/wp\/v2\/product"}],"about":[{"href":"https:\/\/www.lovgasmstore.com\/index.php\/wp-json\/wp\/v2\/types\/product"}],"replies":[{"embeddable":true,"href":"https:\/\/www.lovgasmstore.com\/index.php\/wp-json\/wp\/v2\/comments?post=4665"}],"version-history":[{"count":2,"href":"https:\/\/www.lovgasmstore.com\/index.php\/wp-json\/wp\/v2\/product\/4665\/revisions"}],"predecessor-version":[{"id":6016,"href":"https:\/\/www.lovgasmstore.com\/index.php\/wp-json\/wp\/v2\/product\/4665\/revisions\/6016"}],"wp:featuredmedia":[{"embeddable":true,"href":"https:\/\/www.lovgasmstore.com\/index.php\/wp-json\/wp\/v2\/media\/5299"}],"wp:attachment":[{"href":"https:\/\/www.lovgasmstore.com\/index.php\/wp-json\/wp\/v2\/media?parent=4665"}],"wp:term":[{"taxonomy":"product_brand","embeddable":true,"href":"https:\/\/www.lovgasmstore.com\/index.php\/wp-json\/wp\/v2\/product_brand?post=4665"},{"taxonomy":"product_cat","embeddable":true,"href":"https:\/\/www.lovgasmstore.com\/index.php\/wp-json\/wp\/v2\/product_cat?post=4665"},{"taxonomy":"product_tag","embeddable":true,"href":"https:\/\/www.lovgasmstore.com\/index.php\/wp-json\/wp\/v2\/product_tag?post=4665"}],"curies":[{"name":"wp","href":"https:\/\/api.w.org\/{rel}","templated":true}]}}