{"id":4659,"date":"2024-06-05T14:14:31","date_gmt":"2024-06-05T12:14:31","guid":{"rendered":"http:\/\/www.lovgasmstore.com\/index.php\/prodotto\/satisfyer-yoni-power-1\/"},"modified":"2025-05-13T19:24:45","modified_gmt":"2025-05-13T17:24:45","slug":"satisfyer-yoni-power-1","status":"publish","type":"product","link":"https:\/\/www.lovgasmstore.com\/index.php\/prodotto\/satisfyer-yoni-power-1\/","title":{"rendered":"SATISFYER &#8211; YONI POWER 1"},"content":{"rendered":"<p>Puoi utilizzare Satisfyer Yoni Power 1 per allenare i muscoli del pavimento pelvico in soli 15 minuti al giorno per sperimentare orgasmi ancora pi\u00f9 intensi. Le diverse dimensioni di queste palline Ben Wa consentono un aumento lento e graduale.<\/p>\n<p><strong>Informazioni sul prodotto &#8220;Yoni Power 1&#8221;<\/strong><\/p>\n<ul>\n<li>L&#8217;allenamento del pavimento pelvico rafforza i muscoli per orgasmi pi\u00f9 intensi<\/li>\n<li>Realizzato in silicone medico super morbido e delicato sulla pelle, liscio al tatto ed estremamente igienico<\/li>\n<li>Un anello di ritenzione consente un utilizzo sicuro<\/li>\n<li>Garanzia di 15 anni<\/li>\n<li>Set di allenamento per rafforzare i muscoli del pavimento pelvico<\/li>\n<li>Pi\u00f9 divertimento sia per gli uomini che per le donne durante il sesso grazie alle costrizioni muscolari<\/li>\n<li>Utilizzo sicuro grazie al cinturino di ritorno<\/li>\n<li>Silicone per uso medico<\/li>\n<li>Facile da pulire T<\/li>\n<\/ul>\n<p><strong>Satisfyer Yoni Power 1: allenamento del pavimento pelvico con le palline Ben Wa<\/strong><\/p>\n<p>Con Satisfyer Yoni Power 1 puoi rafforzare il tuo pavimento pelvico e goderti orgasmi ancora pi\u00f9 intensi. A differenza degli esercizi per il pavimento pelvico con altre palline Ben Wa, l&#8217;attenzione dello Yoni Power 1 non \u00e8 solo sul peso, ma soprattutto sulla dimensione delle palline: si inizia con la palla pi\u00f9 grande e pesante (3 cm di diametro, 74 cm di diametro). g) e procedere dalla media (2,5 cm di diametro, 46 g) fino alla pallina pi\u00f9 piccola e leggera (2 cm di diametro, 22 g). Quanto pi\u00f9 frequentemente esegui l&#8217;allenamento del pavimento pelvico, tanto pi\u00f9 tesi diventeranno i tuoi muscoli, in modo da poter tenere la palla con la circonferenza pi\u00f9 piccola. Devi solo usare le palline per 15 minuti al giorno per ottenere un effetto che non solo tu, ma anche la tua dolce met\u00e0 noterai durante il rapporto vaginale. La struttura a coste delle palline rotonde ti stimola anche durante l&#8217;allenamento.<\/p>\n<p><strong>Altre grandi cose delle palline Satisfyer Yoni Power 1 Ben Wa<\/strong><\/p>\n<p>Le sfere interne del Satisfyer Yoni Power 1 sono realizzate in acciaio inossidabile e sono rivestite in morbido silicone per uso medico, che rende l&#8217;allenamento del pavimento pelvico particolarmente delicato e igienico. Grazie alla forma arrotondata e alla lavorazione senza giunture, le palline Ben Wa sono particolarmente facili da inserire e altrettanto facili da rimuovere grazie agli anelli in silicone, rendendo il Satisfyer Yoni Power 1 ideale per i principianti. Le palline Satisfyer Ben Wa possono essere utilizzate anche per allenare il pavimento pelvico dopo il parto o per prevenire la debolezza della vescica. Usa le palline Ben Wa insieme al tuo vibratore a impulsi d&#8217;aria preferito per aumentare ulteriormente le tue sensazioni nei momenti sexy da solista. Dopo l&#8217;uso, puoi pulirli con acqua tiepida e sapone neutro e disinfettarli con un detergente per dispositivi per il benessere sessuale.<\/p>\n","protected":false},"excerpt":{"rendered":"<p>Puoi utilizzare Satisfyer Yoni Power 1 per allenare i muscoli del pavimento pelvico in soli 15 minuti al giorno per sperimentare orgasmi ancora pi\u00f9 intensi. Le<span class=\"excerpt-hellip\"> [\u2026]<\/span><\/p>\n","protected":false},"featured_media":5290,"comment_status":"open","ping_status":"closed","template":"","meta":[],"product_brand":[],"product_cat":[228],"product_tag":[170,187,165,178],"class_list":{"0":"post-4659","1":"product","2":"type-product","3":"status-publish","4":"has-post-thumbnail","6":"product_cat-palline-vaginali","7":"product_tag-donna","8":"product_tag-palline-vaginali","9":"product_tag-sextoys","10":"product_tag-vibratore","12":"first","13":"outofstock","14":"taxable","15":"shipping-taxable","16":"purchasable","17":"product-type-simple"},"_links":{"self":[{"href":"https:\/\/www.lovgasmstore.com\/index.php\/wp-json\/wp\/v2\/product\/4659","targetHints":{"allow":["GET"]}}],"collection":[{"href":"https:\/\/www.lovgasmstore.com\/index.php\/wp-json\/wp\/v2\/product"}],"about":[{"href":"https:\/\/www.lovgasmstore.com\/index.php\/wp-json\/wp\/v2\/types\/product"}],"replies":[{"embeddable":true,"href":"https:\/\/www.lovgasmstore.com\/index.php\/wp-json\/wp\/v2\/comments?post=4659"}],"version-history":[{"count":2,"href":"https:\/\/www.lovgasmstore.com\/index.php\/wp-json\/wp\/v2\/product\/4659\/revisions"}],"predecessor-version":[{"id":6019,"href":"https:\/\/www.lovgasmstore.com\/index.php\/wp-json\/wp\/v2\/product\/4659\/revisions\/6019"}],"wp:featuredmedia":[{"embeddable":true,"href":"https:\/\/www.lovgasmstore.com\/index.php\/wp-json\/wp\/v2\/media\/5290"}],"wp:attachment":[{"href":"https:\/\/www.lovgasmstore.com\/index.php\/wp-json\/wp\/v2\/media?parent=4659"}],"wp:term":[{"taxonomy":"product_brand","embeddable":true,"href":"https:\/\/www.lovgasmstore.com\/index.php\/wp-json\/wp\/v2\/product_brand?post=4659"},{"taxonomy":"product_cat","embeddable":true,"href":"https:\/\/www.lovgasmstore.com\/index.php\/wp-json\/wp\/v2\/product_cat?post=4659"},{"taxonomy":"product_tag","embeddable":true,"href":"https:\/\/www.lovgasmstore.com\/index.php\/wp-json\/wp\/v2\/product_tag?post=4659"}],"curies":[{"name":"wp","href":"https:\/\/api.w.org\/{rel}","templated":true}]}}