{"id":4658,"date":"2024-06-05T14:14:24","date_gmt":"2024-06-05T12:14:24","guid":{"rendered":"http:\/\/www.lovgasmstore.com\/index.php\/prodotto\/satisfyer-twirling-pro\/"},"modified":"2025-05-13T19:25:32","modified_gmt":"2025-05-13T17:25:32","slug":"satisfyer-twirling-pro","status":"publish","type":"product","link":"https:\/\/www.lovgasmstore.com\/index.php\/prodotto\/satisfyer-twirling-pro\/","title":{"rendered":"SATISFYER &#8211; TWIRLING PRO"},"content":{"rendered":"<p data-mce-fragment=\"1\">Due funzioni superstar, un comodo dispositivo&#8230; Benvenuti nel meraviglioso mondo dei vibratori ibridi Air-Pulse, con il nuovissimo Twirling Pro!<\/p>\n<p data-mce-fragment=\"1\"><strong data-mce-fragment=\"1\">Informazione prodotto &#8220;Satisfyer Twirling Pro&#8221;<\/strong><\/p>\n<ul data-mce-fragment=\"1\">\n<li data-mce-fragment=\"1\">Stimolazione clitoridea tramite onde pressorie e stimolazione erogena tramite vibrazioni<\/li>\n<li data-mce-fragment=\"1\">Realizzato in silicone per uso medico super morbido e delicato sulla pelle, liscio al tatto ed estremamente igienico<\/li>\n<li data-mce-fragment=\"1\">Grazie al suo esterno impermeabile (IPX7), questo dispositivo per il benessere sessuale pu\u00f2 essere tranquillamente utilizzato in acqua ed \u00e8 facile da pulire<\/li>\n<li data-mce-fragment=\"1\">Garanzia di 15 anni<\/li>\n<li data-mce-fragment=\"1\">2 motori controllabili separatamente<\/li>\n<li data-mce-fragment=\"1\">11 intensit\u00e0 di onde d&#8217;aria + 12 programmi di vibrazione<\/li>\n<li data-mce-fragment=\"1\">Silicone amico del corpo<\/li>\n<li data-mce-fragment=\"1\">Impermeabile (IPX7)<\/li>\n<li data-mce-fragment=\"1\">Modalit\u00e0 sussurro<\/li>\n<li data-mce-fragment=\"1\">Batteria agli ioni di litio<\/li>\n<li data-mce-fragment=\"1\">Cavo di ricarica magnetico USB incluso<\/li>\n<li data-mce-fragment=\"1\">Facile da pulire<\/li>\n<\/ul>\n<p data-mce-fragment=\"1\"><strong data-mce-fragment=\"1\">Piacere infinito con Satisfyer Twirling Pro<\/strong><\/p>\n<p data-mce-fragment=\"1\">Prendi la potenza potentemente mirata di un vibratore a punta, combinala con la rivoluzionaria tecnologia Air-Pulse e ottieni un&#8217;atmosfera che pu\u00f2 fare tutto. Ideale per i principianti, lascia che Twirling Pro ti mostri le vie del piacere. Con funzioni multiple e facili da usare e una forma curva con un corpo arrotondato, impara quello che ti piace! Ottimo per stimolare tutte le zone erogene, la punta circolante mirata, leggermente flessibile, ti consente di inserire i tuoi punti preferiti. Con due motori controllati in modo indipendente, esplora 11 diverse intensit\u00e0 di onde di pressione e 12 impostazioni di vibrazione con il pannello di controllo intuitivo. Il Twirling Pro \u00e8 realizzato in silicone sicuro per il corpo, \u00e8 ricaricabile e impermeabile (IPX7). Fai girare te stesso in una vertigine oggi!<\/p>\n<div id=\"dimensiones-producto\">\n<span>Dimensioni imballo:\u00a0<\/span><span>240 x 110 x 70 Millimetri<\/span>\n<\/div>\n<div id=\"peso-producto\">\n<span>Peso:\u00a0<\/span><span>352 grammi<\/span>\n<\/div>\n","protected":false},"excerpt":{"rendered":"<p>Due funzioni superstar, un comodo dispositivo&#8230; Benvenuti nel meraviglioso mondo dei vibratori ibridi Air-Pulse, con il nuovissimo Twirling Pro! Informazione prodotto &#8220;Satisfyer Twirling Pro&#8221; Stimolazione clitoridea<span class=\"excerpt-hellip\"> [\u2026]<\/span><\/p>\n","protected":false},"featured_media":5286,"comment_status":"open","ping_status":"closed","template":"","meta":[],"product_brand":[],"product_cat":[224,219],"product_tag":[170,165,191,204],"class_list":{"0":"post-4658","1":"product","2":"type-product","3":"status-publish","4":"has-post-thumbnail","6":"product_cat-succhia-clitoride","7":"product_cat-vagina","8":"product_tag-donna","9":"product_tag-sextoys","10":"product_tag-succhia-clitoride","11":"product_tag-vibrator","13":"first","14":"outofstock","15":"sale","16":"taxable","17":"shipping-taxable","18":"purchasable","19":"product-type-simple"},"_links":{"self":[{"href":"https:\/\/www.lovgasmstore.com\/index.php\/wp-json\/wp\/v2\/product\/4658","targetHints":{"allow":["GET"]}}],"collection":[{"href":"https:\/\/www.lovgasmstore.com\/index.php\/wp-json\/wp\/v2\/product"}],"about":[{"href":"https:\/\/www.lovgasmstore.com\/index.php\/wp-json\/wp\/v2\/types\/product"}],"replies":[{"embeddable":true,"href":"https:\/\/www.lovgasmstore.com\/index.php\/wp-json\/wp\/v2\/comments?post=4658"}],"version-history":[{"count":2,"href":"https:\/\/www.lovgasmstore.com\/index.php\/wp-json\/wp\/v2\/product\/4658\/revisions"}],"predecessor-version":[{"id":6020,"href":"https:\/\/www.lovgasmstore.com\/index.php\/wp-json\/wp\/v2\/product\/4658\/revisions\/6020"}],"wp:featuredmedia":[{"embeddable":true,"href":"https:\/\/www.lovgasmstore.com\/index.php\/wp-json\/wp\/v2\/media\/5286"}],"wp:attachment":[{"href":"https:\/\/www.lovgasmstore.com\/index.php\/wp-json\/wp\/v2\/media?parent=4658"}],"wp:term":[{"taxonomy":"product_brand","embeddable":true,"href":"https:\/\/www.lovgasmstore.com\/index.php\/wp-json\/wp\/v2\/product_brand?post=4658"},{"taxonomy":"product_cat","embeddable":true,"href":"https:\/\/www.lovgasmstore.com\/index.php\/wp-json\/wp\/v2\/product_cat?post=4658"},{"taxonomy":"product_tag","embeddable":true,"href":"https:\/\/www.lovgasmstore.com\/index.php\/wp-json\/wp\/v2\/product_tag?post=4658"}],"curies":[{"name":"wp","href":"https:\/\/api.w.org\/{rel}","templated":true}]}}