{"id":4657,"date":"2024-06-05T14:14:04","date_gmt":"2024-06-05T12:14:04","guid":{"rendered":"http:\/\/www.lovgasmstore.com\/index.php\/prodotto\/satisfyer-swordsman\/"},"modified":"2025-05-13T19:27:43","modified_gmt":"2025-05-13T17:27:43","slug":"satisfyer-swordsman","status":"publish","type":"product","link":"https:\/\/www.lovgasmstore.com\/index.php\/prodotto\/satisfyer-swordsman\/","title":{"rendered":"SATISFYER &#8211; SWORDSMAN"},"content":{"rendered":"<p><strong>Informazioni sul prodotto &#8220;Satisfyer Swordsman&#8221;<\/strong><\/p>\n<ul>\n<li>Il potente motore trasmette intensi ritmi di vibrazione in tutto il dispositivo per il benessere sessuale<\/li>\n<li>Ideale per coppie<\/li>\n<li>Realizzato in silicone medico super morbido e delicato sulla pelle, liscio al tatto ed estremamente igienico<\/li>\n<li>Garanzia 15 anni Maggiore resistenza grazie alla ritenzione sanguigna<\/li>\n<li>Tenuta regolabile individualmente Silicone delicato sul corpo<\/li>\n<li>Modalit\u00e0 Whisper impermeabile IPX7<\/li>\n<li>Batteria agli ioni di litio facile da pulire<\/li>\n<li>Cavo di ricarica magnetico USB incluso<\/li>\n<\/ul>\n<p><strong>Cos&#8217;altro pu\u00f2 offrirti il vibratore Satisfyer Swordsman?<\/strong><\/p>\n<p>Lo Swordsman \u00e8 un anello regolabile che consente una flessibilit\u00e0 completa: non dovrai pi\u00f9 lottare per trovare un anello per il pene che si adatti perfettamente. Questo anello \u00e8 perfetto sia per i principianti che per gli utenti esperti, permettendoti di esplorare le vaste possibilit\u00e0 degli anelli per il pene! Con un voluminoso stimolatore del clitoride e una struttura a coste per un&#8217;ulteriore stimolazione del pene o dei testicoli, lo Spadaccino \u00e8 senza dubbio qui per compiacere. Questo anello regolabile con cursore \u00e8 davvero taglia unica! Con un motore e un pulsante one-touch con 12 programmi di vibrazione, proverai pura felicit\u00e0 con lo Spadaccino!<\/p>\n<p>Lo Spadaccino \u00e8 realizzato in silicone sicuro per il corpo, ricaricabile e impermeabile (IPX7).<\/p>\n<p>Onora la tua spada oggi!<\/p>\n","protected":false},"excerpt":{"rendered":"<p>Informazioni sul prodotto &#8220;Satisfyer Swordsman&#8221; Il potente motore trasmette intensi ritmi di vibrazione in tutto il dispositivo per il benessere sessuale Ideale per coppie Realizzato in<span class=\"excerpt-hellip\"> [\u2026]<\/span><\/p>\n","protected":false},"featured_media":5282,"comment_status":"open","ping_status":"closed","template":"","meta":[],"product_brand":[],"product_cat":[230],"product_tag":[180,165,182,178],"class_list":{"0":"post-4657","1":"product","2":"type-product","3":"status-publish","4":"has-post-thumbnail","6":"product_cat-anello-per-il-pene","7":"product_tag-anelli-pene","8":"product_tag-sextoys","9":"product_tag-uomo","10":"product_tag-vibratore","12":"first","13":"instock","14":"taxable","15":"shipping-taxable","16":"purchasable","17":"product-type-simple"},"_links":{"self":[{"href":"https:\/\/www.lovgasmstore.com\/index.php\/wp-json\/wp\/v2\/product\/4657","targetHints":{"allow":["GET"]}}],"collection":[{"href":"https:\/\/www.lovgasmstore.com\/index.php\/wp-json\/wp\/v2\/product"}],"about":[{"href":"https:\/\/www.lovgasmstore.com\/index.php\/wp-json\/wp\/v2\/types\/product"}],"replies":[{"embeddable":true,"href":"https:\/\/www.lovgasmstore.com\/index.php\/wp-json\/wp\/v2\/comments?post=4657"}],"version-history":[{"count":2,"href":"https:\/\/www.lovgasmstore.com\/index.php\/wp-json\/wp\/v2\/product\/4657\/revisions"}],"predecessor-version":[{"id":6021,"href":"https:\/\/www.lovgasmstore.com\/index.php\/wp-json\/wp\/v2\/product\/4657\/revisions\/6021"}],"wp:featuredmedia":[{"embeddable":true,"href":"https:\/\/www.lovgasmstore.com\/index.php\/wp-json\/wp\/v2\/media\/5282"}],"wp:attachment":[{"href":"https:\/\/www.lovgasmstore.com\/index.php\/wp-json\/wp\/v2\/media?parent=4657"}],"wp:term":[{"taxonomy":"product_brand","embeddable":true,"href":"https:\/\/www.lovgasmstore.com\/index.php\/wp-json\/wp\/v2\/product_brand?post=4657"},{"taxonomy":"product_cat","embeddable":true,"href":"https:\/\/www.lovgasmstore.com\/index.php\/wp-json\/wp\/v2\/product_cat?post=4657"},{"taxonomy":"product_tag","embeddable":true,"href":"https:\/\/www.lovgasmstore.com\/index.php\/wp-json\/wp\/v2\/product_tag?post=4657"}],"curies":[{"name":"wp","href":"https:\/\/api.w.org\/{rel}","templated":true}]}}