{"id":4651,"date":"2024-06-05T14:13:24","date_gmt":"2024-06-05T12:13:24","guid":{"rendered":"http:\/\/www.lovgasmstore.com\/index.php\/prodotto\/satisfyer-pro-g-spot\/"},"modified":"2025-05-13T19:31:13","modified_gmt":"2025-05-13T17:31:13","slug":"satisfyer-pro-g-spot","status":"publish","type":"product","link":"https:\/\/www.lovgasmstore.com\/index.php\/prodotto\/satisfyer-pro-g-spot\/","title":{"rendered":"SATISFYER &#8211; PRO G-SPOT"},"content":{"rendered":"<p data-mce-fragment=\"1\"><strong>Satisfyer Pro G-Spot<\/strong><\/p>\n<ul data-mce-fragment=\"1\">\n<li data-mce-fragment=\"1\">2: 1 &#8211; onde di pressione e vibrazioni<\/li>\n<li data-mce-fragment=\"1\">Novit\u00e0 mondiale: il must-have nella tua vita<\/li>\n<li data-mce-fragment=\"1\">Impostazioni controllabili separatamente<\/li>\n<li data-mce-fragment=\"1\">2 potenti motori. Impermeabile<\/li>\n<li data-mce-fragment=\"1\">Cavo di ricarica USB ricaricabile incluso<\/li>\n<\/ul>\n<p data-mce-fragment=\"1\">Tempo per il massimo delle sensazioni: questo speciale Coniglio \u00e8 la tua musa ispiratrice, che ti riempie di orgasmi per il tuo diario di superlativi. Nello stile tipico della famiglia Satisfyer, stimola il tuo amore tallone senza contatto attraverso le onde di pressione, fornendo una stimolazione pi\u00f9 profonda che porta a pi\u00f9 orgasmi. Questo talento da solo ha evocato sorrisi insaziabili sui volti delle donne di tutto il mondo. Ma ogni torta merita una glassa e, in base a questa filosofia, \u00e8 stato sviluppato il Satisfyer Pro G-Spot. Espande la sensazione unica della stimolazione dell&#8217;onda di pressione del clitoride per includere un ulteriore massaggio del punto G. Potrebbe valere la pena prendersi qualche giorno di ferie e trascorrerli a letto, insieme a questo innovativo compagno di piacere.<\/p>\n<p data-mce-fragment=\"1\">PORTA LA TUA LIBIDO A UN PICCO!<br data-mce-fragment=\"1\">La forma ergonomica e la copertura in silicone morbida come la seta del Pro G-Spot assicurano che si trovi comodamente in mano. Una volta che il design allettante ti ha sedotto, scivola dolcemente dentro di te. L&#8217;asta flessibile ed elegantemente curva si aggrappa abilmente alle tue curve e cerca il tuo punto G con una punta voluminosa contenente un potente motore. Un piacevole bouquet di 3 intensit\u00e0 di vibrazione e 7 ritmi fornisce profonde vibrazioni vaginali.<\/p>\n<p data-mce-fragment=\"1\">Nel frattempo, lo stimolatore clitorideo accarezza la tua perla d&#8217;amore con una sensuale stimolazione a onde di pressione. L&#8217;accessorio rotondo in silicone circonda il tuo clitoride mentre sei portato a un climax senza contatto. Questo ti d\u00e0 una sensazione simile a quella della stimolazione orale: il cambio rapido tra aspirazione e pressione \u00e8 disponibile in 11 intensit\u00e0: usa semplicemente i controlli intuitivi per passare da un&#8217;impostazione all&#8217;altra. Un terzo pulsante controlla l&#8217;impostazione della vibrazione, consentendo innumerevoli combinazioni seducenti di impostazioni. Il Satisfyer Pro G-Spot \u00e8 anche estremamente silenzioso, anche se potrebbe indurre alcuni rumori a uscire da te! La finitura impermeabile significa che \u00e8 anche il compagno di balneazione ideale, invitandoti a goderti piaceri sensuali sotto la doccia o il bagno.<\/p>\n<p data-mce-fragment=\"1\">MATERIALE E CURA<br data-mce-fragment=\"1\">L&#8217;attacco in silicone intercambiabile e delicato sulla pelle per questo modello Satisfyer \u00e8 maneggevole e rotondo. La superficie priva di attrito dell&#8217;anello circonda comodamente e ad arte la tua perla dell&#8217;amore. Intensifica ulteriormente le tue sensazioni di piacere utilizzando un lubrificante a base d&#8217;acqua. La batteria ricaricabile integrata nel Satisfyer Pro G-Spot offre una ricarica ecologica. Se desideri caricare il tuo giocattolo tramite una spina di rete, il cavo USB magnetico (incluso) pu\u00f2 essere integrato con una spina standard da 5 V. Il silicone delicato sulla pelle \u00e8 estremamente facile da pulire. Lavare semplicemente il giocattolo con acqua tiepida e un po &#8216;di sapone. L&#8217;allegato \u00e8 anche facilmente rimovibile. Termina con un paio di spruzzi di detergente disinfettante per giocattoli per garantire un&#8217;igiene particolarmente accurata.<\/p>\n<p data-mce-fragment=\"1\">IL MARCHIO PI\u00d9 SODDISFATTO<br data-mce-fragment=\"1\">Il marchio di fabbrica della famiglia Satisfyer \u00e8 la stimolazione senza contatto del clitoride attraverso intense onde di pressione. Questa forma di stimolazione regala alle donne di tutto il mondo orgasmi intensi, evitando allo stesso tempo l&#8217;irritazione. Le testine di tutti i modelli sono realizzate in silicone di alta qualit\u00e0 e sono facilmente sostituibili, in modo che i giocattoli dell&#8217;amore impermeabili rimangano igienici a lungo termine. Con questi giocattoli, non c&#8217;\u00e8 nulla che impedisca di raggiungere orgasmi multipli!<\/p>\n<p data-mce-fragment=\"1\">Ti informiamo che alcuni dei nostri prodotti potrebbero contenere batterie al momento della spedizione. Si prega di notare i nostri commenti sulla legge tedesca sulle batterie.<br data-mce-fragment=\"1\">Inoltre, desideriamo informarLa che siamo obbligati a riprendere un vecchio dispositivo quando viene acquistato un dispositivo elettrico o elettronico. Si prega di notare i nostri commenti sull&#8217;obbligo di riprendere dispositivi elettrici ed elettronici.<\/p>\n<div id=\"dimensiones-producto\">\n<span>Dimensioni imballo:\u00a0<\/span><span>100 x 240 x 50 Millimetri<\/span>\n<\/div>\n<div id=\"peso-producto\">\n<span>Peso:\u00a0<\/span><span>926 grammi<\/span>\n<\/div>\n","protected":false},"excerpt":{"rendered":"<p>Satisfyer Pro G-Spot 2: 1 &#8211; onde di pressione e vibrazioni Novit\u00e0 mondiale: il must-have nella tua vita Impostazioni controllabili separatamente 2 potenti motori. Impermeabile Cavo<span class=\"excerpt-hellip\"> [\u2026]<\/span><\/p>\n","protected":false},"featured_media":5267,"comment_status":"open","ping_status":"closed","template":"","meta":[],"product_brand":[],"product_cat":[225],"product_tag":[170,165,204,178],"class_list":{"0":"post-4651","1":"product","2":"type-product","3":"status-publish","4":"has-post-thumbnail","6":"product_cat-vibratore","7":"product_tag-donna","8":"product_tag-sextoys","9":"product_tag-vibrator","10":"product_tag-vibratore","12":"first","13":"outofstock","14":"taxable","15":"shipping-taxable","16":"purchasable","17":"product-type-simple"},"_links":{"self":[{"href":"https:\/\/www.lovgasmstore.com\/index.php\/wp-json\/wp\/v2\/product\/4651","targetHints":{"allow":["GET"]}}],"collection":[{"href":"https:\/\/www.lovgasmstore.com\/index.php\/wp-json\/wp\/v2\/product"}],"about":[{"href":"https:\/\/www.lovgasmstore.com\/index.php\/wp-json\/wp\/v2\/types\/product"}],"replies":[{"embeddable":true,"href":"https:\/\/www.lovgasmstore.com\/index.php\/wp-json\/wp\/v2\/comments?post=4651"}],"version-history":[{"count":2,"href":"https:\/\/www.lovgasmstore.com\/index.php\/wp-json\/wp\/v2\/product\/4651\/revisions"}],"predecessor-version":[{"id":6024,"href":"https:\/\/www.lovgasmstore.com\/index.php\/wp-json\/wp\/v2\/product\/4651\/revisions\/6024"}],"wp:featuredmedia":[{"embeddable":true,"href":"https:\/\/www.lovgasmstore.com\/index.php\/wp-json\/wp\/v2\/media\/5267"}],"wp:attachment":[{"href":"https:\/\/www.lovgasmstore.com\/index.php\/wp-json\/wp\/v2\/media?parent=4651"}],"wp:term":[{"taxonomy":"product_brand","embeddable":true,"href":"https:\/\/www.lovgasmstore.com\/index.php\/wp-json\/wp\/v2\/product_brand?post=4651"},{"taxonomy":"product_cat","embeddable":true,"href":"https:\/\/www.lovgasmstore.com\/index.php\/wp-json\/wp\/v2\/product_cat?post=4651"},{"taxonomy":"product_tag","embeddable":true,"href":"https:\/\/www.lovgasmstore.com\/index.php\/wp-json\/wp\/v2\/product_tag?post=4651"}],"curies":[{"name":"wp","href":"https:\/\/api.w.org\/{rel}","templated":true}]}}