{"id":4647,"date":"2024-06-05T14:12:56","date_gmt":"2024-06-05T12:12:56","guid":{"rendered":"http:\/\/www.lovgasmstore.com\/index.php\/prodotto\/satisfyer-pro-2\/"},"modified":"2025-05-14T12:33:42","modified_gmt":"2025-05-14T10:33:42","slug":"satisfyer-pro-2","status":"publish","type":"product","link":"https:\/\/www.lovgasmstore.com\/index.php\/prodotto\/satisfyer-pro-2\/","title":{"rendered":"SATISFYER &#8211; PRO 2 NG"},"content":{"rendered":"<p>&nbsp;<\/p>\n<p data-mce-fragment=\"1\">Per ottenere orgasmi multipli e pi\u00f9 intensi. La vibrazione di nuova generazione <strong>Satisfyer Pro 2<\/strong> stimola il clitoride senza contatto con onde espansive e pulsazioni eccitanti per ottenere un maggiore piacere.<\/p>\n<ul data-mce-fragment=\"1\">\n<li data-mce-fragment=\"1\">Stimolazione clitoridea senza contatto<\/li>\n<li data-mce-fragment=\"1\">Stimolazione tramite onda d&#8217;urto<\/li>\n<li data-mce-fragment=\"1\">Vibrazione<\/li>\n<li data-mce-fragment=\"1\">Cavo USB di ricarica magnetico incluso<\/li>\n<li data-mce-fragment=\"1\">Batteria agli ioni di litio<\/li>\n<li data-mce-fragment=\"1\">Silicone delicato per il corpo<\/li>\n<li data-mce-fragment=\"1\">11 programmi<\/li>\n<li data-mce-fragment=\"1\">90% pi\u00f9 silenzioso<\/li>\n<\/ul>\n<p data-mce-fragment=\"1\">Cosa <strong>offre la vibrazione<\/strong> di nuova generazione?<\/p>\n<p data-mce-fragment=\"1\">Per accendere lo stimolatore di lusso, \u00e8 sufficiente premere il pulsante inferiore e quello pi\u00f9 piccolo per circa 2 secondi fino a quando il livello di massaggio pi\u00f9 basso \u00e8 stato attivato nel Satisfyer Pro 2 NG Vibration.<\/p>\n<p data-mce-fragment=\"1\"><strong>Importante:<\/strong> deve essere completamente caricato dalla prima applicazione, \u00e8 molto semplice con il cavo di ricarica USB incluso. Attaccalo con i due contatti magnetici nel contatto previsto e nelle posizioni metalliche del dildo. Se il cavo di ricarica non si attacca, puoi collegarlo al circuito elettrico e attendere un momento.<\/p>\n<p data-mce-fragment=\"1\">Questo attiver\u00e0 il magnete e la connessione dei contatti verr\u00e0 ripristinata automaticamente. Durante il processo di ricarica, il LED lampeggia. Non appena il processo di caricamento \u00e8 terminato, briller\u00e0 continuamente.<\/p>\n<p data-mce-fragment=\"1\">Il primo processo di ricarica pu\u00f2 durare un massimo <strong>di otto ore.<\/strong><\/p>\n","protected":false},"excerpt":{"rendered":"<p>&nbsp; Per ottenere orgasmi multipli e pi\u00f9 intensi. La vibrazione di nuova generazione Satisfyer Pro 2 stimola il clitoride senza contatto con onde espansive e pulsazioni<span class=\"excerpt-hellip\"> [\u2026]<\/span><\/p>\n","protected":false},"featured_media":5256,"comment_status":"open","ping_status":"closed","template":"","meta":[],"product_brand":[],"product_cat":[224],"product_tag":[189,165,204,218],"class_list":{"0":"post-4647","1":"product","2":"type-product","3":"status-publish","4":"has-post-thumbnail","6":"product_cat-succhia-clitoride","7":"product_tag-clitoride","8":"product_tag-sextoys","9":"product_tag-vibrator","10":"product_tag-women","12":"first","13":"outofstock","14":"taxable","15":"shipping-taxable","16":"purchasable","17":"product-type-simple"},"_links":{"self":[{"href":"https:\/\/www.lovgasmstore.com\/index.php\/wp-json\/wp\/v2\/product\/4647","targetHints":{"allow":["GET"]}}],"collection":[{"href":"https:\/\/www.lovgasmstore.com\/index.php\/wp-json\/wp\/v2\/product"}],"about":[{"href":"https:\/\/www.lovgasmstore.com\/index.php\/wp-json\/wp\/v2\/types\/product"}],"replies":[{"embeddable":true,"href":"https:\/\/www.lovgasmstore.com\/index.php\/wp-json\/wp\/v2\/comments?post=4647"}],"version-history":[{"count":3,"href":"https:\/\/www.lovgasmstore.com\/index.php\/wp-json\/wp\/v2\/product\/4647\/revisions"}],"predecessor-version":[{"id":6465,"href":"https:\/\/www.lovgasmstore.com\/index.php\/wp-json\/wp\/v2\/product\/4647\/revisions\/6465"}],"wp:featuredmedia":[{"embeddable":true,"href":"https:\/\/www.lovgasmstore.com\/index.php\/wp-json\/wp\/v2\/media\/5256"}],"wp:attachment":[{"href":"https:\/\/www.lovgasmstore.com\/index.php\/wp-json\/wp\/v2\/media?parent=4647"}],"wp:term":[{"taxonomy":"product_brand","embeddable":true,"href":"https:\/\/www.lovgasmstore.com\/index.php\/wp-json\/wp\/v2\/product_brand?post=4647"},{"taxonomy":"product_cat","embeddable":true,"href":"https:\/\/www.lovgasmstore.com\/index.php\/wp-json\/wp\/v2\/product_cat?post=4647"},{"taxonomy":"product_tag","embeddable":true,"href":"https:\/\/www.lovgasmstore.com\/index.php\/wp-json\/wp\/v2\/product_tag?post=4647"}],"curies":[{"name":"wp","href":"https:\/\/api.w.org\/{rel}","templated":true}]}}