{"id":4645,"date":"2024-06-05T14:12:46","date_gmt":"2024-06-05T12:12:46","guid":{"rendered":"http:\/\/www.lovgasmstore.com\/index.php\/prodotto\/satisfyer\/"},"modified":"2025-05-13T19:32:14","modified_gmt":"2025-05-13T17:32:14","slug":"satisfyer","status":"publish","type":"product","link":"https:\/\/www.lovgasmstore.com\/index.php\/prodotto\/satisfyer\/","title":{"rendered":"SATISFYER &#8211; PRO 2"},"content":{"rendered":"<p><meta charset=\"UTF-8\"><\/p>\n<p data-mce-fragment=\"1\">l nostro classico ed elegante <strong>Pro 2<\/strong> fa il suo debutto con la nostra tecnologia brevettata Air-Pulse, progettata per eccitare il tuo clitoride fino alla vera estasi.\u00a0<\/p>\n<p data-mce-fragment=\"1\"><strong>Stimola il clitoride utilizzando intense onde di pressione senza contatto diretto.<\/strong><\/p>\n<p data-mce-fragment=\"1\">Grazie alla sua finitura impermeabile (IPX7), questo giocattolo pu\u00f2 essere utilizzato in sicurezza in acqua, oltre ad essere facile da pulire<\/p>\n<p data-mce-fragment=\"1\">Per ottenere orgasmi multipli e pi\u00f9 intensi. Satisfyer Pro 2 di <strong>nuova generazione<\/strong> stimola il clitoride senza contatto con onde d&#8217;urto e <strong>pulsazioni eccitanti<\/strong> per un maggiore piacere.<\/p>\n<p data-mce-fragment=\"1\">Il nuovo modello \u00e8 notevolmente<strong> pi\u00f9 silenzioso<\/strong> del suo predecessore. Non appena la testa circonda il tuo clitoride, non puoi quasi sentire nulla. Se usi il tuo giocattolo preferito nella vasca da bagno, dovrai affilare l&#8217;orecchio per sentirlo.\u00a0<\/p>\n<p data-mce-fragment=\"1\">Se si desidera aumentare l&#8217;intensit\u00e0, premere brevemente il pulsante ovale pi\u00f9 grande. Ad ogni pressione, l&#8217;intensit\u00e0 aumenter\u00e0 di un livello. Sono <strong>disponibili 11 livelli<\/strong> di intensit\u00e0 tra cui scegliere.\u00a0<\/p>\n<p data-mce-fragment=\"1\"><strong>Importante:<\/strong> deve essere completamente caricato dalla prima applicazione, \u00e8 molto semplice con il cavo di ricarica USB incluso. Attaccalo con i due contatti magnetici nelle posizioni di contatto previste e in metallo sul dildo. Se il cavo di ricarica non si attacca, puoi collegarlo al circuito elettrico e attendere un momento.<\/p>\n<p data-mce-fragment=\"1\"><br data-mce-fragment=\"1\">Questo attiver\u00e0 il magnete e la connessione dei contatti verr\u00e0 ripristinata automaticamente. Durante il processo di ricarica, il LED lampeggia. Non appena il processo di ricarica \u00e8 completo, si illuminer\u00e0 continuamente.<\/p>\n<p data-mce-fragment=\"1\">Il primo processo di ricarica pu\u00f2 richiedere<strong> fino a otto ore<\/strong>.<\/p>\n","protected":false},"excerpt":{"rendered":"<p>l nostro classico ed elegante Pro 2 fa il suo debutto con la nostra tecnologia brevettata Air-Pulse, progettata per eccitare il tuo clitoride fino alla vera<span class=\"excerpt-hellip\"> [\u2026]<\/span><\/p>\n","protected":false},"featured_media":5251,"comment_status":"open","ping_status":"closed","template":"","meta":[],"product_brand":[],"product_cat":[224],"product_tag":[170,165,191,178],"class_list":{"0":"post-4645","1":"product","2":"type-product","3":"status-publish","4":"has-post-thumbnail","6":"product_cat-succhia-clitoride","7":"product_tag-donna","8":"product_tag-sextoys","9":"product_tag-succhia-clitoride","10":"product_tag-vibratore","12":"first","13":"instock","14":"taxable","15":"shipping-taxable","16":"purchasable","17":"product-type-simple"},"_links":{"self":[{"href":"https:\/\/www.lovgasmstore.com\/index.php\/wp-json\/wp\/v2\/product\/4645","targetHints":{"allow":["GET"]}}],"collection":[{"href":"https:\/\/www.lovgasmstore.com\/index.php\/wp-json\/wp\/v2\/product"}],"about":[{"href":"https:\/\/www.lovgasmstore.com\/index.php\/wp-json\/wp\/v2\/types\/product"}],"replies":[{"embeddable":true,"href":"https:\/\/www.lovgasmstore.com\/index.php\/wp-json\/wp\/v2\/comments?post=4645"}],"version-history":[{"count":2,"href":"https:\/\/www.lovgasmstore.com\/index.php\/wp-json\/wp\/v2\/product\/4645\/revisions"}],"predecessor-version":[{"id":6027,"href":"https:\/\/www.lovgasmstore.com\/index.php\/wp-json\/wp\/v2\/product\/4645\/revisions\/6027"}],"wp:featuredmedia":[{"embeddable":true,"href":"https:\/\/www.lovgasmstore.com\/index.php\/wp-json\/wp\/v2\/media\/5251"}],"wp:attachment":[{"href":"https:\/\/www.lovgasmstore.com\/index.php\/wp-json\/wp\/v2\/media?parent=4645"}],"wp:term":[{"taxonomy":"product_brand","embeddable":true,"href":"https:\/\/www.lovgasmstore.com\/index.php\/wp-json\/wp\/v2\/product_brand?post=4645"},{"taxonomy":"product_cat","embeddable":true,"href":"https:\/\/www.lovgasmstore.com\/index.php\/wp-json\/wp\/v2\/product_cat?post=4645"},{"taxonomy":"product_tag","embeddable":true,"href":"https:\/\/www.lovgasmstore.com\/index.php\/wp-json\/wp\/v2\/product_tag?post=4645"}],"curies":[{"name":"wp","href":"https:\/\/api.w.org\/{rel}","templated":true}]}}