{"id":4640,"date":"2024-06-05T14:12:13","date_gmt":"2024-06-05T12:12:13","guid":{"rendered":"http:\/\/www.lovgasmstore.com\/index.php\/prodotto\/satisfyer-classic-blossom\/"},"modified":"2025-05-13T19:38:59","modified_gmt":"2025-05-13T17:38:59","slug":"satisfyer-classic-blossom","status":"publish","type":"product","link":"https:\/\/www.lovgasmstore.com\/index.php\/prodotto\/satisfyer-classic-blossom\/","title":{"rendered":"SATISFYER &#8211; CLASSIC BLOSSOM"},"content":{"rendered":"<p><span>Ti presentiamo\u00a0<\/span><strong>Satisfyer Pro 2 Classic Blossom:<\/strong><span>\u00a0la bellezza della natura incontra l&#8217;innovazione!<\/span><\/p>\n<p>Dotato della tecnologia<span>\u00a0<\/span><strong>Satisfyer Air Pulse<\/strong><span>\u00a0<\/span>, che ha aiutato milioni di persone in tutto il mondo a raggiungere orgasmi senza precedenti, questo straordinario prodotto per il piacere stimoler\u00e0 il tuo clitoride completamente senza contatto. E non \u00e8 tutto: la testina Liquid Air inclusa si prende cura del clitoride con l&#8217;innovativa tecnologia<span>\u00a0<\/span><strong>Liquid Air<\/strong><span>\u00a0<\/span>di Satisfyer che crea una sensazione simile a quella di un getto d&#8217;acqua pulsante.<\/p>\n<p>Scegli il tuo preferito tra 11 intensit\u00e0 di onde di pressione, che vanno da delicate a intense. Satisfyer Pro 2 Classic Blossom \u00e8 disponibile Realizzato in silicone sicuro per il corpo ed \u00e8 anche completamente impermeabile (IPX7), quindi puoi godertelo anche sotto la doccia o il bagno. Regalati Satisfyer Pro 2 Classic Blossom e scopri la bellezza dell&#8217;innovazione Satisfyer: questo fiore aspetta che tu lo cogli!<\/p>\n<p><\/p>\n<p><strong><u>CARATTERISTICHE:<\/u><\/strong><\/p>\n<ul>\n<li>Tecnologia dell&#8217;aria liquida.<\/li>\n<li>Silicone completo.<\/li>\n<li>Impermeabile (IPX7).<\/li>\n<li>Dimensioni da viaggio.<\/li>\n<\/ul>\n","protected":false},"excerpt":{"rendered":"<p>Ti presentiamo\u00a0Satisfyer Pro 2 Classic Blossom:\u00a0la bellezza della natura incontra l&#8217;innovazione! Dotato della tecnologia\u00a0Satisfyer Air Pulse\u00a0, che ha aiutato milioni di persone in tutto il mondo<span class=\"excerpt-hellip\"> [\u2026]<\/span><\/p>\n","protected":false},"featured_media":5231,"comment_status":"open","ping_status":"closed","template":"","meta":[],"product_brand":[],"product_cat":[224],"product_tag":[170,165,191,178],"class_list":{"0":"post-4640","1":"product","2":"type-product","3":"status-publish","4":"has-post-thumbnail","6":"product_cat-succhia-clitoride","7":"product_tag-donna","8":"product_tag-sextoys","9":"product_tag-succhia-clitoride","10":"product_tag-vibratore","12":"first","13":"instock","14":"taxable","15":"shipping-taxable","16":"purchasable","17":"product-type-simple"},"_links":{"self":[{"href":"https:\/\/www.lovgasmstore.com\/index.php\/wp-json\/wp\/v2\/product\/4640","targetHints":{"allow":["GET"]}}],"collection":[{"href":"https:\/\/www.lovgasmstore.com\/index.php\/wp-json\/wp\/v2\/product"}],"about":[{"href":"https:\/\/www.lovgasmstore.com\/index.php\/wp-json\/wp\/v2\/types\/product"}],"replies":[{"embeddable":true,"href":"https:\/\/www.lovgasmstore.com\/index.php\/wp-json\/wp\/v2\/comments?post=4640"}],"version-history":[{"count":2,"href":"https:\/\/www.lovgasmstore.com\/index.php\/wp-json\/wp\/v2\/product\/4640\/revisions"}],"predecessor-version":[{"id":6030,"href":"https:\/\/www.lovgasmstore.com\/index.php\/wp-json\/wp\/v2\/product\/4640\/revisions\/6030"}],"wp:featuredmedia":[{"embeddable":true,"href":"https:\/\/www.lovgasmstore.com\/index.php\/wp-json\/wp\/v2\/media\/5231"}],"wp:attachment":[{"href":"https:\/\/www.lovgasmstore.com\/index.php\/wp-json\/wp\/v2\/media?parent=4640"}],"wp:term":[{"taxonomy":"product_brand","embeddable":true,"href":"https:\/\/www.lovgasmstore.com\/index.php\/wp-json\/wp\/v2\/product_brand?post=4640"},{"taxonomy":"product_cat","embeddable":true,"href":"https:\/\/www.lovgasmstore.com\/index.php\/wp-json\/wp\/v2\/product_cat?post=4640"},{"taxonomy":"product_tag","embeddable":true,"href":"https:\/\/www.lovgasmstore.com\/index.php\/wp-json\/wp\/v2\/product_tag?post=4640"}],"curies":[{"name":"wp","href":"https:\/\/api.w.org\/{rel}","templated":true}]}}