{"id":4638,"date":"2024-06-05T14:11:59","date_gmt":"2024-06-05T12:11:59","guid":{"rendered":"http:\/\/www.lovgasmstore.com\/index.php\/prodotto\/rocks-off-oriel\/"},"modified":"2025-05-13T19:40:11","modified_gmt":"2025-05-13T17:40:11","slug":"rocks-off-oriel","status":"publish","type":"product","link":"https:\/\/www.lovgasmstore.com\/index.php\/prodotto\/rocks-off-oriel\/","title":{"rendered":"ROCKS OFF &#8211; ORIEL"},"content":{"rendered":"<p>L&#8217;ultima novit\u00e0 in fatto di massaggiatori per coppie ha un aspetto discreto ma prestazioni incredibilmente potenti. Oriel \u00e8 un vibratore perfetto per le coppie, esplora tutti i punti del tuo partner con le sue dieci modalit\u00e0 di vibrazione.<\/p>\n<p>La sua testa ovale e flessibile con il collo flessibile a 360 gradi consente una stimolazione precisa proprio dove vuoi. La sensazione vellutata di Oriel \u00e8 incredibilmente piacevole sulla pelle e ti consente di controllare il piacere secondo i tuoi ritmi.<\/p>\n<ul>\n<li>3 ore di ricarica per pi\u00f9 di 3 ore di gioco<\/li>\n<li>10 modalit\u00e0 di vibrazione<\/li>\n<li>Sensazione vellutata<\/li>\n<li>Silicone sicuro per il corpo<\/li>\n<li>Testa flessibile per una stimolazione precisa<\/li>\n<li>Dimensioni discrete, potenza massima<\/li>\n<li>Ricarica USB magnetica<\/li>\n<li>100% sommergibile<\/li>\n<li>ABS metallico<\/li>\n<li>Le vibrazioni dell&#8217;Oriel non vengono trasmesse all&#8217;albero e sono centrate sulla paletta<\/li>\n<li>Lunghezza: 22 cm<\/li>\n<li>Circonferenza: 15 cm<\/li>\n<li>Ricaricabile<\/li>\n<li>Sommergibile<\/li>\n<li>Senza lattice n\u00e9 ftalati<\/li>\n<\/ul>\n","protected":false},"excerpt":{"rendered":"<p>L&#8217;ultima novit\u00e0 in fatto di massaggiatori per coppie ha un aspetto discreto ma prestazioni incredibilmente potenti. Oriel \u00e8 un vibratore perfetto per le coppie, esplora tutti<span class=\"excerpt-hellip\"> [\u2026]<\/span><\/p>\n","protected":false},"featured_media":5226,"comment_status":"open","ping_status":"closed","template":"","meta":[],"product_brand":[],"product_cat":[226],"product_tag":[170,188,165,178],"class_list":{"0":"post-4638","1":"product","2":"type-product","3":"status-publish","4":"has-post-thumbnail","6":"product_cat-massaggiatore","7":"product_tag-donna","8":"product_tag-massaggiatore","9":"product_tag-sextoys","10":"product_tag-vibratore","12":"first","13":"instock","14":"taxable","15":"shipping-taxable","16":"purchasable","17":"product-type-simple"},"_links":{"self":[{"href":"https:\/\/www.lovgasmstore.com\/index.php\/wp-json\/wp\/v2\/product\/4638","targetHints":{"allow":["GET"]}}],"collection":[{"href":"https:\/\/www.lovgasmstore.com\/index.php\/wp-json\/wp\/v2\/product"}],"about":[{"href":"https:\/\/www.lovgasmstore.com\/index.php\/wp-json\/wp\/v2\/types\/product"}],"replies":[{"embeddable":true,"href":"https:\/\/www.lovgasmstore.com\/index.php\/wp-json\/wp\/v2\/comments?post=4638"}],"version-history":[{"count":2,"href":"https:\/\/www.lovgasmstore.com\/index.php\/wp-json\/wp\/v2\/product\/4638\/revisions"}],"predecessor-version":[{"id":6031,"href":"https:\/\/www.lovgasmstore.com\/index.php\/wp-json\/wp\/v2\/product\/4638\/revisions\/6031"}],"wp:featuredmedia":[{"embeddable":true,"href":"https:\/\/www.lovgasmstore.com\/index.php\/wp-json\/wp\/v2\/media\/5226"}],"wp:attachment":[{"href":"https:\/\/www.lovgasmstore.com\/index.php\/wp-json\/wp\/v2\/media?parent=4638"}],"wp:term":[{"taxonomy":"product_brand","embeddable":true,"href":"https:\/\/www.lovgasmstore.com\/index.php\/wp-json\/wp\/v2\/product_brand?post=4638"},{"taxonomy":"product_cat","embeddable":true,"href":"https:\/\/www.lovgasmstore.com\/index.php\/wp-json\/wp\/v2\/product_cat?post=4638"},{"taxonomy":"product_tag","embeddable":true,"href":"https:\/\/www.lovgasmstore.com\/index.php\/wp-json\/wp\/v2\/product_tag?post=4638"}],"curies":[{"name":"wp","href":"https:\/\/api.w.org\/{rel}","templated":true}]}}