{"id":4627,"date":"2024-06-05T14:10:40","date_gmt":"2024-06-05T12:10:40","guid":{"rendered":"http:\/\/www.lovgasmstore.com\/index.php\/prodotto\/pretty-love-farfalla\/"},"modified":"2025-05-14T12:30:12","modified_gmt":"2025-05-14T10:30:12","slug":"pretty-love-farfalla","status":"publish","type":"product","link":"https:\/\/www.lovgasmstore.com\/index.php\/prodotto\/pretty-love-farfalla\/","title":{"rendered":"PRETTY LOVE &#8211; FARFALLA"},"content":{"rendered":"<p data-mce-fragment=\"1\">Prova un&#8217;ondata di piacere orgasmico con il vibratore Pretty Love Rabbit. Grazie alla speciale testina, il leccamento della lingua e la vibrazione forniscono un preciso massaggio interno per una stimolazione incredibile. D&#8217;altra parte, lo stimolatore a forma di farfalla contiene un potente motore che si prender\u00e0 cura di tutte le esigenze del tuo clitoride. Esplora le diverse modalit\u00e0 con facilit\u00e0 e trova la combinazione perfetta per un orgasmo piacevole e indimenticabile.<\/p>\n<p data-mce-fragment=\"1\"><strong data-mce-fragment=\"1\">Caratteristiche:<\/strong><\/p>\n<ul data-mce-fragment=\"1\">\n<li data-mce-fragment=\"1\">12 funzioni di vibrazione<\/li>\n<li data-mce-fragment=\"1\">3 funzioni di leccamento<\/li>\n<li data-mce-fragment=\"1\">2 batterie AAA<\/li>\n<li data-mce-fragment=\"1\">Silicone + ABS<\/li>\n<li data-mce-fragment=\"1\">Discreto<\/li>\n<li data-mce-fragment=\"1\">Dimensioni: 207 mm x 32 mm<\/li>\n<\/ul>\n","protected":false},"excerpt":{"rendered":"<p>Prova un&#8217;ondata di piacere orgasmico con il vibratore Pretty Love Rabbit. Grazie alla speciale testina, il leccamento della lingua e la vibrazione forniscono un preciso massaggio<span class=\"excerpt-hellip\"> [\u2026]<\/span><\/p>\n","protected":false},"featured_media":5180,"comment_status":"open","ping_status":"closed","template":"","meta":[],"product_brand":[],"product_cat":[225],"product_tag":[189,170,165,178],"class_list":{"0":"post-4627","1":"product","2":"type-product","3":"status-publish","4":"has-post-thumbnail","6":"product_cat-vibratore","7":"product_tag-clitoride","8":"product_tag-donna","9":"product_tag-sextoys","10":"product_tag-vibratore","12":"first","13":"instock","14":"taxable","15":"shipping-taxable","16":"purchasable","17":"product-type-simple"},"_links":{"self":[{"href":"https:\/\/www.lovgasmstore.com\/index.php\/wp-json\/wp\/v2\/product\/4627","targetHints":{"allow":["GET"]}}],"collection":[{"href":"https:\/\/www.lovgasmstore.com\/index.php\/wp-json\/wp\/v2\/product"}],"about":[{"href":"https:\/\/www.lovgasmstore.com\/index.php\/wp-json\/wp\/v2\/types\/product"}],"replies":[{"embeddable":true,"href":"https:\/\/www.lovgasmstore.com\/index.php\/wp-json\/wp\/v2\/comments?post=4627"}],"version-history":[{"count":3,"href":"https:\/\/www.lovgasmstore.com\/index.php\/wp-json\/wp\/v2\/product\/4627\/revisions"}],"predecessor-version":[{"id":6464,"href":"https:\/\/www.lovgasmstore.com\/index.php\/wp-json\/wp\/v2\/product\/4627\/revisions\/6464"}],"wp:featuredmedia":[{"embeddable":true,"href":"https:\/\/www.lovgasmstore.com\/index.php\/wp-json\/wp\/v2\/media\/5180"}],"wp:attachment":[{"href":"https:\/\/www.lovgasmstore.com\/index.php\/wp-json\/wp\/v2\/media?parent=4627"}],"wp:term":[{"taxonomy":"product_brand","embeddable":true,"href":"https:\/\/www.lovgasmstore.com\/index.php\/wp-json\/wp\/v2\/product_brand?post=4627"},{"taxonomy":"product_cat","embeddable":true,"href":"https:\/\/www.lovgasmstore.com\/index.php\/wp-json\/wp\/v2\/product_cat?post=4627"},{"taxonomy":"product_tag","embeddable":true,"href":"https:\/\/www.lovgasmstore.com\/index.php\/wp-json\/wp\/v2\/product_tag?post=4627"}],"curies":[{"name":"wp","href":"https:\/\/api.w.org\/{rel}","templated":true}]}}