{"id":4626,"date":"2024-06-05T14:10:29","date_gmt":"2024-06-05T12:10:29","guid":{"rendered":"http:\/\/www.lovgasmstore.com\/index.php\/prodotto\/pretty-love-eudora-anello-vibrante-con-stimolatore\/"},"modified":"2025-05-14T12:35:12","modified_gmt":"2025-05-14T10:35:12","slug":"pretty-love-eudora-anello-vibrante-con-stimolatore","status":"publish","type":"product","link":"https:\/\/www.lovgasmstore.com\/index.php\/prodotto\/pretty-love-eudora-anello-vibrante-con-stimolatore\/","title":{"rendered":"PRETTY LOVE &#8211; EUDORA ANELLO VIBRANTE CON STIMOLATORE"},"content":{"rendered":"<p data-mce-fragment=\"1\" _msttexthash=\"43418310\" _msthash=\"986\">Eudora di Pretty Love, \u00e8 un anello vibrante di qualit\u00e0 ineguagliabile, realizzato con silicone di altissima qualit\u00e0, \u00e8 attivato da un proiettile vibrante facile da usare e ha coniglio per la stimolazione del clitoride. Ideale per entrambi per aumentare il piacere nelle vostre relazioni.<\/p>\n<p data-mce-fragment=\"1\" _msttexthash=\"304889\" _msthash=\"987\">Caratteristiche:<\/p>\n<ul data-mce-fragment=\"1\">\n<li data-mce-fragment=\"1\" _msttexthash=\"621023\" _msthash=\"988\">100% silicone di grado medico<\/li>\n<li data-mce-fragment=\"1\" _msttexthash=\"1779024\" _msthash=\"989\">Il proiettile vibrante \u00e8 alimentato da 3 batterie LR41<\/li>\n<li data-mce-fragment=\"1\" _msttexthash=\"1773070\" _msthash=\"990\">Pulsante di accensione\/spegnimento facile da usare<\/li>\n<li data-mce-fragment=\"1\" _msttexthash=\"203216\" _msthash=\"991\">Sommergibile<\/li>\n<li data-mce-fragment=\"1\" _msttexthash=\"168701\" _msthash=\"992\">Colore: Nero<\/li>\n<\/ul>\n<p data-mce-fragment=\"1\" _msttexthash=\"15695004\" _msthash=\"993\">Ti aiuter\u00e0 ad aumentare l&#8217;erezione e ritardare l&#8217;eiaculazione, oltre a migliorare la sensazione di collaborare con lo stimolatore clitorideo.<span data-mce-fragment=\"1\">\u00a0<\/span><span data-mce-fragment=\"1\" _istranslated=\"1\">Scopri nuove esperienze!!<\/span><\/p>\n<p data-mce-fragment=\"1\"><span data-mce-fragment=\"1\" _msttexthash=\"15376803\" _msthash=\"994\">Pretty Love produce prodotti con rigorosi standard di qualit\u00e0, tutti i loro prodotti sono progettati negli Stati Uniti e hanno una garanzia di 1 anno sui difetti tecnici.<\/span><\/p>\n","protected":false},"excerpt":{"rendered":"<p>Eudora di Pretty Love, \u00e8 un anello vibrante di qualit\u00e0 ineguagliabile, realizzato con silicone di altissima qualit\u00e0, \u00e8 attivato da un proiettile vibrante facile da usare<span class=\"excerpt-hellip\"> [\u2026]<\/span><\/p>\n","protected":false},"featured_media":5172,"comment_status":"open","ping_status":"closed","template":"","meta":[],"product_brand":[],"product_cat":[230],"product_tag":[180,208,182,178],"class_list":{"0":"post-4626","1":"product","2":"type-product","3":"status-publish","4":"has-post-thumbnail","6":"product_cat-anello-per-il-pene","7":"product_tag-anelli-pene","8":"product_tag-anello","9":"product_tag-uomo","10":"product_tag-vibratore","12":"first","13":"instock","14":"taxable","15":"shipping-taxable","16":"purchasable","17":"product-type-simple"},"_links":{"self":[{"href":"https:\/\/www.lovgasmstore.com\/index.php\/wp-json\/wp\/v2\/product\/4626","targetHints":{"allow":["GET"]}}],"collection":[{"href":"https:\/\/www.lovgasmstore.com\/index.php\/wp-json\/wp\/v2\/product"}],"about":[{"href":"https:\/\/www.lovgasmstore.com\/index.php\/wp-json\/wp\/v2\/types\/product"}],"replies":[{"embeddable":true,"href":"https:\/\/www.lovgasmstore.com\/index.php\/wp-json\/wp\/v2\/comments?post=4626"}],"version-history":[{"count":2,"href":"https:\/\/www.lovgasmstore.com\/index.php\/wp-json\/wp\/v2\/product\/4626\/revisions"}],"predecessor-version":[{"id":6040,"href":"https:\/\/www.lovgasmstore.com\/index.php\/wp-json\/wp\/v2\/product\/4626\/revisions\/6040"}],"wp:featuredmedia":[{"embeddable":true,"href":"https:\/\/www.lovgasmstore.com\/index.php\/wp-json\/wp\/v2\/media\/5172"}],"wp:attachment":[{"href":"https:\/\/www.lovgasmstore.com\/index.php\/wp-json\/wp\/v2\/media?parent=4626"}],"wp:term":[{"taxonomy":"product_brand","embeddable":true,"href":"https:\/\/www.lovgasmstore.com\/index.php\/wp-json\/wp\/v2\/product_brand?post=4626"},{"taxonomy":"product_cat","embeddable":true,"href":"https:\/\/www.lovgasmstore.com\/index.php\/wp-json\/wp\/v2\/product_cat?post=4626"},{"taxonomy":"product_tag","embeddable":true,"href":"https:\/\/www.lovgasmstore.com\/index.php\/wp-json\/wp\/v2\/product_tag?post=4626"}],"curies":[{"name":"wp","href":"https:\/\/api.w.org\/{rel}","templated":true}]}}