{"id":4623,"date":"2024-06-05T14:10:05","date_gmt":"2024-06-05T12:10:05","guid":{"rendered":"http:\/\/www.lovgasmstore.com\/index.php\/prodotto\/pretty-love-butplug-analtwist-ii\/"},"modified":"2025-05-14T12:39:33","modified_gmt":"2025-05-14T10:39:33","slug":"pretty-love-butplug-analtwist-ii","status":"publish","type":"product","link":"https:\/\/www.lovgasmstore.com\/index.php\/prodotto\/pretty-love-butplug-analtwist-ii\/","title":{"rendered":"PRETTY LOVE &#8211; BUTPLUG ANALTWIST II"},"content":{"rendered":"<p>Il vibratore plug Pretty Love \u00e8 un plug soft touch di alta qualit\u00e0 che senza dubbio non ti lascer\u00e0 indifferente, dispone di un vibratore integrato a 10 velocit\u00e0 per una stimolazione eccezionale<\/p>\n<p>Le sue qualit\u00e0 principali sono;<\/p>\n<ul>\n<li>Silicone 100% privo di falati.<\/li>\n<li>10 ritmi di vibrazione<\/li>\n<li>Con forte ventosa<\/li>\n<li>100% acquatico<\/li>\n<li>Le misure;\u00a013*3 cm<\/li>\n<li>Alimentato da 3 batterie LR44 incluse.<\/li>\n<li>Include borsa in stoffa per riporre il prodotto dopo l&#8217;uso!<\/li>\n<\/ul>\n<p>Grazie alla sua base a ventosa, puoi usarlo sotto la doccia o ovunque tu voglia.<\/p>\n","protected":false},"excerpt":{"rendered":"<p>Il vibratore plug Pretty Love \u00e8 un plug soft touch di alta qualit\u00e0 che senza dubbio non ti lascer\u00e0 indifferente, dispone di un vibratore integrato a<span class=\"excerpt-hellip\"> [\u2026]<\/span><\/p>\n","protected":false},"featured_media":5160,"comment_status":"open","ping_status":"closed","template":"","meta":[],"product_brand":[],"product_cat":[221,233],"product_tag":[170,177,165,178],"class_list":{"0":"post-4623","1":"product","2":"type-product","3":"status-publish","4":"has-post-thumbnail","6":"product_cat-ano","7":"product_cat-plug-anale","8":"product_tag-donna","9":"product_tag-plug-anale","10":"product_tag-sextoys","11":"product_tag-vibratore","13":"first","14":"outofstock","15":"taxable","16":"shipping-taxable","17":"purchasable","18":"product-type-simple"},"_links":{"self":[{"href":"https:\/\/www.lovgasmstore.com\/index.php\/wp-json\/wp\/v2\/product\/4623","targetHints":{"allow":["GET"]}}],"collection":[{"href":"https:\/\/www.lovgasmstore.com\/index.php\/wp-json\/wp\/v2\/product"}],"about":[{"href":"https:\/\/www.lovgasmstore.com\/index.php\/wp-json\/wp\/v2\/types\/product"}],"replies":[{"embeddable":true,"href":"https:\/\/www.lovgasmstore.com\/index.php\/wp-json\/wp\/v2\/comments?post=4623"}],"version-history":[{"count":3,"href":"https:\/\/www.lovgasmstore.com\/index.php\/wp-json\/wp\/v2\/product\/4623\/revisions"}],"predecessor-version":[{"id":6421,"href":"https:\/\/www.lovgasmstore.com\/index.php\/wp-json\/wp\/v2\/product\/4623\/revisions\/6421"}],"wp:featuredmedia":[{"embeddable":true,"href":"https:\/\/www.lovgasmstore.com\/index.php\/wp-json\/wp\/v2\/media\/5160"}],"wp:attachment":[{"href":"https:\/\/www.lovgasmstore.com\/index.php\/wp-json\/wp\/v2\/media?parent=4623"}],"wp:term":[{"taxonomy":"product_brand","embeddable":true,"href":"https:\/\/www.lovgasmstore.com\/index.php\/wp-json\/wp\/v2\/product_brand?post=4623"},{"taxonomy":"product_cat","embeddable":true,"href":"https:\/\/www.lovgasmstore.com\/index.php\/wp-json\/wp\/v2\/product_cat?post=4623"},{"taxonomy":"product_tag","embeddable":true,"href":"https:\/\/www.lovgasmstore.com\/index.php\/wp-json\/wp\/v2\/product_tag?post=4623"}],"curies":[{"name":"wp","href":"https:\/\/api.w.org\/{rel}","templated":true}]}}