{"id":4622,"date":"2024-06-05T14:09:55","date_gmt":"2024-06-05T12:09:55","guid":{"rendered":"http:\/\/www.lovgasmstore.com\/index.php\/prodotto\/pretty-love-anello-vibrante-con-lingua\/"},"modified":"2025-05-12T18:26:47","modified_gmt":"2025-05-12T16:26:47","slug":"pretty-love-anello-vibrante-con-lingua","status":"publish","type":"product","link":"https:\/\/www.lovgasmstore.com\/index.php\/prodotto\/pretty-love-anello-vibrante-con-lingua\/","title":{"rendered":"PRETTY LOVE &#8211; ANELLO VIBRANTE CON LINGUA"},"content":{"rendered":"<p data-mce-fragment=\"1\" _msttexthash=\"8421972\" _msthash=\"986\">Questo anello vibrante \u00e8 l&#8217;ideale per le coppie moderne che vogliono aggiungere qualcosa di nuovo alla loro vita sessuale.<\/p>\n<p data-mce-fragment=\"1\" _msttexthash=\"70378724\" _msthash=\"987\">Il suo materiale elastico si adatta perfettamente alla base del pene e dei testicoli, mantenendo il sangue nel pene e aiutandoti a raggiungere erezioni pi\u00f9 potenti e durature, offrendo a te e al tuo partner momenti pi\u00f9 lunghi e piacevoli. \u00c8 realizzato in silicone di alta qualit\u00e0, si adatta a tutte le taglie, \u00e8 silenzioso e facilmente controllabile con il pulsante ON\/OFF.<\/p>\n<p data-mce-fragment=\"1\" _msttexthash=\"1844453\" _msthash=\"988\">\u00c8 ideale sia per le coppie che per il gioco in solitaria.<\/p>\n<ul data-mce-fragment=\"1\">\n<li data-mce-fragment=\"1\" _msttexthash=\"293956\" _msthash=\"989\">Forti vibrazioni<\/li>\n<li data-mce-fragment=\"1\" _msttexthash=\"424047\" _msthash=\"990\">Elevata stimolazione<\/li>\n<li data-mce-fragment=\"1\" _msttexthash=\"358696\" _msthash=\"991\">Molto confortevole<\/li>\n<li data-mce-fragment=\"1\" _msttexthash=\"2102932\" _msthash=\"992\">Testurizzato per un&#8217;elevata stimolazione del clitoride<\/li>\n<li data-mce-fragment=\"1\" _msttexthash=\"534092\" _msthash=\"993\">Silicone di alta qualit\u00e0<\/li>\n<\/ul>\n","protected":false},"excerpt":{"rendered":"<p>Questo anello vibrante \u00e8 l&#8217;ideale per le coppie moderne che vogliono aggiungere qualcosa di nuovo alla loro vita sessuale. Il suo materiale elastico si adatta perfettamente<span class=\"excerpt-hellip\"> [\u2026]<\/span><\/p>\n","protected":false},"featured_media":5153,"comment_status":"open","ping_status":"closed","template":"","meta":[],"product_brand":[],"product_cat":[230],"product_tag":[180,208,182,178],"class_list":{"0":"post-4622","1":"product","2":"type-product","3":"status-publish","4":"has-post-thumbnail","6":"product_cat-anello-per-il-pene","7":"product_tag-anelli-pene","8":"product_tag-anello","9":"product_tag-uomo","10":"product_tag-vibratore","12":"first","13":"instock","14":"taxable","15":"shipping-taxable","16":"purchasable","17":"product-type-simple"},"_links":{"self":[{"href":"https:\/\/www.lovgasmstore.com\/index.php\/wp-json\/wp\/v2\/product\/4622","targetHints":{"allow":["GET"]}}],"collection":[{"href":"https:\/\/www.lovgasmstore.com\/index.php\/wp-json\/wp\/v2\/product"}],"about":[{"href":"https:\/\/www.lovgasmstore.com\/index.php\/wp-json\/wp\/v2\/types\/product"}],"replies":[{"embeddable":true,"href":"https:\/\/www.lovgasmstore.com\/index.php\/wp-json\/wp\/v2\/comments?post=4622"}],"version-history":[{"count":2,"href":"https:\/\/www.lovgasmstore.com\/index.php\/wp-json\/wp\/v2\/product\/4622\/revisions"}],"predecessor-version":[{"id":6043,"href":"https:\/\/www.lovgasmstore.com\/index.php\/wp-json\/wp\/v2\/product\/4622\/revisions\/6043"}],"wp:featuredmedia":[{"embeddable":true,"href":"https:\/\/www.lovgasmstore.com\/index.php\/wp-json\/wp\/v2\/media\/5153"}],"wp:attachment":[{"href":"https:\/\/www.lovgasmstore.com\/index.php\/wp-json\/wp\/v2\/media?parent=4622"}],"wp:term":[{"taxonomy":"product_brand","embeddable":true,"href":"https:\/\/www.lovgasmstore.com\/index.php\/wp-json\/wp\/v2\/product_brand?post=4622"},{"taxonomy":"product_cat","embeddable":true,"href":"https:\/\/www.lovgasmstore.com\/index.php\/wp-json\/wp\/v2\/product_cat?post=4622"},{"taxonomy":"product_tag","embeddable":true,"href":"https:\/\/www.lovgasmstore.com\/index.php\/wp-json\/wp\/v2\/product_tag?post=4622"}],"curies":[{"name":"wp","href":"https:\/\/api.w.org\/{rel}","templated":true}]}}