{"id":4599,"date":"2024-06-05T14:07:31","date_gmt":"2024-06-05T12:07:31","guid":{"rendered":"http:\/\/www.lovgasmstore.com\/index.php\/prodotto\/ohmama-plug-anale-a-costine-con-anello\/"},"modified":"2025-05-14T13:01:25","modified_gmt":"2025-05-14T11:01:25","slug":"ohmama-plug-anale-a-costine-con-anello","status":"publish","type":"product","link":"https:\/\/www.lovgasmstore.com\/index.php\/prodotto\/ohmama-plug-anale-a-costine-con-anello\/","title":{"rendered":"OHMAMA &#8211; PLUG ANALE A COSTINE CON ANELLO"},"content":{"rendered":"<p><meta charset=\"UTF-8\"><\/p>\n<div id=\"contenido_textos_avanzados_pestanyas\" class=\"desktop\" data-mce-fragment=\"1\">\n<div id=\"div_textos_avanzados_pestanyas_descripcion_larga\" class=\"pestanyaCliente descripcionLarga\" data-mce-fragment=\"1\" itemprop=\"description\">\n<p data-mce-fragment=\"1\">Oh mamma! Tutta una gamma di giocattoli per goderti il sesso anale in modo facile, economico e piacevole a portata di mano!<\/p>\n<p data-mce-fragment=\"1\">Quando parliamo di sesso anale ci riferiamo a qualsiasi tipo di attivit\u00e0 sessuale che coinvolga la zona anale e non \u00e8 un&#8217;attivit\u00e0 sessuale legata ad un genere o ad un orientamento sessuale, chiunque pu\u00f2 praticarla.<\/p>\n<p data-mce-fragment=\"1\">Noi di <strong data-mce-fragment=\"1\">Ohmama<\/strong> lo sappiamo e vogliamo aiutarti, ma ricorda che per godersi il sesso anale, il relax e l&#8217;eccitazione sessuale sono essenziali.<\/p>\n<p data-mce-fragment=\"1\"><strong data-mce-fragment=\"1\">Caratteristiche<\/strong><\/p>\n<ul data-mce-fragment=\"1\">\n<li data-mce-fragment=\"1\">Plug anale in silicone a coste<\/li>\n<li data-mce-fragment=\"1\">Con anello per una rimozione sicura<\/li>\n<li data-mce-fragment=\"1\">Materiale: silicone ipoallergenico<\/li>\n<li data-mce-fragment=\"1\">Niente ftalati<\/li>\n<li data-mce-fragment=\"1\">Presentazione in sacchetto igienico sigillato<\/li>\n<li data-mce-fragment=\"1\">Le misure:<\/li>\n<li data-mce-fragment=\"1\">\n<ul data-mce-fragment=\"1\">\n<li data-mce-fragment=\"1\">Lunghezza totale: 12,2 cm<\/li>\n<li data-mce-fragment=\"1\">Lunghezza inseribile: 8 cm<\/li>\n<li data-mce-fragment=\"1\">Diametro: 3 cm<\/li>\n<\/ul>\n<\/li>\n<li data-mce-fragment=\"1\">Ohmama ne consiglia l&#8217;utilizzo con i lubrificanti Black Hole<\/li>\n<\/ul>\n<p data-mce-fragment=\"1\"><strong data-mce-fragment=\"1\">LA MARCA<\/strong><\/p>\n<p data-mce-fragment=\"1\">La gamma di prodotti OHMAMA \u00e8 perfetta da regalare. Un prodotto alla portata di tutti con una qualit\u00e0 perfetta. Una combinazione unica in questa speciale linea di giocattoli per adulti.<\/p>\n<\/div>\n<\/div>\n","protected":false},"excerpt":{"rendered":"<p>Oh mamma! Tutta una gamma di giocattoli per goderti il sesso anale in modo facile, economico e piacevole a portata di mano! Quando parliamo di sesso<span class=\"excerpt-hellip\"> [\u2026]<\/span><\/p>\n","protected":false},"featured_media":5105,"comment_status":"open","ping_status":"closed","template":"","meta":[],"product_brand":[],"product_cat":[221,233,234],"product_tag":[170,165,182,178],"class_list":{"0":"post-4599","1":"product","2":"type-product","3":"status-publish","4":"has-post-thumbnail","6":"product_cat-ano","7":"product_cat-plug-anale","8":"product_cat-vibratore-anale","9":"product_tag-donna","10":"product_tag-sextoys","11":"product_tag-uomo","12":"product_tag-vibratore","14":"first","15":"outofstock","16":"taxable","17":"shipping-taxable","18":"purchasable","19":"product-type-simple"},"_links":{"self":[{"href":"https:\/\/www.lovgasmstore.com\/index.php\/wp-json\/wp\/v2\/product\/4599","targetHints":{"allow":["GET"]}}],"collection":[{"href":"https:\/\/www.lovgasmstore.com\/index.php\/wp-json\/wp\/v2\/product"}],"about":[{"href":"https:\/\/www.lovgasmstore.com\/index.php\/wp-json\/wp\/v2\/types\/product"}],"replies":[{"embeddable":true,"href":"https:\/\/www.lovgasmstore.com\/index.php\/wp-json\/wp\/v2\/comments?post=4599"}],"version-history":[{"count":2,"href":"https:\/\/www.lovgasmstore.com\/index.php\/wp-json\/wp\/v2\/product\/4599\/revisions"}],"predecessor-version":[{"id":6055,"href":"https:\/\/www.lovgasmstore.com\/index.php\/wp-json\/wp\/v2\/product\/4599\/revisions\/6055"}],"wp:featuredmedia":[{"embeddable":true,"href":"https:\/\/www.lovgasmstore.com\/index.php\/wp-json\/wp\/v2\/media\/5105"}],"wp:attachment":[{"href":"https:\/\/www.lovgasmstore.com\/index.php\/wp-json\/wp\/v2\/media?parent=4599"}],"wp:term":[{"taxonomy":"product_brand","embeddable":true,"href":"https:\/\/www.lovgasmstore.com\/index.php\/wp-json\/wp\/v2\/product_brand?post=4599"},{"taxonomy":"product_cat","embeddable":true,"href":"https:\/\/www.lovgasmstore.com\/index.php\/wp-json\/wp\/v2\/product_cat?post=4599"},{"taxonomy":"product_tag","embeddable":true,"href":"https:\/\/www.lovgasmstore.com\/index.php\/wp-json\/wp\/v2\/product_tag?post=4599"}],"curies":[{"name":"wp","href":"https:\/\/api.w.org\/{rel}","templated":true}]}}