{"id":4591,"date":"2024-06-05T14:06:24","date_gmt":"2024-06-05T12:06:24","guid":{"rendered":"http:\/\/www.lovgasmstore.com\/index.php\/prodotto\/nalone-elettrostimolatore\/"},"modified":"2025-05-15T09:32:28","modified_gmt":"2025-05-15T07:32:28","slug":"nalone-elettrostimolatore","status":"publish","type":"product","link":"https:\/\/www.lovgasmstore.com\/index.php\/prodotto\/nalone-elettrostimolatore\/","title":{"rendered":"NALONE &#8211; ELETTROSTIMOLATORE"},"content":{"rendered":"<p><span>Scopri un nuovo concetto, pensavi di aver visto tutto? Nalone nasconde pi\u00f9 di quello che vedi, a prima vista un normale vibratore, al suo interno una tecnologia all&#8217;avanguardia al servizio del piacere.<\/span><\/p>\n<p>Progettato per massaggiare tutto il corpo, questo elegante vibratore ha un motore potente e un segreto nascosto. Nalone ha introdotto nella testa la tecnologia Electro Magnetic Pulse. In questo modo, produce intense microcorrenti che stimolano le terminazioni nervose pi\u00f9 sensibili per aumentare i livelli di sensibilit\u00e0.<\/p>\n<p>Specifiche;<\/p>\n<ul>\n<li>Materiale: silicone e ABS<\/li>\n<li>Modalit\u00e0 di vibrazione: 5 modalit\u00e0 di vibrazione elettromagnetica (4 intensit\u00e0) + 7 frequenze di vibrazione<\/li>\n<li>Livello massimo di rumore: inferiore a 30 dB<\/li>\n<li>Dimensioni: 213 mm (L) x 40 mm (A) Carica: polimeri di litio ricaricabili<\/li>\n<li>Tempo medio di utilizzo con una carica: 2,5 ore<\/li>\n<li>100% impermeabile<\/li>\n<li>Tempo medio di ricarica: 3 ore<\/li>\n<\/ul>\n<p><strong>Avvertimento<\/strong><\/p>\n<ul>\n<li>\n<span>\u25c6<\/span><span>\u00a0<\/span>Assicurarsi di caricare completamente il vibratore prima dell&#8217;uso.<\/li>\n<li>\u25c6Pulisci\/disinfetta il tuo vibratore con acqua tiepida e sapone antibatterico.<\/li>\n<li>\u25c6Utilizzare solo lubrificanti idrosolubili. Non utilizzare mai oli da massaggio, creme per le mani o altri tipi di lubrificanti<\/li>\n<\/ul>\n<p>Aprire una scatola di prodotti NALONE \u00e8 garanzia di qualit\u00e0. Ogni prodotto \u00e8 avvolto in un&#8217;elegante ed unica scatola bianca rigida, nella quale troverai al suo interno<\/p>\n<ul>\n<li>Elettrovibratore<\/li>\n<li>Cavo USB<\/li>\n<li>copertina satinata<\/li>\n<li>1 anno di garanzia<\/li>\n<li>Manuale d&#8217;uso<\/li>\n<li>Istruzioni per l&#8217;uso<\/li>\n<\/ul>\n","protected":false},"excerpt":{"rendered":"<p>Scopri un nuovo concetto, pensavi di aver visto tutto? Nalone nasconde pi\u00f9 di quello che vedi, a prima vista un normale vibratore, al suo interno una<span class=\"excerpt-hellip\"> [\u2026]<\/span><\/p>\n","protected":false},"featured_media":5084,"comment_status":"open","ping_status":"closed","template":"","meta":[],"product_brand":[],"product_cat":[226,219],"product_tag":[170,188,165,178],"class_list":{"0":"post-4591","1":"product","2":"type-product","3":"status-publish","4":"has-post-thumbnail","6":"product_cat-massaggiatore","7":"product_cat-vagina","8":"product_tag-donna","9":"product_tag-massaggiatore","10":"product_tag-sextoys","11":"product_tag-vibratore","13":"first","14":"instock","15":"taxable","16":"shipping-taxable","17":"purchasable","18":"product-type-simple"},"_links":{"self":[{"href":"https:\/\/www.lovgasmstore.com\/index.php\/wp-json\/wp\/v2\/product\/4591","targetHints":{"allow":["GET"]}}],"collection":[{"href":"https:\/\/www.lovgasmstore.com\/index.php\/wp-json\/wp\/v2\/product"}],"about":[{"href":"https:\/\/www.lovgasmstore.com\/index.php\/wp-json\/wp\/v2\/types\/product"}],"replies":[{"embeddable":true,"href":"https:\/\/www.lovgasmstore.com\/index.php\/wp-json\/wp\/v2\/comments?post=4591"}],"version-history":[{"count":2,"href":"https:\/\/www.lovgasmstore.com\/index.php\/wp-json\/wp\/v2\/product\/4591\/revisions"}],"predecessor-version":[{"id":6061,"href":"https:\/\/www.lovgasmstore.com\/index.php\/wp-json\/wp\/v2\/product\/4591\/revisions\/6061"}],"wp:featuredmedia":[{"embeddable":true,"href":"https:\/\/www.lovgasmstore.com\/index.php\/wp-json\/wp\/v2\/media\/5084"}],"wp:attachment":[{"href":"https:\/\/www.lovgasmstore.com\/index.php\/wp-json\/wp\/v2\/media?parent=4591"}],"wp:term":[{"taxonomy":"product_brand","embeddable":true,"href":"https:\/\/www.lovgasmstore.com\/index.php\/wp-json\/wp\/v2\/product_brand?post=4591"},{"taxonomy":"product_cat","embeddable":true,"href":"https:\/\/www.lovgasmstore.com\/index.php\/wp-json\/wp\/v2\/product_cat?post=4591"},{"taxonomy":"product_tag","embeddable":true,"href":"https:\/\/www.lovgasmstore.com\/index.php\/wp-json\/wp\/v2\/product_tag?post=4591"}],"curies":[{"name":"wp","href":"https:\/\/api.w.org\/{rel}","templated":true}]}}