{"id":4586,"date":"2024-06-05T14:05:23","date_gmt":"2024-06-05T12:05:23","guid":{"rendered":"http:\/\/www.lovgasmstore.com\/index.php\/prodotto\/mr-boss-vibratore-e-rotatore-arturo-compatibile-con-la-tecnologia-wireless-watchme\/"},"modified":"2025-05-15T09:35:56","modified_gmt":"2025-05-15T07:35:56","slug":"mr-boss-vibratore-e-rotatore-arturo-compatibile-con-la-tecnologia-wireless-watchme","status":"publish","type":"product","link":"https:\/\/www.lovgasmstore.com\/index.php\/prodotto\/mr-boss-vibratore-e-rotatore-arturo-compatibile-con-la-tecnologia-wireless-watchme\/","title":{"rendered":"MR BOSS &#8211; VIBRATORE ARTURO"},"content":{"rendered":"<p data-mce-fragment=\"1\" _msttexthash=\"73599981\" _msthash=\"983\">MR BOSS lancia la nuova collezione di vibratori e rotatori dotati di motori di nuova generazione, ottenendo un aumento di potenza con una maggiore durata. Tutti i vibratori e i rotatori della nuova collezione MR BOSS sono ricaricabili tramite USB, eleganti e la loro finitura in silicone super morbido e ipoallergenico di alta qualit\u00e0 \u00e8 un vantaggio per gli orgasmi pi\u00f9 esigenti.<\/p>\n<p data-mce-fragment=\"1\" _msttexthash=\"26490412\" _msthash=\"984\">Vuoi raggiungere l&#8217;orgasmo? ARTURO \u00e8 il giocattolo perfetto per questo. \u00c8 silenzioso e potente. Inoltre, potrai controllarlo da remoto grazie alla sua compatibilit\u00e0 con Watchme, un orologio discreto che ti sorprender\u00e0.<\/p>\n<p data-mce-fragment=\"1\" _msttexthash=\"62883769\" _msthash=\"985\">La gamma<span data-mce-fragment=\"1\">\u00a0<\/span><span data-mce-fragment=\"1\" _istranslated=\"1\">ARTURO VIBRATOR &#038; ROTATOR<\/span><span data-mce-fragment=\"1\">\u00a0<\/span>incorpora una serie di funzioni mai viste prima in un vibratore: la stimolazione del punto G grazie alla sua morbida base di perline rotanti e alla potente punta vibrante, la stimolazione del clitoride grazie al suo incredibile &#8220;coniglio&#8221; e, inoltre, \u00e8 compatibile con la nuova tecnologia di controllo remoto Watchme.<\/p>\n<p data-mce-fragment=\"1\"><strong data-mce-fragment=\"1\" _msttexthash=\"164684\" _msthash=\"986\">Specifiche:<\/strong><\/p>\n<ul data-mce-fragment=\"1\">\n<li data-mce-fragment=\"1\" _msttexthash=\"549198\" _msthash=\"987\">10 modalit\u00e0 di vibrazione<\/li>\n<li data-mce-fragment=\"1\" _msttexthash=\"264056\" _msthash=\"988\">Perline rotanti<\/li>\n<li data-mce-fragment=\"1\" _msttexthash=\"431769\" _msthash=\"989\">3 motori super potenti<\/li>\n<li data-mce-fragment=\"1\" _msttexthash=\"633425\" _msthash=\"990\">24,0 cm x 3,5 cm (Inseribile 12 cm)<\/li>\n<li data-mce-fragment=\"1\" _msttexthash=\"3315637\" _msthash=\"991\">Compatibile con<span data-mce-fragment=\"1\">\u00a0<\/span><strong data-mce-fragment=\"1\" _istranslated=\"1\">la tecnologia wireless Watchme<span data-mce-fragment=\"1\">\u00a0<\/span><\/strong>(telecomando non incluso)<\/li>\n<li data-mce-fragment=\"1\" _msttexthash=\"496340\" _msthash=\"992\">Ricaricabile tramite USB<\/li>\n<li data-mce-fragment=\"1\" _msttexthash=\"278993\" _msthash=\"993\">Impermeabile IPX6<\/li>\n<li data-mce-fragment=\"1\" _msttexthash=\"1299714\" _msthash=\"994\">Silicone super morbido e ABS ipoallergenico<\/li>\n<li data-mce-fragment=\"1\" _msttexthash=\"666328\" _msthash=\"995\">Materiale sicuro per il corpo<\/li>\n<li data-mce-fragment=\"1\" _msttexthash=\"205270\" _msthash=\"996\">Senza ftalati<\/li>\n<li data-mce-fragment=\"1\" _msttexthash=\"1116531\" _msthash=\"997\">\n<strong data-mce-fragment=\"1\" _istranslated=\"1\">Regalo<span data-mce-fragment=\"1\">\u00a0<\/span><\/strong>WATERFEEL Lubrificante Neutro 6 ml<\/li>\n<\/ul>\n<p data-mce-fragment=\"1\" _msttexthash=\"30082962\" _msthash=\"998\">MR BOSS \u00e8 un marchio premium adatto a tutte le tasche, con tutti gli standard di qualit\u00e0 dei sex toys di fascia medio-alta. Le forme e le curve di ogni vibratore MR BOSS sono formidabili, perfettamente progettate per il divertimento e il piacere.<\/p>\n","protected":false},"excerpt":{"rendered":"<p>MR BOSS lancia la nuova collezione di vibratori e rotatori dotati di motori di nuova generazione, ottenendo un aumento di potenza con una maggiore durata. Tutti<span class=\"excerpt-hellip\"> [\u2026]<\/span><\/p>\n","protected":false},"featured_media":5067,"comment_status":"open","ping_status":"closed","template":"","meta":[],"product_brand":[],"product_cat":[219,225],"product_tag":[189,170,165,178],"class_list":{"0":"post-4586","1":"product","2":"type-product","3":"status-publish","4":"has-post-thumbnail","6":"product_cat-vagina","7":"product_cat-vibratore","8":"product_tag-clitoride","9":"product_tag-donna","10":"product_tag-sextoys","11":"product_tag-vibratore","13":"first","14":"instock","15":"taxable","16":"shipping-taxable","17":"purchasable","18":"product-type-simple"},"_links":{"self":[{"href":"https:\/\/www.lovgasmstore.com\/index.php\/wp-json\/wp\/v2\/product\/4586","targetHints":{"allow":["GET"]}}],"collection":[{"href":"https:\/\/www.lovgasmstore.com\/index.php\/wp-json\/wp\/v2\/product"}],"about":[{"href":"https:\/\/www.lovgasmstore.com\/index.php\/wp-json\/wp\/v2\/types\/product"}],"replies":[{"embeddable":true,"href":"https:\/\/www.lovgasmstore.com\/index.php\/wp-json\/wp\/v2\/comments?post=4586"}],"version-history":[{"count":2,"href":"https:\/\/www.lovgasmstore.com\/index.php\/wp-json\/wp\/v2\/product\/4586\/revisions"}],"predecessor-version":[{"id":6064,"href":"https:\/\/www.lovgasmstore.com\/index.php\/wp-json\/wp\/v2\/product\/4586\/revisions\/6064"}],"wp:featuredmedia":[{"embeddable":true,"href":"https:\/\/www.lovgasmstore.com\/index.php\/wp-json\/wp\/v2\/media\/5067"}],"wp:attachment":[{"href":"https:\/\/www.lovgasmstore.com\/index.php\/wp-json\/wp\/v2\/media?parent=4586"}],"wp:term":[{"taxonomy":"product_brand","embeddable":true,"href":"https:\/\/www.lovgasmstore.com\/index.php\/wp-json\/wp\/v2\/product_brand?post=4586"},{"taxonomy":"product_cat","embeddable":true,"href":"https:\/\/www.lovgasmstore.com\/index.php\/wp-json\/wp\/v2\/product_cat?post=4586"},{"taxonomy":"product_tag","embeddable":true,"href":"https:\/\/www.lovgasmstore.com\/index.php\/wp-json\/wp\/v2\/product_tag?post=4586"}],"curies":[{"name":"wp","href":"https:\/\/api.w.org\/{rel}","templated":true}]}}