{"id":4584,"date":"2024-06-05T14:05:15","date_gmt":"2024-06-05T12:05:15","guid":{"rendered":"http:\/\/www.lovgasmstore.com\/index.php\/prodotto\/mr-boss-dumas-kegel-vibrator\/"},"modified":"2025-05-15T09:37:32","modified_gmt":"2025-05-15T07:37:32","slug":"mr-boss-dumas-kegel-vibrator","status":"publish","type":"product","link":"https:\/\/www.lovgasmstore.com\/index.php\/prodotto\/mr-boss-dumas-kegel-vibrator\/","title":{"rendered":"MR BOSS &#8211; DUMAS KEGEL VIBRATOR"},"content":{"rendered":"<p>MR BOSS lancia la nuova collezione di vibratori e rotatori che hanno motori di nuova generazione, ottenendo un aumento di potenza con una maggiore durata. La sua finitura in silicone super morbido di alta qualit\u00e0 \u00e8 un vantaggio per gli orgasmi pi\u00f9 esigenti. Tutti i vibratori e i rotatori della nuova collezione MR BOSS si ricaricano tramite USB, sono eleganti e la loro finitura in silicone premium, super morbida e ipoallergenica \u00e8 un plus per gli orgasmi pi\u00f9 esigenti.<\/p>\n<p>La gamma DUMAS KEGEL BEADS incorpora palline vaginali vibranti ricaricabili che aiutano a rafforzare il pavimento pelvico. Sono un magnifico trainer per il pavimento pelvico che aiuta a prevenire problemi di salute come l&#8217;incontinenza urinaria o il vaginismo, oltre a migliorare la soddisfazione sessuale.<\/p>\n<p><strong>Caratteristiche:<\/strong><\/p>\n<ul>\n<li>10 modalit\u00e0 di vibrazione<\/li>\n<li>Motore super potente<\/li>\n<li>Telecomando<\/li>\n<li>9,5 cm x 3,5 cm<\/li>\n<li>58 gr<\/li>\n<li>USB ricaricabile<\/li>\n<li>IPX7 impermeabile<\/li>\n<li>Silicone super morbido e ABS<\/li>\n<li>Materiale sicuro per il corpo<\/li>\n<li>Senza ftalati<\/li>\n<li>\n<strong>FREE<\/strong><span>\u00a0<\/span>FEEL Lube Neutral 6 ml<\/li>\n<\/ul>\n<p>MR BOSS \u00e8 un marchio premium adatto a tutte le tasche, con tutti gli standard di qualit\u00e0 dei giocattoli erotici di fascia medio-alta. Le forme e le curve di ogni vibratore MR BOSS sono formidabili, perfettamente progettate per offrire divertimento e piacere.<\/p>\n","protected":false},"excerpt":{"rendered":"<p>MR BOSS lancia la nuova collezione di vibratori e rotatori che hanno motori di nuova generazione, ottenendo un aumento di potenza con una maggiore durata. La<span class=\"excerpt-hellip\"> [\u2026]<\/span><\/p>\n","protected":false},"featured_media":5061,"comment_status":"open","ping_status":"closed","template":"","meta":[],"product_brand":[],"product_cat":[228,219],"product_tag":[170,187,165,178],"class_list":{"0":"post-4584","1":"product","2":"type-product","3":"status-publish","4":"has-post-thumbnail","6":"product_cat-palline-vaginali","7":"product_cat-vagina","8":"product_tag-donna","9":"product_tag-palline-vaginali","10":"product_tag-sextoys","11":"product_tag-vibratore","13":"first","14":"instock","15":"taxable","16":"shipping-taxable","17":"purchasable","18":"product-type-simple"},"_links":{"self":[{"href":"https:\/\/www.lovgasmstore.com\/index.php\/wp-json\/wp\/v2\/product\/4584","targetHints":{"allow":["GET"]}}],"collection":[{"href":"https:\/\/www.lovgasmstore.com\/index.php\/wp-json\/wp\/v2\/product"}],"about":[{"href":"https:\/\/www.lovgasmstore.com\/index.php\/wp-json\/wp\/v2\/types\/product"}],"replies":[{"embeddable":true,"href":"https:\/\/www.lovgasmstore.com\/index.php\/wp-json\/wp\/v2\/comments?post=4584"}],"version-history":[{"count":2,"href":"https:\/\/www.lovgasmstore.com\/index.php\/wp-json\/wp\/v2\/product\/4584\/revisions"}],"predecessor-version":[{"id":6065,"href":"https:\/\/www.lovgasmstore.com\/index.php\/wp-json\/wp\/v2\/product\/4584\/revisions\/6065"}],"wp:featuredmedia":[{"embeddable":true,"href":"https:\/\/www.lovgasmstore.com\/index.php\/wp-json\/wp\/v2\/media\/5061"}],"wp:attachment":[{"href":"https:\/\/www.lovgasmstore.com\/index.php\/wp-json\/wp\/v2\/media?parent=4584"}],"wp:term":[{"taxonomy":"product_brand","embeddable":true,"href":"https:\/\/www.lovgasmstore.com\/index.php\/wp-json\/wp\/v2\/product_brand?post=4584"},{"taxonomy":"product_cat","embeddable":true,"href":"https:\/\/www.lovgasmstore.com\/index.php\/wp-json\/wp\/v2\/product_cat?post=4584"},{"taxonomy":"product_tag","embeddable":true,"href":"https:\/\/www.lovgasmstore.com\/index.php\/wp-json\/wp\/v2\/product_tag?post=4584"}],"curies":[{"name":"wp","href":"https:\/\/api.w.org\/{rel}","templated":true}]}}