{"id":4574,"date":"2024-06-05T14:04:07","date_gmt":"2024-06-05T12:04:07","guid":{"rendered":"http:\/\/www.lovgasmstore.com\/index.php\/prodotto\/mia-double-pleasure-licking-anal-stimulator\/"},"modified":"2025-05-15T09:43:57","modified_gmt":"2025-05-15T07:43:57","slug":"mia-double-pleasure-licking-anal-stimulator","status":"publish","type":"product","link":"https:\/\/www.lovgasmstore.com\/index.php\/prodotto\/mia-double-pleasure-licking-anal-stimulator\/","title":{"rendered":"MIA &#8211; DOUBLE PLEASURE &#8211; LICKING + ANAL STIMULATOR"},"content":{"rendered":"<p data-mce-fragment=\"1\">Cosa pu\u00f2 portarmi MIA DOUBLE PLEASURE LICKING + ANAL STIMULATOR?<\/p>\n<p data-mce-fragment=\"1\">Modi di giocare; Posizionare saldamente la rosa in silicone nel palmo della mano. Posiziona MIA DOUBLE PLEASURE sul tuo clitoride o su altre zone erogene e goditi le vibrazioni profonde. Esplora diversi ambienti e posizioni per personalizzare la tua esperienza. \u00c8 perfetto per stimolare il clitoride e utilizzare anche l&#8217;impugnatura vibrante per la zona anale. Stimolazione doppia e potente.<\/p>\n<ul data-mce-fragment=\"1\">\n<li data-mce-fragment=\"1\">10 potenti modalit\u00e0 di vibrazione<\/li>\n<li data-mce-fragment=\"1\">Impermeabile MIA DOUBLE PLEASURE \u00e8 impermeabile (IPX6), il che lo rende facile da usare ovunque e facile da pulire.<\/li>\n<li data-mce-fragment=\"1\">Whisper Quiet &#8211; Progettato per essere discreto, MIA DOUBLE PLEASURE \u00e8 silenzioso, quindi nessuno sapr\u00e0 cosa stai facendo.<\/li>\n<\/ul>\n<p data-mce-fragment=\"1\">DAI FORZA!<\/p>\n<p data-mce-fragment=\"1\">Il tuo MIA DOUBLE PLEASURE \u00e8 dotato di batterie integrate ed \u00e8 quindi ricaricabile ed ecologico. Il cavo di ricarica USB incluso pu\u00f2 essere integrato con una presa di rete standard da 5 V, se necessario.<\/p>\n<p data-mce-fragment=\"1\">PI\u00d9 DIVERTIMENTO CON IL LUBRIFICANTE<\/p>\n<p data-mce-fragment=\"1\">Per il massimo piacere liscio, usa sempre il tuo stimolatore clitorideo o vibratore anale con uno dei lubrificanti a base d&#8217;acqua Waterfeel che sono perfettamente abbinati al prodotto. Questo render\u00e0 la tua esperienza gioiosamente intensa e le dar\u00e0 un ulteriore fattore di variet\u00e0. Sono disponibili nelle versioni classica, setosa e calda. La composizione vegana a base d&#8217;acqua protegge il materiale e mantiene la superficie opaca e setosa del tuo amuleto piacevole ed elastica.<\/p>\n<p data-mce-fragment=\"1\">MATERIALI E CURA<\/p>\n<p data-mce-fragment=\"1\">Il silicone MIA presenta una superficie opaca satinata incredibilmente flessibile. Impermeabili (IPX6) e abbinati a una pratica impugnatura ergonomica realizzata nello stesso materiale, i giocattoli MIA sono facili da pulire e rimangono igienici a lungo. Il materiale flessibile \u00e8 meravigliosamente scivoloso e si riscalda rapidamente fino alla temperatura corporea. Il tuo vibratore pu\u00f2 essere pulito rapidamente e facilmente con un po&#8217; di sapone e acqua tiepida. Infine, garantisce un&#8217;igiene completa con pochi spruzzi di detergente disinfettante per giocattoli.<\/p>\n<p data-mce-fragment=\"1\">Goditi il tuo giocattolo tanto quanto ci \u00e8 piaciuto realizzarlo per te.<\/p>\n<p data-mce-fragment=\"1\">IL MARCHIO<\/p>\n<p data-mce-fragment=\"1\">MIA &#8211; molto pi\u00f9 di un marchio europeo! Tutto \u00e8 iniziato con la stimolazione attraverso motori innovativi e materiali unici. Il marchio leader mondiale nel benessere sessuale ora arricchisce la vita amorosa di oltre 200.000 donne, uomini e coppie in oltre 100 paesi con una gamma esclusiva di prodotti all&#8217;avanguardia. Con caratteristiche di qualit\u00e0 come silicone di alta qualit\u00e0, 5 anni di garanzia, completamente impermeabile (IPX7) e motori potenti, il marchio europeo di successo \u00e8 sempre attento a combinare la tecnologia con un design eccezionale nei suoi prodotti. Un prodotto assemblato in Spagna con la massima qualit\u00e0 europea.<\/p>\n<p data-mce-fragment=\"1\">\u00a0<\/p>\n<div id=\"dimensiones-producto\">\n<span>Dimensioni imballo:\u00a0<\/span><span>110 x 64 x 16 Millimetri<\/span>\n<\/div>\n<div id=\"peso-producto\">\n<span>Peso:\u00a0<\/span><span>168 grammi<\/span>\n<\/div>\n","protected":false},"excerpt":{"rendered":"<p>Cosa pu\u00f2 portarmi MIA DOUBLE PLEASURE LICKING + ANAL STIMULATOR? Modi di giocare; Posizionare saldamente la rosa in silicone nel palmo della mano. Posiziona MIA DOUBLE<span class=\"excerpt-hellip\"> [\u2026]<\/span><\/p>\n","protected":false},"featured_media":5028,"comment_status":"open","ping_status":"closed","template":"","meta":[],"product_brand":[],"product_cat":[224,219],"product_tag":[170,165,191,204],"class_list":{"0":"post-4574","1":"product","2":"type-product","3":"status-publish","4":"has-post-thumbnail","6":"product_cat-succhia-clitoride","7":"product_cat-vagina","8":"product_tag-donna","9":"product_tag-sextoys","10":"product_tag-succhia-clitoride","11":"product_tag-vibrator","13":"first","14":"instock","15":"taxable","16":"shipping-taxable","17":"purchasable","18":"product-type-simple"},"_links":{"self":[{"href":"https:\/\/www.lovgasmstore.com\/index.php\/wp-json\/wp\/v2\/product\/4574","targetHints":{"allow":["GET"]}}],"collection":[{"href":"https:\/\/www.lovgasmstore.com\/index.php\/wp-json\/wp\/v2\/product"}],"about":[{"href":"https:\/\/www.lovgasmstore.com\/index.php\/wp-json\/wp\/v2\/types\/product"}],"replies":[{"embeddable":true,"href":"https:\/\/www.lovgasmstore.com\/index.php\/wp-json\/wp\/v2\/comments?post=4574"}],"version-history":[{"count":3,"href":"https:\/\/www.lovgasmstore.com\/index.php\/wp-json\/wp\/v2\/product\/4574\/revisions"}],"predecessor-version":[{"id":6470,"href":"https:\/\/www.lovgasmstore.com\/index.php\/wp-json\/wp\/v2\/product\/4574\/revisions\/6470"}],"wp:featuredmedia":[{"embeddable":true,"href":"https:\/\/www.lovgasmstore.com\/index.php\/wp-json\/wp\/v2\/media\/5028"}],"wp:attachment":[{"href":"https:\/\/www.lovgasmstore.com\/index.php\/wp-json\/wp\/v2\/media?parent=4574"}],"wp:term":[{"taxonomy":"product_brand","embeddable":true,"href":"https:\/\/www.lovgasmstore.com\/index.php\/wp-json\/wp\/v2\/product_brand?post=4574"},{"taxonomy":"product_cat","embeddable":true,"href":"https:\/\/www.lovgasmstore.com\/index.php\/wp-json\/wp\/v2\/product_cat?post=4574"},{"taxonomy":"product_tag","embeddable":true,"href":"https:\/\/www.lovgasmstore.com\/index.php\/wp-json\/wp\/v2\/product_tag?post=4574"}],"curies":[{"name":"wp","href":"https:\/\/api.w.org\/{rel}","templated":true}]}}