{"id":4571,"date":"2024-06-05T14:03:48","date_gmt":"2024-06-05T12:03:48","guid":{"rendered":"http:\/\/www.lovgasmstore.com\/index.php\/prodotto\/me-seduce-maschera-in-pizzo\/"},"modified":"2025-05-15T11:59:16","modified_gmt":"2025-05-15T09:59:16","slug":"me-seduce-maschera-in-pizzo","status":"publish","type":"product","link":"https:\/\/www.lovgasmstore.com\/index.php\/prodotto\/me-seduce-maschera-in-pizzo\/","title":{"rendered":"ME SEDUCE &#8211; MASCHERA IN PIZZO"},"content":{"rendered":"<p data-mce-fragment=\"1\"><span data-mce-fragment=\"1\">Presentiamo Black Diamond, la nuova collezione del prestigioso marchio europeo di lingerie Me-Seduce e i suoi pezzi e accessori esclusivi:\u00a0<\/span><\/p>\n<ul data-mce-fragment=\"1\">\n<li data-mce-fragment=\"1\"><span data-mce-fragment=\"1\">Maschera MK04<\/span><\/li>\n<li data-mce-fragment=\"1\"><span data-mce-fragment=\"1\">disegno del gattino\u00a0<\/span><\/li>\n<li data-mce-fragment=\"1\"><span data-mce-fragment=\"1\">Maschera originale.\u00a0Puoi usarlo come costume sexy o per giocare in coppia.\u00a0<\/span><\/li>\n<li data-mce-fragment=\"1\"><span data-mce-fragment=\"1\">Composizione: 10% elastan \/ 90% poliammide\u00a0<\/span><\/li>\n<li data-mce-fragment=\"1\"><span data-mce-fragment=\"1\">Colore nero<\/span><\/li>\n<li data-mce-fragment=\"1\"><span data-mce-fragment=\"1\">Taglia: Taglia unica\u00a0<\/span><\/li>\n<\/ul>\n<p data-mce-fragment=\"1\"><span data-mce-fragment=\"1\">Me-Seduce \u00e8 stata creata nel 2013 e si dedica alla progettazione e produzione di lingerie erotica per donne e uomini.\u00a0Nell&#8217;autunno 2018 il marchio \u00e8 stato premiato con l&#8217;XBIZ Europe ed \u00e8 stato premiato come Migliore azienda di lingerie dell&#8217;anno 2018. \u00c8 stata la prima edizione europea e l&#8217;unico marchio polacco nominato.\u00a0Ora, nel 2019, \u00e8 stata nominata nell&#8217;edizione americana degli XBIZ Awards 2019 in due categorie: Best Lingerie Company (2019) e Best Collection of the Year (2019).<\/span><\/p>\n","protected":false},"excerpt":{"rendered":"<p>Presentiamo Black Diamond, la nuova collezione del prestigioso marchio europeo di lingerie Me-Seduce e i suoi pezzi e accessori esclusivi:\u00a0 Maschera MK04 disegno del gattino\u00a0 Maschera<span class=\"excerpt-hellip\"> [\u2026]<\/span><\/p>\n","protected":false},"featured_media":5021,"comment_status":"open","ping_status":"closed","template":"","meta":[],"product_brand":[],"product_cat":[223,316],"product_tag":[174,170,195,165],"class_list":{"0":"post-4571","1":"product","2":"type-product","3":"status-publish","4":"has-post-thumbnail","6":"product_cat-bondage","7":"product_cat-maschere-e-costumi","8":"product_tag-bdsm","9":"product_tag-donna","10":"product_tag-maschera","11":"product_tag-sextoys","13":"first","14":"outofstock","15":"taxable","16":"shipping-taxable","17":"purchasable","18":"product-type-simple"},"_links":{"self":[{"href":"https:\/\/www.lovgasmstore.com\/index.php\/wp-json\/wp\/v2\/product\/4571","targetHints":{"allow":["GET"]}}],"collection":[{"href":"https:\/\/www.lovgasmstore.com\/index.php\/wp-json\/wp\/v2\/product"}],"about":[{"href":"https:\/\/www.lovgasmstore.com\/index.php\/wp-json\/wp\/v2\/types\/product"}],"replies":[{"embeddable":true,"href":"https:\/\/www.lovgasmstore.com\/index.php\/wp-json\/wp\/v2\/comments?post=4571"}],"version-history":[{"count":2,"href":"https:\/\/www.lovgasmstore.com\/index.php\/wp-json\/wp\/v2\/product\/4571\/revisions"}],"predecessor-version":[{"id":6076,"href":"https:\/\/www.lovgasmstore.com\/index.php\/wp-json\/wp\/v2\/product\/4571\/revisions\/6076"}],"wp:featuredmedia":[{"embeddable":true,"href":"https:\/\/www.lovgasmstore.com\/index.php\/wp-json\/wp\/v2\/media\/5021"}],"wp:attachment":[{"href":"https:\/\/www.lovgasmstore.com\/index.php\/wp-json\/wp\/v2\/media?parent=4571"}],"wp:term":[{"taxonomy":"product_brand","embeddable":true,"href":"https:\/\/www.lovgasmstore.com\/index.php\/wp-json\/wp\/v2\/product_brand?post=4571"},{"taxonomy":"product_cat","embeddable":true,"href":"https:\/\/www.lovgasmstore.com\/index.php\/wp-json\/wp\/v2\/product_cat?post=4571"},{"taxonomy":"product_tag","embeddable":true,"href":"https:\/\/www.lovgasmstore.com\/index.php\/wp-json\/wp\/v2\/product_tag?post=4571"}],"curies":[{"name":"wp","href":"https:\/\/api.w.org\/{rel}","templated":true}]}}