{"id":4565,"date":"2024-06-05T14:03:09","date_gmt":"2024-06-05T12:03:09","guid":{"rendered":"http:\/\/www.lovgasmstore.com\/index.php\/prodotto\/massaggiatore-prostatico-lelo-hugo\/"},"modified":"2025-05-15T09:57:18","modified_gmt":"2025-05-15T07:57:18","slug":"massaggiatore-prostatico-lelo-hugo-2","status":"publish","type":"product","link":"https:\/\/www.lovgasmstore.com\/index.php\/prodotto\/massaggiatore-prostatico-lelo-hugo-2\/","title":{"rendered":"LELO &#8211; HUGO 2"},"content":{"rendered":"<p><meta charset=\"UTF-8\"><\/p>\n<p data-mce-fragment=\"1\">L&#8217;orgasmo di stimolazione della prostata \u00e8 il pi\u00f9 grande e intenso che un uomo possa provare e il telecomando <strong>HUGO<\/strong> \u00e8 incluso per offrire ampie possibilit\u00e0 alla ricerca di una maggiore soddisfazione sessuale.<\/p>\n<p data-mce-fragment=\"1\">Con 8 modalit\u00e0 di stimolazione e l&#8217;esclusiva tecnologia SenseMotion, HUGO ha tutto pronto per diventare il tuo compagno di giochi perch\u00e9&#8230; \u00e8 ora di portare il piacere maschile fuori dall&#8217;ombra!<\/p>\n<p data-mce-fragment=\"1\">Completamente sommergibile e ricaricabile tramite USB, questo oggetto di piacere \u00e8 stato saggiamente costruito per offrire massaggi profondi alla prostata, mentre un motore secondario alla base stimola il perineo per aggiungere un&#8217;eccitazione travolgente.<\/p>\n<ul data-mce-fragment=\"1\">\n<li data-mce-fragment=\"1\">Vibrazioni ultra potenti con 2 motori, alla base e in punta<\/li>\n<li data-mce-fragment=\"1\">8 modalit\u00e0 regolabili che si attivano a una distanza di 12 metri<\/li>\n<li data-mce-fragment=\"1\">Modalit\u00e0 di vibrazione con tecnologia SenseMotionTM che<\/li>\n<li data-mce-fragment=\"1\">Rispondere al movimento del telecomando<\/li>\n<li data-mce-fragment=\"1\">Sommergibile al 100% e ricaricabile tramite USB<\/li>\n<li data-mce-fragment=\"1\">Morbido silicone per sensazioni incredibili come naturali<\/li>\n<\/ul>\n<p data-mce-fragment=\"1\">Offrendo 2 ore di piacere continuo, puoi immergerlo nella vasca da bagno o nella doccia Molteplici modalit\u00e0 e doppia stimolazione Con due potenti motori (uno per la prostata e uno alla base per il perineo) che ti porteranno sensazioni travolgenti.<\/p>\n<p data-mce-fragment=\"1\"><span style=\"text-decoration: underline;\">1 anno di garanzia e 10 anni di garanzia di qualit\u00e0!<\/span><\/p>\n","protected":false},"excerpt":{"rendered":"<p>L&#8217;orgasmo di stimolazione della prostata \u00e8 il pi\u00f9 grande e intenso che un uomo possa provare e il telecomando HUGO \u00e8 incluso per offrire ampie possibilit\u00e0<span class=\"excerpt-hellip\"> [\u2026]<\/span><\/p>\n","protected":false},"featured_media":5009,"comment_status":"open","ping_status":"closed","template":"","meta":[],"product_brand":[],"product_cat":[229,220],"product_tag":[211,182,204,178],"class_list":{"0":"post-4565","1":"product","2":"type-product","3":"status-publish","4":"has-post-thumbnail","6":"product_cat-masturbatori","7":"product_cat-pene","8":"product_tag-plug","9":"product_tag-uomo","10":"product_tag-vibrator","11":"product_tag-vibratore","13":"first","14":"instock","15":"taxable","16":"shipping-taxable","17":"purchasable","18":"product-type-simple"},"_links":{"self":[{"href":"https:\/\/www.lovgasmstore.com\/index.php\/wp-json\/wp\/v2\/product\/4565","targetHints":{"allow":["GET"]}}],"collection":[{"href":"https:\/\/www.lovgasmstore.com\/index.php\/wp-json\/wp\/v2\/product"}],"about":[{"href":"https:\/\/www.lovgasmstore.com\/index.php\/wp-json\/wp\/v2\/types\/product"}],"replies":[{"embeddable":true,"href":"https:\/\/www.lovgasmstore.com\/index.php\/wp-json\/wp\/v2\/comments?post=4565"}],"version-history":[{"count":3,"href":"https:\/\/www.lovgasmstore.com\/index.php\/wp-json\/wp\/v2\/product\/4565\/revisions"}],"predecessor-version":[{"id":6471,"href":"https:\/\/www.lovgasmstore.com\/index.php\/wp-json\/wp\/v2\/product\/4565\/revisions\/6471"}],"wp:featuredmedia":[{"embeddable":true,"href":"https:\/\/www.lovgasmstore.com\/index.php\/wp-json\/wp\/v2\/media\/5009"}],"wp:attachment":[{"href":"https:\/\/www.lovgasmstore.com\/index.php\/wp-json\/wp\/v2\/media?parent=4565"}],"wp:term":[{"taxonomy":"product_brand","embeddable":true,"href":"https:\/\/www.lovgasmstore.com\/index.php\/wp-json\/wp\/v2\/product_brand?post=4565"},{"taxonomy":"product_cat","embeddable":true,"href":"https:\/\/www.lovgasmstore.com\/index.php\/wp-json\/wp\/v2\/product_cat?post=4565"},{"taxonomy":"product_tag","embeddable":true,"href":"https:\/\/www.lovgasmstore.com\/index.php\/wp-json\/wp\/v2\/product_tag?post=4565"}],"curies":[{"name":"wp","href":"https:\/\/api.w.org\/{rel}","templated":true}]}}