{"id":4554,"date":"2024-06-05T14:01:53","date_gmt":"2024-06-05T12:01:53","guid":{"rendered":"http:\/\/www.lovgasmstore.com\/index.php\/prodotto\/jamyjob-spin-x\/"},"modified":"2025-05-15T10:07:04","modified_gmt":"2025-05-15T08:07:04","slug":"jamyjob-spin-x","status":"publish","type":"product","link":"https:\/\/www.lovgasmstore.com\/index.php\/prodotto\/jamyjob-spin-x\/","title":{"rendered":"JAMYJOB &#8211; SPIN-X"},"content":{"rendered":"<div id=\"contenido_textos_avanzados_pestanyas\" class=\"desktop\" data-mce-fragment=\"1\">\n<div id=\"div_textos_avanzados_pestanyas_descripcion_larga\" class=\"pestanyaCliente descripcionLarga\" data-mce-fragment=\"1\" itemprop=\"description\">\n<p data-mce-fragment=\"1\">Sperimenta un nuovo livello di piacere con il masturbatore maschile SPIN-X di JAMYJOB. Questo lussuoso giocattolo intimo \u00e8 progettato per soddisfare i tuoi desideri pi\u00f9 profondi ed elevare la tua intimit\u00e0 a nuovi livelli.<\/p>\n<p data-mce-fragment=\"1\"><b data-mce-fragment=\"1\">CARATTERISTICHE<\/b><\/p>\n<ul data-mce-fragment=\"1\">\n<li data-mce-fragment=\"1\">\n<strong data-mce-fragment=\"1\">Effetto Riscaldante:<\/strong><span data-mce-fragment=\"1\">\u00a0<\/span>Immergiti in una sensazione realistica e confortante con l&#8217;effetto riscaldante che simula la temperatura corporea.<\/li>\n<li data-mce-fragment=\"1\">\n<strong data-mce-fragment=\"1\">Motore potente:<\/strong><span data-mce-fragment=\"1\">\u00a0<\/span>goditi una stimolazione intensa grazie al motore ad alte prestazioni che ti porter\u00e0 all&#8217;estasi.<\/li>\n<li data-mce-fragment=\"1\">\n<strong data-mce-fragment=\"1\">3 modalit\u00e0 di vibrazione:<\/strong><span data-mce-fragment=\"1\">\u00a0<\/span>personalizza la tua esperienza con tre diverse modalit\u00e0 di vibrazione, da pulsazioni delicate a vibrazioni intense.<\/li>\n<li data-mce-fragment=\"1\">\n<strong data-mce-fragment=\"1\">Rotazione multipla:<\/strong><span data-mce-fragment=\"1\">\u00a0<\/span>esplora una versatilit\u00e0 senza pari con molteplici opzioni di rotazione che ti forniranno profonda soddisfazione.<\/li>\n<li data-mce-fragment=\"1\">\n<strong data-mce-fragment=\"1\">Ricaricabile:<\/strong><span data-mce-fragment=\"1\">\u00a0<\/span>dimentica le batterie. SPIN-X \u00e8 ricaricabile, garantendo ore di piacere ininterrotto.<\/li>\n<li data-mce-fragment=\"1\">\n<strong data-mce-fragment=\"1\">Impermeabile:<\/strong><span data-mce-fragment=\"1\">\u00a0<\/span>porta il divertimento nella vasca da bagno o nella doccia, poich\u00e9 SPIN-X \u00e8 impermeabile e ti consente di esplorare le tue fantasie in un ambiente umido.<\/li>\n<li data-mce-fragment=\"1\">\n<strong data-mce-fragment=\"1\">Realizzato in silicone super morbido:<\/strong><span data-mce-fragment=\"1\">\u00a0<\/span>il silicone di alta qualit\u00e0 di SPIN-X \u00e8 eccezionalmente morbido al tatto e offre un comfort senza pari.<\/li>\n<li data-mce-fragment=\"1\">\n<strong data-mce-fragment=\"1\">Pulizia facile:<\/strong><span data-mce-fragment=\"1\">\u00a0<\/span>mantieni SPIN-X in condizioni impeccabili grazie al suo design staccabile che rende la pulizia dopo ogni utilizzo un gioco da ragazzi.<\/li>\n<li data-mce-fragment=\"1\">\n<strong data-mce-fragment=\"1\">Materiale sicuro per il corpo:<\/strong><span data-mce-fragment=\"1\">\u00a0<\/span>prodotto con materiali sicuri per il corpo, SPIN-X garantisce che la tua salute sia una priorit\u00e0.<\/li>\n<li data-mce-fragment=\"1\">\n<strong data-mce-fragment=\"1\">Senza ftalati:<\/strong><span data-mce-fragment=\"1\">\u00a0<\/span>SPIN-X \u00e8 completamente privo di ftalati, il che lo rende sicuro e salutare per la tua soddisfazione.<\/li>\n<li data-mce-fragment=\"1\">\n<strong data-mce-fragment=\"1\">Design bicolore:<\/strong><span data-mce-fragment=\"1\">\u00a0<\/span>con un elegante esterno nero e un interno rosso appassionato, SPIN-X \u00e8 un simbolo di stile e passione.<\/li>\n<\/ul>\n<p data-mce-fragment=\"1\">\u00a0<\/p>\n<p data-mce-fragment=\"1\"><strong data-mce-fragment=\"1\">MATERIALE E CURA<\/strong><\/p>\n<p data-mce-fragment=\"1\">Jamyjob \u00e8 un giocattolo impermeabile realizzato in silicone medico liscio come la seta, che \u00e8 estremamente scivoloso e assorbe rapidamente il calore corporeo. Il giocattolo pu\u00f2 essere facilmente pulito con un po&#8217; di sapone sotto l&#8217;acqua tiepida. Con un po&#8217; di detergente disinfettante per giocattoli potrete poi garantire un&#8217;igiene particolarmente accurata, idealmente con lo spray disinfettante perfettamente coordinato di Waterfeel. Per il massimo piacere, utilizza sempre il tuo giocattolo con uno dei lubrificanti a base d&#8217;acqua Waterfeel perfettamente abbinati al prodotto. Sono disponibili nelle versioni classica, setosa e calda. La composizione vegana a base d&#8217;acqua protegge il materiale e mantiene la superficie del tuo giocattolo bella e liscia.<\/p>\n<div id=\"dimensiones-producto\">\n<span>Dimensioni imballo:\u00a0<\/span><span>90 x 90 x 231 Millimetri<\/span>\n<\/div>\n<div id=\"peso-producto\">\n<span>Peso:\u00a0<\/span><span>582 grammi<\/span>\n<\/div>\n<\/div>\n<\/div>\n","protected":false},"excerpt":{"rendered":"<p>Sperimenta un nuovo livello di piacere con il masturbatore maschile SPIN-X di JAMYJOB. Questo lussuoso giocattolo intimo \u00e8 progettato per soddisfare i tuoi desideri pi\u00f9 profondi<span class=\"excerpt-hellip\"> [\u2026]<\/span><\/p>\n","protected":false},"featured_media":4978,"comment_status":"open","ping_status":"closed","template":"","meta":[],"product_brand":[],"product_cat":[229,220],"product_tag":[214,165,182,204,178],"class_list":{"0":"post-4554","1":"product","2":"type-product","3":"status-publish","4":"has-post-thumbnail","6":"product_cat-masturbatori","7":"product_cat-pene","8":"product_tag-masturbatore-pene","9":"product_tag-sextoys","10":"product_tag-uomo","11":"product_tag-vibrator","12":"product_tag-vibratore","14":"first","15":"instock","16":"sale","17":"taxable","18":"shipping-taxable","19":"purchasable","20":"product-type-simple"},"_links":{"self":[{"href":"https:\/\/www.lovgasmstore.com\/index.php\/wp-json\/wp\/v2\/product\/4554","targetHints":{"allow":["GET"]}}],"collection":[{"href":"https:\/\/www.lovgasmstore.com\/index.php\/wp-json\/wp\/v2\/product"}],"about":[{"href":"https:\/\/www.lovgasmstore.com\/index.php\/wp-json\/wp\/v2\/types\/product"}],"replies":[{"embeddable":true,"href":"https:\/\/www.lovgasmstore.com\/index.php\/wp-json\/wp\/v2\/comments?post=4554"}],"version-history":[{"count":2,"href":"https:\/\/www.lovgasmstore.com\/index.php\/wp-json\/wp\/v2\/product\/4554\/revisions"}],"predecessor-version":[{"id":6087,"href":"https:\/\/www.lovgasmstore.com\/index.php\/wp-json\/wp\/v2\/product\/4554\/revisions\/6087"}],"wp:featuredmedia":[{"embeddable":true,"href":"https:\/\/www.lovgasmstore.com\/index.php\/wp-json\/wp\/v2\/media\/4978"}],"wp:attachment":[{"href":"https:\/\/www.lovgasmstore.com\/index.php\/wp-json\/wp\/v2\/media?parent=4554"}],"wp:term":[{"taxonomy":"product_brand","embeddable":true,"href":"https:\/\/www.lovgasmstore.com\/index.php\/wp-json\/wp\/v2\/product_brand?post=4554"},{"taxonomy":"product_cat","embeddable":true,"href":"https:\/\/www.lovgasmstore.com\/index.php\/wp-json\/wp\/v2\/product_cat?post=4554"},{"taxonomy":"product_tag","embeddable":true,"href":"https:\/\/www.lovgasmstore.com\/index.php\/wp-json\/wp\/v2\/product_tag?post=4554"}],"curies":[{"name":"wp","href":"https:\/\/api.w.org\/{rel}","templated":true}]}}