{"id":4552,"date":"2024-06-05T14:01:41","date_gmt":"2024-06-05T12:01:41","guid":{"rendered":"http:\/\/www.lovgasmstore.com\/index.php\/prodotto\/jamyjob-rocket\/"},"modified":"2025-05-15T10:08:27","modified_gmt":"2025-05-15T08:08:27","slug":"jamyjob-rocket","status":"publish","type":"product","link":"https:\/\/www.lovgasmstore.com\/index.php\/prodotto\/jamyjob-rocket\/","title":{"rendered":"JAMYJOB &#8211; ROCKET"},"content":{"rendered":"<p data-mce-fragment=\"1\">SESSSESSQuattro, tre, due, uno&#8230; il conto alla rovescia \u00e8 finito e il Rocket decolla alla velocit\u00e0 della luce per portarti dritto negli universi di piacere!<\/p>\n<p data-mce-fragment=\"1\">The Rocket \u00e8 un masturbatore maschile per coloro che desiderano vivere esperienze da un altro pianeta perch\u00e9 questo oggetto high-tech pu\u00f2 vibrare e comprimere allo stesso tempo. L&#8217;effetto simula il comportamento del corpo umano per rendere la tua masturbazione molto pi\u00f9 piacevole. Applicare un po&#8217; di lubrificante a base d&#8217;acqua (Jamyjob consiglia l&#8217;uso di lubrificanti Aqua Quality per uno scorrimento efficace e duraturo) e far scorrere la sua morbida guaina interna testurizzata, ora arriva il meglio&#8230; scegli tra le sue modalit\u00e0 di vibrazione e compressione e.. . proverai un piacere da un&#8217;altra galassia!<\/p>\n<p data-mce-fragment=\"1\">Caratteristiche:<\/p>\n<ul data-mce-fragment=\"1\">\n<li data-mce-fragment=\"1\">Masturbatore a razzo<\/li>\n<li data-mce-fragment=\"1\">7 modalit\u00e0 di compressione<\/li>\n<li data-mce-fragment=\"1\">7 modalit\u00e0 di vibrazione<\/li>\n<li data-mce-fragment=\"1\">Facile da pulire<\/li>\n<li data-mce-fragment=\"1\">Silicone super morbido e ABS<\/li>\n<li data-mce-fragment=\"1\">Jamyjob consiglia l&#8217;uso con i lubrificanti Aqua Quality<\/li>\n<li data-mce-fragment=\"1\">Materiale sicuro per il corpo. Senza ftalati<\/li>\n<li data-mce-fragment=\"1\">USB Ricaricabile<\/li>\n<\/ul>\n<p data-mce-fragment=\"1\"><strong data-mce-fragment=\"1\">Jamyjob<\/strong><span data-mce-fragment=\"1\">\u00a0<\/span>\u00e8 il risultato di una moltitudine di studi legati all&#8217;utilizzo di materiali di prima qualit\u00e0 nel suo preciso scopo di offrire le ultime tecnologie sul mercato adatte al piacere degli adulti.<\/p>\n<div id=\"dimensiones-producto\">\n<span>Dimensioni imballo:\u00a0<\/span><span>115 x 290 x 115 Millimetri<\/span>\n<\/div>\n<div id=\"peso-producto\">\n<span>Peso:\u00a0<\/span><span>632 grammi<\/span>\n<\/div>\n","protected":false},"excerpt":{"rendered":"<p>SESSSESSQuattro, tre, due, uno&#8230; il conto alla rovescia \u00e8 finito e il Rocket decolla alla velocit\u00e0 della luce per portarti dritto negli universi di piacere! The<span class=\"excerpt-hellip\"> [\u2026]<\/span><\/p>\n","protected":false},"featured_media":4968,"comment_status":"open","ping_status":"closed","template":"","meta":[],"product_brand":[],"product_cat":[229,220],"product_tag":[214,165,182,204],"class_list":{"0":"post-4552","1":"product","2":"type-product","3":"status-publish","4":"has-post-thumbnail","6":"product_cat-masturbatori","7":"product_cat-pene","8":"product_tag-masturbatore-pene","9":"product_tag-sextoys","10":"product_tag-uomo","11":"product_tag-vibrator","13":"first","14":"instock","15":"sale","16":"taxable","17":"shipping-taxable","18":"purchasable","19":"product-type-simple"},"_links":{"self":[{"href":"https:\/\/www.lovgasmstore.com\/index.php\/wp-json\/wp\/v2\/product\/4552","targetHints":{"allow":["GET"]}}],"collection":[{"href":"https:\/\/www.lovgasmstore.com\/index.php\/wp-json\/wp\/v2\/product"}],"about":[{"href":"https:\/\/www.lovgasmstore.com\/index.php\/wp-json\/wp\/v2\/types\/product"}],"replies":[{"embeddable":true,"href":"https:\/\/www.lovgasmstore.com\/index.php\/wp-json\/wp\/v2\/comments?post=4552"}],"version-history":[{"count":2,"href":"https:\/\/www.lovgasmstore.com\/index.php\/wp-json\/wp\/v2\/product\/4552\/revisions"}],"predecessor-version":[{"id":6088,"href":"https:\/\/www.lovgasmstore.com\/index.php\/wp-json\/wp\/v2\/product\/4552\/revisions\/6088"}],"wp:featuredmedia":[{"embeddable":true,"href":"https:\/\/www.lovgasmstore.com\/index.php\/wp-json\/wp\/v2\/media\/4968"}],"wp:attachment":[{"href":"https:\/\/www.lovgasmstore.com\/index.php\/wp-json\/wp\/v2\/media?parent=4552"}],"wp:term":[{"taxonomy":"product_brand","embeddable":true,"href":"https:\/\/www.lovgasmstore.com\/index.php\/wp-json\/wp\/v2\/product_brand?post=4552"},{"taxonomy":"product_cat","embeddable":true,"href":"https:\/\/www.lovgasmstore.com\/index.php\/wp-json\/wp\/v2\/product_cat?post=4552"},{"taxonomy":"product_tag","embeddable":true,"href":"https:\/\/www.lovgasmstore.com\/index.php\/wp-json\/wp\/v2\/product_tag?post=4552"}],"curies":[{"name":"wp","href":"https:\/\/api.w.org\/{rel}","templated":true}]}}