{"id":4547,"date":"2024-06-05T14:01:12","date_gmt":"2024-06-05T12:01:12","guid":{"rendered":"http:\/\/www.lovgasmstore.com\/index.php\/prodotto\/jamyjob-masturbator-a-doppio-foro\/"},"modified":"2025-05-15T10:10:24","modified_gmt":"2025-05-15T08:10:24","slug":"jamyjob-masturbator-a-doppio-foro","status":"publish","type":"product","link":"https:\/\/www.lovgasmstore.com\/index.php\/prodotto\/jamyjob-masturbator-a-doppio-foro\/","title":{"rendered":"JAMYJOB &#8211; MASTURBATOR A DOPPIO FORO"},"content":{"rendered":"<p data-mce-fragment=\"1\">Secondo gli ultimi studi sulla masturbazione maschile, possiamo estrarre dati interessanti che ci parlano dell&#8217;importanza e dell&#8217;incidenza negli stessi uomini, confermati dai risultati di questa macro-indagine.<\/p>\n<p data-mce-fragment=\"1\">Come dato interessante, potremmo rivelare che ogni uomo si martuba in media 156 volte l&#8217;anno, ovvero circa 3 volte a settimana o, ad esempio, i luoghi in cui lo fanno sono il 30% sotto la doccia, il 22% in bagno , il 30% in camera da letto e il restante 18% in altri luoghi come il lavoro (circa l&#8217;1%)<\/p>\n<p data-mce-fragment=\"1\">In<strong> Lovgasm<\/strong> abbiamo sempre avuto conoscenza sia dei benefici che la masturbazione maschile provoca, sia dell&#8217;importanza per gli uomini essendo evidente nei dati indicati, ecco perch\u00e9 ricerchiamo\u00a0da anni solo giocattoli che riescono a migliorare e ottimizzare questa abitudine cos\u00ec piacevole ma comune allo stesso tempo.<\/p>\n<p data-mce-fragment=\"1\">Con questo masturbatore a doppia entrata, raggiungerete pienamente il nostro piacevole obiettivo, poich\u00e9 la sua manica rimovibile di facile pulizia, si adatta alla temperatura corporea e il suo canale interno \u00e8 strutturato trasformando l&#8217;esperienza in 100% realistica, come se fosse vero sesso. Dovrai solo applicare un po&#8217; di lubrificante a base d&#8217;acqua (Jamyjob consiglia l&#8217;uso dei lubrificanti Waterfeel per una lubrificazione ottimale) e scegliere cosa preferisci se una deliziosa vagina o uno squisito ano, sta a te decidere!<\/p>\n<ul data-mce-fragment=\"1\">\n<li data-mce-fragment=\"1\">Masturbatore a doppia entrata<\/li>\n<li data-mce-fragment=\"1\">Da una parte la vagina, dall&#8217;altra l&#8217;ano<\/li>\n<li data-mce-fragment=\"1\">Con coperchi su entrambi i lati per lo stoccaggio e il trasporto<\/li>\n<li data-mce-fragment=\"1\">Manica con texture interne<\/li>\n<li data-mce-fragment=\"1\">Materiale: TPE<\/li>\n<li data-mce-fragment=\"1\">Facile pulizia<\/li>\n<li data-mce-fragment=\"1\">I lubrificanti a base d&#8217;acqua Waterfeel sono consigliati con questo giocattolo.<\/li>\n<li data-mce-fragment=\"1\">Lunghezza inseribile: 15 cm<\/li>\n<\/ul>\n<p data-mce-fragment=\"1\"><strong data-mce-fragment=\"1\">Jamyjob<\/strong><span data-mce-fragment=\"1\">\u00a0<\/span>\u00e8 il risultato di una moltitudine di studi legati all&#8217;utilizzo di materiali di prima qualit\u00e0 nel suo fermo proposito di offrire la pi\u00f9 recente tecnologia sul mercato adattata al piacere degli adulti.<\/p>\n<div id=\"dimensiones-producto\">\n<span>Dimensioni imballo:\u00a0<\/span><span>75 x 175 x 75 Millimetri<\/span>\n<\/div>\n<div id=\"peso-producto\">\n<span>Peso:\u00a0<\/span><span>400 grammi<\/span>\n<\/div>\n","protected":false},"excerpt":{"rendered":"<p>Secondo gli ultimi studi sulla masturbazione maschile, possiamo estrarre dati interessanti che ci parlano dell&#8217;importanza e dell&#8217;incidenza negli stessi uomini, confermati dai risultati di questa macro-indagine.<span class=\"excerpt-hellip\"> [\u2026]<\/span><\/p>\n","protected":false},"featured_media":4951,"comment_status":"open","ping_status":"closed","template":"","meta":[],"product_brand":[],"product_cat":[229,220],"product_tag":[214,165,182],"class_list":{"0":"post-4547","1":"product","2":"type-product","3":"status-publish","4":"has-post-thumbnail","6":"product_cat-masturbatori","7":"product_cat-pene","8":"product_tag-masturbatore-pene","9":"product_tag-sextoys","10":"product_tag-uomo","12":"first","13":"instock","14":"sale","15":"taxable","16":"shipping-taxable","17":"purchasable","18":"product-type-simple"},"_links":{"self":[{"href":"https:\/\/www.lovgasmstore.com\/index.php\/wp-json\/wp\/v2\/product\/4547","targetHints":{"allow":["GET"]}}],"collection":[{"href":"https:\/\/www.lovgasmstore.com\/index.php\/wp-json\/wp\/v2\/product"}],"about":[{"href":"https:\/\/www.lovgasmstore.com\/index.php\/wp-json\/wp\/v2\/types\/product"}],"replies":[{"embeddable":true,"href":"https:\/\/www.lovgasmstore.com\/index.php\/wp-json\/wp\/v2\/comments?post=4547"}],"version-history":[{"count":2,"href":"https:\/\/www.lovgasmstore.com\/index.php\/wp-json\/wp\/v2\/product\/4547\/revisions"}],"predecessor-version":[{"id":6091,"href":"https:\/\/www.lovgasmstore.com\/index.php\/wp-json\/wp\/v2\/product\/4547\/revisions\/6091"}],"wp:featuredmedia":[{"embeddable":true,"href":"https:\/\/www.lovgasmstore.com\/index.php\/wp-json\/wp\/v2\/media\/4951"}],"wp:attachment":[{"href":"https:\/\/www.lovgasmstore.com\/index.php\/wp-json\/wp\/v2\/media?parent=4547"}],"wp:term":[{"taxonomy":"product_brand","embeddable":true,"href":"https:\/\/www.lovgasmstore.com\/index.php\/wp-json\/wp\/v2\/product_brand?post=4547"},{"taxonomy":"product_cat","embeddable":true,"href":"https:\/\/www.lovgasmstore.com\/index.php\/wp-json\/wp\/v2\/product_cat?post=4547"},{"taxonomy":"product_tag","embeddable":true,"href":"https:\/\/www.lovgasmstore.com\/index.php\/wp-json\/wp\/v2\/product_tag?post=4547"}],"curies":[{"name":"wp","href":"https:\/\/api.w.org\/{rel}","templated":true}]}}