{"id":4546,"date":"2024-06-05T14:00:52","date_gmt":"2024-06-05T12:00:52","guid":{"rendered":"http:\/\/www.lovgasmstore.com\/index.php\/prodotto\/jamyjob-jango\/"},"modified":"2025-05-15T10:11:25","modified_gmt":"2025-05-15T08:11:25","slug":"jamyjob-jango","status":"publish","type":"product","link":"https:\/\/www.lovgasmstore.com\/index.php\/prodotto\/jamyjob-jango\/","title":{"rendered":"JAMYJOB &#8211; JANGO"},"content":{"rendered":"<p data-mce-fragment=\"1\">Sperimenta un nuovo livello di piacere con il masturbatore maschile<span data-mce-fragment=\"1\">\u00a0<\/span><strong data-mce-fragment=\"1\">Jango<\/strong><span data-mce-fragment=\"1\">\u00a0<\/span>di<span data-mce-fragment=\"1\">\u00a0<\/span><strong data-mce-fragment=\"1\">JAMYJOB<\/strong><span data-mce-fragment=\"1\">\u00a0<\/span>. Questo lussuoso giocattolo intimo \u00e8 progettato per soddisfare i tuoi desideri pi\u00f9 profondi ed elevare la tua intimit\u00e0 a nuovi livelli.<\/p>\n<p data-mce-fragment=\"1\"><strong data-mce-fragment=\"1\">CARATTERISTICHE:<\/strong><\/p>\n<ul data-mce-fragment=\"1\">\n<li data-mce-fragment=\"1\">\n<strong data-mce-fragment=\"1\">Modalit\u00e0 Turbo:<\/strong><span data-mce-fragment=\"1\">\u00a0<\/span>divertiti con la potenza regolabile che Jango ti offre e regola la potenza come desideri.<\/li>\n<li data-mce-fragment=\"1\">\n<strong data-mce-fragment=\"1\">Motore potente:<\/strong><span data-mce-fragment=\"1\">\u00a0<\/span>goditi una stimolazione intensa grazie al motore ad alte prestazioni che ti porter\u00e0 al livello successivo. all&#8217;estasi.<\/li>\n<li data-mce-fragment=\"1\">\n<strong data-mce-fragment=\"1\">5 modalit\u00e0 di vibrazione:<\/strong><span data-mce-fragment=\"1\">\u00a0<\/span>personalizza la tua esperienza con tre diverse modalit\u00e0 di vibrazione, da pulsazioni delicate a vibrazioni intense.<\/li>\n<li data-mce-fragment=\"1\">\n<strong data-mce-fragment=\"1\">3 funzioni di pressione:<\/strong><span data-mce-fragment=\"1\">\u00a0<\/span>esplora una versatilit\u00e0 senza pari con molteplici opzioni di pressione che ti daranno profonda soddisfazione.<\/li>\n<li data-mce-fragment=\"1\">\n<strong data-mce-fragment=\"1\">Ricaricabile:<\/strong><span data-mce-fragment=\"1\">\u00a0<\/span>dimentica le batterie. Jango \u00e8 ricaricabile, garantendo ore di piacere ininterrotto.<\/li>\n<li data-mce-fragment=\"1\">\n<strong data-mce-fragment=\"1\">Resistente all&#8217;acqua:<\/strong><span data-mce-fragment=\"1\">\u00a0<\/span>porta il divertimento nel bagno o nella doccia, poich\u00e9 Jango \u00e8 impermeabile e ti consente di esplorare le tue fantasie in un ambiente umido.<\/li>\n<li data-mce-fragment=\"1\">\n<strong data-mce-fragment=\"1\">Realizzato in silicone super morbido:<\/strong><span data-mce-fragment=\"1\">\u00a0<\/span>il silicone di alta qualit\u00e0 di Jango \u00e8 eccezionalmente morbido al tatto e offre un comfort senza pari.<\/li>\n<li data-mce-fragment=\"1\">\n<strong data-mce-fragment=\"1\">Facile pulizia:<\/strong><span data-mce-fragment=\"1\">\u00a0<\/span>mantieni Jango in ottime condizioni grazie al suo design staccabile che lo rende facile da pulire dopo ogni utilizzo.<\/li>\n<li data-mce-fragment=\"1\">\n<strong data-mce-fragment=\"1\">Materiale sicuro per il corpo:<\/strong><span data-mce-fragment=\"1\">\u00a0<\/span>realizzato con materiali sicuri per il corpo, Jango garantisce che la tua salute sia una priorit\u00e0.<\/li>\n<li data-mce-fragment=\"1\">\n<strong data-mce-fragment=\"1\">Senza Phalatos:<\/strong><span data-mce-fragment=\"1\">\u00a0<\/span>Jango \u00e8 completamente privo di Phalatos, il che lo rende sicuro e salutare per la tua soddisfazione.<\/li>\n<li data-mce-fragment=\"1\">\n<strong data-mce-fragment=\"1\">Design bicolore:<\/strong><span data-mce-fragment=\"1\">\u00a0<\/span>con un elegante esterno nero e rosso e un interno argento, Jango \u00e8 un simbolo di stile e passione.<\/li>\n<\/ul>\n<p data-mce-fragment=\"1\">\u00a0<\/p>\n<p data-mce-fragment=\"1\"><strong data-mce-fragment=\"1\">MATERIALE E CURA<\/strong><\/p>\n<p data-mce-fragment=\"1\">Jamyjob \u00e8 un giocattolo impermeabile realizzato in silicone medico morbido come la seta, estremamente scivoloso e assorbe rapidamente il calore corporeo. Il giocattolo pu\u00f2 essere facilmente pulito con un po&#8217; di sapone sotto l&#8217;acqua tiepida. Con un po&#8217; di detergente disinfettante per giocattoli potrete poi garantire un&#8217;igiene particolarmente accurata, idealmente con lo spray disinfettante perfettamente coordinato di Waterfeel. Per il massimo piacere, utilizza sempre il tuo giocattolo con uno dei lubrificanti a base d&#8217;acqua Waterfeel perfettamente abbinati al prodotto. Sono disponibili nelle versioni classica, setosa e calda. La composizione vegana a base d&#8217;acqua protegge il materiale e mantiene la superficie del tuo giocattolo bella e liscia.<\/p>\n<div id=\"dimensiones-producto\">\n<span>Dimensioni imballo:\u00a0<\/span><span>105 x 105 x 282 Millimetri<\/span>\n<\/div>\n<div id=\"peso-producto\">\n<span>Peso:\u00a0<\/span><span>850 grammi<\/span>\n<\/div>\n","protected":false},"excerpt":{"rendered":"<p>Sperimenta un nuovo livello di piacere con il masturbatore maschile\u00a0Jango\u00a0di\u00a0JAMYJOB\u00a0. Questo lussuoso giocattolo intimo \u00e8 progettato per soddisfare i tuoi desideri pi\u00f9 profondi ed elevare la<span class=\"excerpt-hellip\"> [\u2026]<\/span><\/p>\n","protected":false},"featured_media":4944,"comment_status":"open","ping_status":"closed","template":"","meta":[],"product_brand":[],"product_cat":[229,220],"product_tag":[214,165,182,204,178],"class_list":{"0":"post-4546","1":"product","2":"type-product","3":"status-publish","4":"has-post-thumbnail","6":"product_cat-masturbatori","7":"product_cat-pene","8":"product_tag-masturbatore-pene","9":"product_tag-sextoys","10":"product_tag-uomo","11":"product_tag-vibrator","12":"product_tag-vibratore","14":"first","15":"instock","16":"sale","17":"taxable","18":"shipping-taxable","19":"purchasable","20":"product-type-simple"},"_links":{"self":[{"href":"https:\/\/www.lovgasmstore.com\/index.php\/wp-json\/wp\/v2\/product\/4546","targetHints":{"allow":["GET"]}}],"collection":[{"href":"https:\/\/www.lovgasmstore.com\/index.php\/wp-json\/wp\/v2\/product"}],"about":[{"href":"https:\/\/www.lovgasmstore.com\/index.php\/wp-json\/wp\/v2\/types\/product"}],"replies":[{"embeddable":true,"href":"https:\/\/www.lovgasmstore.com\/index.php\/wp-json\/wp\/v2\/comments?post=4546"}],"version-history":[{"count":2,"href":"https:\/\/www.lovgasmstore.com\/index.php\/wp-json\/wp\/v2\/product\/4546\/revisions"}],"predecessor-version":[{"id":6092,"href":"https:\/\/www.lovgasmstore.com\/index.php\/wp-json\/wp\/v2\/product\/4546\/revisions\/6092"}],"wp:featuredmedia":[{"embeddable":true,"href":"https:\/\/www.lovgasmstore.com\/index.php\/wp-json\/wp\/v2\/media\/4944"}],"wp:attachment":[{"href":"https:\/\/www.lovgasmstore.com\/index.php\/wp-json\/wp\/v2\/media?parent=4546"}],"wp:term":[{"taxonomy":"product_brand","embeddable":true,"href":"https:\/\/www.lovgasmstore.com\/index.php\/wp-json\/wp\/v2\/product_brand?post=4546"},{"taxonomy":"product_cat","embeddable":true,"href":"https:\/\/www.lovgasmstore.com\/index.php\/wp-json\/wp\/v2\/product_cat?post=4546"},{"taxonomy":"product_tag","embeddable":true,"href":"https:\/\/www.lovgasmstore.com\/index.php\/wp-json\/wp\/v2\/product_tag?post=4546"}],"curies":[{"name":"wp","href":"https:\/\/api.w.org\/{rel}","templated":true}]}}