{"id":4542,"date":"2024-06-05T14:00:32","date_gmt":"2024-06-05T12:00:32","guid":{"rendered":"http:\/\/www.lovgasmstore.com\/index.php\/prodotto\/jamyjob-astra\/"},"modified":"2025-05-15T10:13:23","modified_gmt":"2025-05-15T08:13:23","slug":"jamyjob-astra","status":"publish","type":"product","link":"https:\/\/www.lovgasmstore.com\/index.php\/prodotto\/jamyjob-astra\/","title":{"rendered":"JAMYJOB &#8211; ASTRA"},"content":{"rendered":"<p data-mce-fragment=\"1\">Due motori profondi e potenti per una sensazione strabiliante:<\/p>\n<ul data-mce-fragment=\"1\">\n<li data-mce-fragment=\"1\">Avvolge la testa del pene con vibrazione e aspirazione<\/li>\n<li data-mce-fragment=\"1\">Un&#8217;esperienza di masturbazione senza sforzo<\/li>\n<li data-mce-fragment=\"1\">Usalo da solo o invita il tuo partner a promuovere l&#8217;orgasmo<\/li>\n<li data-mce-fragment=\"1\">Facile da usare con una mano o a mani libere<\/li>\n<\/ul>\n<p data-mce-fragment=\"1\">UN GIOCATTOLO DEL PENE A MANI LIBERE<\/p>\n<ul data-mce-fragment=\"1\">\n<li data-mce-fragment=\"1\">Sai quanto pu\u00f2 essere difficile mantenere un buon ritmo di carezze mentre spingi? Questo giocattolo lo risolve.<\/li>\n<\/ul>\n<p data-mce-fragment=\"1\">CONDIVIDI LA VIBRAZIONE<\/p>\n<ul data-mce-fragment=\"1\">\n<li data-mce-fragment=\"1\">Nessuna erezione? Nessun problema. Chiedi al tuo partner di giocare con te e usa il giocattolo allo stesso tempo.<\/li>\n<\/ul>\n<p data-mce-fragment=\"1\">SUCCHIA<\/p>\n<ul data-mce-fragment=\"1\">\n<li data-mce-fragment=\"1\">Sviluppare una tecnologia che fornisca un valore differenziale \u00e8 la cosa pi\u00f9 complicata e noi di JAMYJOB ci siamo riusciti.<\/li>\n<\/ul>\n<p data-mce-fragment=\"1\">L&#8217;ULTIMO MASTURBATORE ASPIRATO<\/p>\n<ul data-mce-fragment=\"1\">\n<li data-mce-fragment=\"1\">Ricordi la prima volta che ti sei seduto al volante di un&#8217;auto? Quei sentimenti di libert\u00e0, possibilit\u00e0, potere? Conoscenza che potresti esplorare e scoprire in modi che prima non erano possibili? Questo \u00e8 pi\u00f9 o meno quello che succede al tuo pene la prima volta che usi JAMYJOB? ASTRA.<\/li>\n<\/ul>\n<p data-mce-fragment=\"1\">COSA RENDE SPECIALE JAMYJOB? ASTRA?<\/p>\n<p data-mce-fragment=\"1\">JAMYJOB? ASTRA. Avvolge sensualmente il pene in silicone vellutato e vibrazioni incredibili. I suoi due motori rimbalzano la vibrazione l&#8217;uno sull&#8217;altro, per una leggera sensazione di aspirazione. Non \u00e8 necessario spingere, stringere o accarezzare: rilassati e divertiti,<\/p>\n<p data-mce-fragment=\"1\">POSSO USARE QUESTO MASTURBATORE VIBRATORE ANCHE PER SESSO CON UNA COPPIA?<\/p>\n<p data-mce-fragment=\"1\">Siamo due passi avanti a te! Uno dei vantaggi di avere due motori \u00e8 che puoi anche sentire la vibrazione fortemente dall&#8217;esterno della custodia in silicone. Ti consigliamo di sdraiarti con JAMYJOB? ASTRA e di invitare il tuo partner a salire sopra di te.<\/p>\n<p data-mce-fragment=\"1\">POSSO UTILIZZARE JAMYJOB? ASTRA SENZA UN&#8217;EREZIONE?<\/p>\n<p data-mce-fragment=\"1\">S\u00cc. Dal momento che tutto ci\u00f2 che devi fare \u00e8 mettere la testa del tuo pene all&#8217;interno del giocattolo, puoi assolutamente godertelo con o senza un&#8217;erezione. Questo \u00e8 anche un giocattolo popolare per chi soffre di artrite e altre condizioni che rendono difficile mantenere una routine di masturbazione solo con le mani. Una volta che hai impostato la configurazione che ti piace, puoi andare completamente a mani libere!<\/p>\n<p data-mce-fragment=\"1\">MATERIALE E CURA<\/p>\n<p data-mce-fragment=\"1\">Jamyjob \u00e8 un giocattolo impermeabile realizzato in silicone medico liscio come la seta, che \u00e8 estremamente scivoloso e assorbe rapidamente il calore corporeo. Il giocattolo pu\u00f2 essere facilmente pulito con un po&#8217; di sapone sotto l&#8217;acqua calda. Con un piccolo detergente disinfettante per giocattoli, puoi garantire un&#8217;igiene particolarmente accurata in seguito, idealmente con lo spray disinfettante perfettamente coordinato di Waterfeel. Per il massimo piacere, usa sempre il tuo giocattolo con uno dei lubrificanti a base d&#8217;acqua di Waterfeel perfettamente abbinati al prodotto. Sono disponibili nelle versioni classica, setosa e calda. La composizione vegana a base d&#8217;acqua protegge il materiale e mantiene la superficie del tuo giocattolo bella e liscia.<\/p>\n<p data-mce-fragment=\"1\">Caratteristiche:<\/p>\n<ul data-mce-fragment=\"1\">\n<li data-mce-fragment=\"1\">Silicone premium di lusso<\/li>\n<li data-mce-fragment=\"1\">9 potenti modalit\u00e0 di vibrazione<\/li>\n<li data-mce-fragment=\"1\">3 velocit\u00e0 di aspirazione<\/li>\n<li data-mce-fragment=\"1\">4 funzioni<\/li>\n<li data-mce-fragment=\"1\">Materiale privo di falati.<\/li>\n<li data-mce-fragment=\"1\">Caricatore magnetico<\/li>\n<li data-mce-fragment=\"1\">Sommergibile \/ adatto per doccia o spa.<\/li>\n<\/ul>\n<div id=\"dimensiones-producto\">\n<span>Dimensioni imballo:\u00a0<\/span><span>86 x 76 x 158 Millimetri<\/span>\n<\/div>\n<div id=\"peso-producto\">\n<span>Peso:\u00a0<\/span><span>252 grammi<\/span>\n<\/div>\n","protected":false},"excerpt":{"rendered":"<p>Due motori profondi e potenti per una sensazione strabiliante: Avvolge la testa del pene con vibrazione e aspirazione Un&#8217;esperienza di masturbazione senza sforzo Usalo da solo<span class=\"excerpt-hellip\"> [\u2026]<\/span><\/p>\n","protected":false},"featured_media":4932,"comment_status":"open","ping_status":"closed","template":"","meta":[],"product_brand":[],"product_cat":[229,220],"product_tag":[214,165,182,204,178],"class_list":{"0":"post-4542","1":"product","2":"type-product","3":"status-publish","4":"has-post-thumbnail","6":"product_cat-masturbatori","7":"product_cat-pene","8":"product_tag-masturbatore-pene","9":"product_tag-sextoys","10":"product_tag-uomo","11":"product_tag-vibrator","12":"product_tag-vibratore","14":"first","15":"instock","16":"sale","17":"taxable","18":"shipping-taxable","19":"purchasable","20":"product-type-simple"},"_links":{"self":[{"href":"https:\/\/www.lovgasmstore.com\/index.php\/wp-json\/wp\/v2\/product\/4542","targetHints":{"allow":["GET"]}}],"collection":[{"href":"https:\/\/www.lovgasmstore.com\/index.php\/wp-json\/wp\/v2\/product"}],"about":[{"href":"https:\/\/www.lovgasmstore.com\/index.php\/wp-json\/wp\/v2\/types\/product"}],"replies":[{"embeddable":true,"href":"https:\/\/www.lovgasmstore.com\/index.php\/wp-json\/wp\/v2\/comments?post=4542"}],"version-history":[{"count":2,"href":"https:\/\/www.lovgasmstore.com\/index.php\/wp-json\/wp\/v2\/product\/4542\/revisions"}],"predecessor-version":[{"id":6094,"href":"https:\/\/www.lovgasmstore.com\/index.php\/wp-json\/wp\/v2\/product\/4542\/revisions\/6094"}],"wp:featuredmedia":[{"embeddable":true,"href":"https:\/\/www.lovgasmstore.com\/index.php\/wp-json\/wp\/v2\/media\/4932"}],"wp:attachment":[{"href":"https:\/\/www.lovgasmstore.com\/index.php\/wp-json\/wp\/v2\/media?parent=4542"}],"wp:term":[{"taxonomy":"product_brand","embeddable":true,"href":"https:\/\/www.lovgasmstore.com\/index.php\/wp-json\/wp\/v2\/product_brand?post=4542"},{"taxonomy":"product_cat","embeddable":true,"href":"https:\/\/www.lovgasmstore.com\/index.php\/wp-json\/wp\/v2\/product_cat?post=4542"},{"taxonomy":"product_tag","embeddable":true,"href":"https:\/\/www.lovgasmstore.com\/index.php\/wp-json\/wp\/v2\/product_tag?post=4542"}],"curies":[{"name":"wp","href":"https:\/\/api.w.org\/{rel}","templated":true}]}}