{"id":4534,"date":"2024-06-05T13:59:32","date_gmt":"2024-06-05T11:59:32","guid":{"rendered":"http:\/\/www.lovgasmstore.com\/index.php\/prodotto\/vibratore-intenso-susy-purple-luxe\/"},"modified":"2025-05-15T10:42:49","modified_gmt":"2025-05-15T08:42:49","slug":"vibratore-intenso-susy-purple-luxe","status":"publish","type":"product","link":"https:\/\/www.lovgasmstore.com\/index.php\/prodotto\/vibratore-intenso-susy-purple-luxe\/","title":{"rendered":"INTENSE &#8211; VIBRATORE SUSY"},"content":{"rendered":"<p><meta charset=\"UTF-8\"><\/p>\n<div data-mce-fragment=\"1\">ll paradiso \u00e8 intenso ed \u00e8 per questo che scoprilo con Susy, il vibratore coniglio perfetto che stimoler\u00e0 ogni senso del tuo clitoride.<\/div>\n<div data-mce-fragment=\"1\">\u00c8 un <strong>vibratore<\/strong> flessibile ed ergonomico con <strong>7 modalit\u00e0<\/strong> di vibrazione, completamente flessibile.<\/div>\n<div data-mce-fragment=\"1\"><\/div>\n<div data-mce-fragment=\"1\">Caratteristiche:<\/div>\n<div data-mce-fragment=\"1\">\n<ul>\n<li>Privo di falatos<\/li>\n<li>Silicone morbido<\/li>\n<li>Flessibile<\/li>\n<li>7 modalit\u00e0 di vibrazione \u00e7<\/li>\n<li>Funzione dito<\/li>\n<li>Stimolazione del clitoride.<\/li>\n<li>Sommergibile.<\/li>\n<li>Potente<\/li>\n<li>Misurazioni; 3,6 x 18,8 cm<\/li>\n<li>Funziona con due batterie AA non incluse che puoi trovare nella sezione batterie.<\/li>\n<\/ul>\n<\/div>\n","protected":false},"excerpt":{"rendered":"<p>ll paradiso \u00e8 intenso ed \u00e8 per questo che scoprilo con Susy, il vibratore coniglio perfetto che stimoler\u00e0 ogni senso del tuo clitoride. \u00c8 un vibratore<span class=\"excerpt-hellip\"> [\u2026]<\/span><\/p>\n","protected":false},"featured_media":4916,"comment_status":"open","ping_status":"closed","template":"","meta":[],"product_brand":[],"product_cat":[226,219],"product_tag":[170,188,165,178],"class_list":{"0":"post-4534","1":"product","2":"type-product","3":"status-publish","4":"has-post-thumbnail","6":"product_cat-massaggiatore","7":"product_cat-vagina","8":"product_tag-donna","9":"product_tag-massaggiatore","10":"product_tag-sextoys","11":"product_tag-vibratore","13":"first","14":"instock","15":"sale","16":"taxable","17":"shipping-taxable","18":"purchasable","19":"product-type-simple"},"_links":{"self":[{"href":"https:\/\/www.lovgasmstore.com\/index.php\/wp-json\/wp\/v2\/product\/4534","targetHints":{"allow":["GET"]}}],"collection":[{"href":"https:\/\/www.lovgasmstore.com\/index.php\/wp-json\/wp\/v2\/product"}],"about":[{"href":"https:\/\/www.lovgasmstore.com\/index.php\/wp-json\/wp\/v2\/types\/product"}],"replies":[{"embeddable":true,"href":"https:\/\/www.lovgasmstore.com\/index.php\/wp-json\/wp\/v2\/comments?post=4534"}],"version-history":[{"count":2,"href":"https:\/\/www.lovgasmstore.com\/index.php\/wp-json\/wp\/v2\/product\/4534\/revisions"}],"predecessor-version":[{"id":6098,"href":"https:\/\/www.lovgasmstore.com\/index.php\/wp-json\/wp\/v2\/product\/4534\/revisions\/6098"}],"wp:featuredmedia":[{"embeddable":true,"href":"https:\/\/www.lovgasmstore.com\/index.php\/wp-json\/wp\/v2\/media\/4916"}],"wp:attachment":[{"href":"https:\/\/www.lovgasmstore.com\/index.php\/wp-json\/wp\/v2\/media?parent=4534"}],"wp:term":[{"taxonomy":"product_brand","embeddable":true,"href":"https:\/\/www.lovgasmstore.com\/index.php\/wp-json\/wp\/v2\/product_brand?post=4534"},{"taxonomy":"product_cat","embeddable":true,"href":"https:\/\/www.lovgasmstore.com\/index.php\/wp-json\/wp\/v2\/product_cat?post=4534"},{"taxonomy":"product_tag","embeddable":true,"href":"https:\/\/www.lovgasmstore.com\/index.php\/wp-json\/wp\/v2\/product_tag?post=4534"}],"curies":[{"name":"wp","href":"https:\/\/api.w.org\/{rel}","templated":true}]}}