{"id":4521,"date":"2024-06-05T13:58:21","date_gmt":"2024-06-05T11:58:21","guid":{"rendered":"http:\/\/www.lovgasmstore.com\/index.php\/prodotto\/dildo-in-cristallo\/"},"modified":"2025-05-15T10:52:23","modified_gmt":"2025-05-15T08:52:23","slug":"dildo-in-cristallo","status":"publish","type":"product","link":"https:\/\/www.lovgasmstore.com\/index.php\/prodotto\/dildo-in-cristallo\/","title":{"rendered":"ICICLES &#8211; DILDO IN CRISTALLO"},"content":{"rendered":"<p data-mce-fragment=\"1\" _msttexthash=\"28607891\" _msthash=\"963\">Perfetto anche per il gioco anale, questo lussuoso tappo in vetro \u00e8 dotato di una punta affusolata per un facile inserimento, bulbi che forniscono una sensazione extra e un collo stretto che consente ai muscoli di avvolgersi e trattenersi.<\/p>\n<p data-mce-fragment=\"1\" _msttexthash=\"6552338\" _msthash=\"964\">Sapientemente curvato per la stimolazione del punto P, questo plug garantisce gli orgasmi pi\u00f9 esplosivi.<\/p>\n<ul data-mce-fragment=\"1\">\n<li data-mce-fragment=\"1\" _msttexthash=\"714454\" _msthash=\"965\">Dimensioni inseribili: 14 x 2,5 cm<\/li>\n<li data-mce-fragment=\"1\" _msttexthash=\"261989\" _msthash=\"966\">100% Phallat Free.<\/li>\n<\/ul>\n<p data-mce-fragment=\"1\" _msttexthash=\"5934019\" _msthash=\"967\">L&#8217;anello sulla base assicura che non scivoli troppo all&#8217;interno e offre una rimozione facile e sicura.<\/p>\n<p data-mce-fragment=\"1\" _msttexthash=\"20283614\" _msthash=\"968\">Il vetro \u00e8 ipoallergenico e sicuro per il corpo e, se usato correttamente, durer\u00e0 tutta la vita. Si consiglia di bagnarlo con acqua tiepida o di metterlo nel microonde per una sensazione pi\u00f9 calda.<\/p>\n<p data-mce-fragment=\"1\" _msttexthash=\"13882505\" _msthash=\"969\">Puoi anche raffreddarlo con acqua fredda o metterlo nel congelatore per una sensazione di freschezza.<br data-mce-fragment=\"1\" _istranslated=\"1\">Poich\u00e9 il vetro non \u00e8 poroso, pulirlo \u00e8 molto semplice.<\/p>\n<p data-mce-fragment=\"1\" _msttexthash=\"12998895\" _msthash=\"970\">Usa il detergente per giocattoli Pipedream e acqua tiepida, oppure puoi anche metterlo in lavastoviglie per una maggiore comodit\u00e0 dopo il divertimento.<\/p>\n","protected":false},"excerpt":{"rendered":"<p>Perfetto anche per il gioco anale, questo lussuoso tappo in vetro \u00e8 dotato di una punta affusolata per un facile inserimento, bulbi che forniscono una sensazione<span class=\"excerpt-hellip\"> [\u2026]<\/span><\/p>\n","protected":false},"featured_media":4892,"comment_status":"open","ping_status":"closed","template":"","meta":[],"product_brand":[],"product_cat":[221,227,219],"product_tag":[203,186,165,182],"class_list":{"0":"post-4521","1":"product","2":"type-product","3":"status-publish","4":"has-post-thumbnail","6":"product_cat-ano","7":"product_cat-dildo","8":"product_cat-vagina","9":"product_tag-anale","10":"product_tag-dildo","11":"product_tag-sextoys","12":"product_tag-uomo","14":"first","15":"outofstock","16":"taxable","17":"shipping-taxable","18":"purchasable","19":"product-type-simple"},"_links":{"self":[{"href":"https:\/\/www.lovgasmstore.com\/index.php\/wp-json\/wp\/v2\/product\/4521","targetHints":{"allow":["GET"]}}],"collection":[{"href":"https:\/\/www.lovgasmstore.com\/index.php\/wp-json\/wp\/v2\/product"}],"about":[{"href":"https:\/\/www.lovgasmstore.com\/index.php\/wp-json\/wp\/v2\/types\/product"}],"replies":[{"embeddable":true,"href":"https:\/\/www.lovgasmstore.com\/index.php\/wp-json\/wp\/v2\/comments?post=4521"}],"version-history":[{"count":3,"href":"https:\/\/www.lovgasmstore.com\/index.php\/wp-json\/wp\/v2\/product\/4521\/revisions"}],"predecessor-version":[{"id":6472,"href":"https:\/\/www.lovgasmstore.com\/index.php\/wp-json\/wp\/v2\/product\/4521\/revisions\/6472"}],"wp:featuredmedia":[{"embeddable":true,"href":"https:\/\/www.lovgasmstore.com\/index.php\/wp-json\/wp\/v2\/media\/4892"}],"wp:attachment":[{"href":"https:\/\/www.lovgasmstore.com\/index.php\/wp-json\/wp\/v2\/media?parent=4521"}],"wp:term":[{"taxonomy":"product_brand","embeddable":true,"href":"https:\/\/www.lovgasmstore.com\/index.php\/wp-json\/wp\/v2\/product_brand?post=4521"},{"taxonomy":"product_cat","embeddable":true,"href":"https:\/\/www.lovgasmstore.com\/index.php\/wp-json\/wp\/v2\/product_cat?post=4521"},{"taxonomy":"product_tag","embeddable":true,"href":"https:\/\/www.lovgasmstore.com\/index.php\/wp-json\/wp\/v2\/product_tag?post=4521"}],"curies":[{"name":"wp","href":"https:\/\/api.w.org\/{rel}","templated":true}]}}