{"id":4518,"date":"2024-06-05T13:57:55","date_gmt":"2024-06-05T11:57:55","guid":{"rendered":"http:\/\/www.lovgasmstore.com\/index.php\/prodotto\/ibiza-vibratore-con-telecomando-up-down\/"},"modified":"2025-05-15T10:55:08","modified_gmt":"2025-05-15T08:55:08","slug":"ibiza-vibratore-con-telecomando-up-down","status":"publish","type":"product","link":"https:\/\/www.lovgasmstore.com\/index.php\/prodotto\/ibiza-vibratore-con-telecomando-up-down\/","title":{"rendered":"IBIZA &#8211; VIBRATORE CON TELECOMANDO UP&#038;DOWN"},"content":{"rendered":"<p data-mce-fragment=\"1\">L&#8217;imbracatura vibrante telecomandata in silicone IBIZA con vibrazione e sistema Up&#038;down ti prepara al puro piacere durante i rapporti sessuali. Con l&#8217;elegante finitura nera e oro, \u00e8 assolutamente impossibile resistere a lungo alla tentazione. Lo stimolante strap-on \u00e8 alimentato da 2 potenti motori all&#8217;interno. Quindi puoi combinare fino a 500 diverse modalit\u00e0 di vibrazione, trasformandolo da tenero a tempestoso secondo le tue necessit\u00e0.<\/p>\n<p data-mce-fragment=\"1\">La particolarit\u00e0 di questo marsupio \u00e8 che pu\u00f2 essere indossato come una cintura senza imbracatura. Per fare ci\u00f2, inserisci l&#8217;estremit\u00e0 pi\u00f9 corta e curva, che garantisce non solo una presa salda, ma anche un intenso massaggio del punto G. Entrambi i partner nel gioco erotico si divertono al massimo e possono aspettarsi momenti intimi.<\/p>\n<p data-mce-fragment=\"1\"><strong data-mce-fragment=\"1\">COMBINAZIONE DI VIBRAZIONE E SISTEMA UP&#038;DOWN<\/strong><\/p>\n<ul data-mce-fragment=\"1\">\n<li data-mce-fragment=\"1\"><strong data-mce-fragment=\"1\">Stimolazione perfetta sentendo la vibrazione e la penetrazione allo stesso tempo.<\/strong><\/li>\n<\/ul>\n<p data-mce-fragment=\"1\">IBIZA TELECOMANDO STRAPPLES VIBRATORE Si distingue per il suo design iconico, lo Strapples unisce eleganza e modernit\u00e0.<\/p>\n<p data-mce-fragment=\"1\">La piena potenza dei suoi 2 motori indipendenti, l&#8217;intuitivo telecomando, uniti all&#8217;eleganza delle sue linee, fanno di Strapples l&#8217;accessorio perfetto per godere, da soli o in compagnia, di un orgasmo multisensoriale.<br data-mce-fragment=\"1\">All&#8217;improvviso, pi\u00f9 di un desiderio: prendi il controllo del gioco con il telecomando e attiva il campo delle possibilit\u00e0 offerte dagli Strapples per assaporare tutte le alternative e godere di pi\u00f9 sensi, ancora e ancora!<br data-mce-fragment=\"1\">Straples suscita curiosit\u00e0 e ti invita in un viaggio trans orgasmico che combina facilit\u00e0 d&#8217;uso e sensazioni esplosive.<\/p>\n<p data-mce-fragment=\"1\"><br data-mce-fragment=\"1\">Ma cosa pu\u00f2 davvero portarti questo giocattolo innovativo Ventosa + Imbracatura + Stimolazione del punto G.?<\/p>\n<ul data-mce-fragment=\"1\">\n<li data-mce-fragment=\"1\">Doppia stimolazione<\/li>\n<li data-mce-fragment=\"1\">10 modalit\u00e0 di vibrazione<\/li>\n<li data-mce-fragment=\"1\">Sensazione di penetrazione del sistema up&#038;down.<\/li>\n<li data-mce-fragment=\"1\">2 motori telecomandati indipendenti<\/li>\n<li data-mce-fragment=\"1\">Design ergonomico<\/li>\n<li data-mce-fragment=\"1\">Ricaricabile, tempo di ricarica in 120min per un utilizzo di 70min<\/li>\n<li data-mce-fragment=\"1\">Morbido e ipoallergenico silicone Ibiza.<\/li>\n<li data-mce-fragment=\"1\">Vibratore telecomandato senza spalline<\/li>\n<li data-mce-fragment=\"1\">USB ricaricabile<\/li>\n<li data-mce-fragment=\"1\">Stimolazione diretta sul punto G e sul clitoride<\/li>\n<li data-mce-fragment=\"1\">Materiale: silicone e ABS<\/li>\n<li data-mce-fragment=\"1\">Materiale sicuro per il corpo. Niente ftalati<\/li>\n<li data-mce-fragment=\"1\">Impermeabile IPX6<\/li>\n<\/ul>\n<p>MATERIALI E CURA<\/p>\n<ul>\n<li>Tutti i giocattoli Ibiza sono realizzati in silicone medicale liscio come la seta, che \u00e8 estremamente scivoloso e assorbe rapidamente il calore corporeo. Il giocattolo pu\u00f2 essere facilmente pulito con acqua tiepida e un po&#8217; di sapone. Con un piccolo detergente disinfettante per giocattoli, puoi garantire un&#8217;igiene particolarmente accurata, idealmente con lo spray disinfettante perfettamente coordinato di Waterfeel o Intimichic. Per il massimo piacere liscio, usa sempre il tuo giocattolo con uno dei lubrificanti a base d&#8217;acqua Waterfeel perfettamente abbinati al prodotto.<\/li>\n<\/ul>\n<p>PULIZIA<\/p>\n<ul>\n<li>Pulisci accuratamente il giocattolo prima e dopo ogni utilizzo con acqua tiepida e sapone neutro.<\/li>\n<\/ul>\n<p>MAGAZZINAGGIO<\/p>\n<ul>\n<li>Conserva il tuo giocattolo IBIZA REMOTE CONTROL STRAPPLES VIBRATOR in un luogo privo di polvere e tienilo lontano da giocattoli realizzati con altri materiali. Evitare di lasciarlo alla luce diretta del sole e non esporlo MAI a calore estremo.<\/li>\n<\/ul>\n<p>CONSIGLI DI UTILIZZO<\/p>\n<ul>\n<li>IBIZA? SUCTION EXTENDER VIBRATOR raccomanda l&#8217;uso di lubrificanti a base d&#8217;acqua come Waterfeel, Aqua, Bioaqua, Aquatravel o Coquette per un inserimento facile e agevole di tutti i prodotti in silicone. Non utilizzare lubrificanti, oli o creme al silicone con prodotti a base di silicone, in quanto possono degradare il materiale del prodotto e limitarne le prestazioni e la durata.<\/li>\n<\/ul>\n<div id=\"dimensiones-producto\">\n<span>Dimensioni imballo:\u00a0<\/span><span>240 x 50 x 120 Millimetri<\/span>\n<\/div>\n<div id=\"peso-producto\">\n<span>Peso:\u00a0<\/span><span>342 grammi<\/span>\n<\/div>\n","protected":false},"excerpt":{"rendered":"<p>L&#8217;imbracatura vibrante telecomandata in silicone IBIZA con vibrazione e sistema Up&#038;down ti prepara al puro piacere durante i rapporti sessuali. Con l&#8217;elegante finitura nera e oro,<span class=\"excerpt-hellip\"> [\u2026]<\/span><\/p>\n","protected":false},"featured_media":4880,"comment_status":"open","ping_status":"closed","template":"","meta":[],"product_brand":[],"product_cat":[219,225],"product_tag":[170,165,204,178],"class_list":{"0":"post-4518","1":"product","2":"type-product","3":"status-publish","4":"has-post-thumbnail","6":"product_cat-vagina","7":"product_cat-vibratore","8":"product_tag-donna","9":"product_tag-sextoys","10":"product_tag-vibrator","11":"product_tag-vibratore","13":"first","14":"outofstock","15":"sale","16":"taxable","17":"shipping-taxable","18":"purchasable","19":"product-type-simple"},"_links":{"self":[{"href":"https:\/\/www.lovgasmstore.com\/index.php\/wp-json\/wp\/v2\/product\/4518","targetHints":{"allow":["GET"]}}],"collection":[{"href":"https:\/\/www.lovgasmstore.com\/index.php\/wp-json\/wp\/v2\/product"}],"about":[{"href":"https:\/\/www.lovgasmstore.com\/index.php\/wp-json\/wp\/v2\/types\/product"}],"replies":[{"embeddable":true,"href":"https:\/\/www.lovgasmstore.com\/index.php\/wp-json\/wp\/v2\/comments?post=4518"}],"version-history":[{"count":2,"href":"https:\/\/www.lovgasmstore.com\/index.php\/wp-json\/wp\/v2\/product\/4518\/revisions"}],"predecessor-version":[{"id":6104,"href":"https:\/\/www.lovgasmstore.com\/index.php\/wp-json\/wp\/v2\/product\/4518\/revisions\/6104"}],"wp:featuredmedia":[{"embeddable":true,"href":"https:\/\/www.lovgasmstore.com\/index.php\/wp-json\/wp\/v2\/media\/4880"}],"wp:attachment":[{"href":"https:\/\/www.lovgasmstore.com\/index.php\/wp-json\/wp\/v2\/media?parent=4518"}],"wp:term":[{"taxonomy":"product_brand","embeddable":true,"href":"https:\/\/www.lovgasmstore.com\/index.php\/wp-json\/wp\/v2\/product_brand?post=4518"},{"taxonomy":"product_cat","embeddable":true,"href":"https:\/\/www.lovgasmstore.com\/index.php\/wp-json\/wp\/v2\/product_cat?post=4518"},{"taxonomy":"product_tag","embeddable":true,"href":"https:\/\/www.lovgasmstore.com\/index.php\/wp-json\/wp\/v2\/product_tag?post=4518"}],"curies":[{"name":"wp","href":"https:\/\/api.w.org\/{rel}","templated":true}]}}