{"id":4517,"date":"2024-06-05T13:57:41","date_gmt":"2024-06-05T11:57:41","guid":{"rendered":"http:\/\/www.lovgasmstore.com\/index.php\/prodotto\/ibiza-vibratore-aspirante-a-dito\/"},"modified":"2025-05-15T10:55:25","modified_gmt":"2025-05-15T08:55:25","slug":"ibiza-vibratore-aspirante-a-dito","status":"publish","type":"product","link":"https:\/\/www.lovgasmstore.com\/index.php\/prodotto\/ibiza-vibratore-aspirante-a-dito\/","title":{"rendered":"IBIZA &#8211; VIBRATORE ASPIRANTE A DITO"},"content":{"rendered":"<p data-mce-fragment=\"1\">Stimolatore e vibratore per clitoride a dito Ibiza<\/p>\n<p data-mce-fragment=\"1\">Preparati per un&#8217;autentica storia d&#8217;amore: il vibratore a dito che si distingue sia per il suo motore estremamente potente che per le sue molteplici possibilit\u00e0 di utilizzo.<\/p>\n<ul data-mce-fragment=\"1\">\n<li data-mce-fragment=\"1\">1 &#8211; TECNOLOGIA SUCTION &#038; CLIT STIMULATOR<\/li>\n<\/ul>\n<p data-mce-fragment=\"1\">Senza stabilire un contatto diretto, le onde soniche dello stimolatore e vibratore per clitoride da dito Ibiza? offrono una stimolazione rapida ma delicata sul clitoride per un immenso piacere, aggiungendo una forte sensazione di piacere.<\/p>\n<ul data-mce-fragment=\"1\">\n<li data-mce-fragment=\"1\">2 &#8211; DOPPIA ECCITAZIONE<\/li>\n<\/ul>\n<p data-mce-fragment=\"1\">Accarezza contemporaneamente il clitoride (sia la parte visibile che quella non visibile) e usa contemporaneamente il vibratore.<\/p>\n<ul data-mce-fragment=\"1\">\n<li data-mce-fragment=\"1\">3 &#8211; STIMOLATORE INTERNO ERGONOMICO<\/li>\n<\/ul>\n<p data-mce-fragment=\"1\">2 motori con controllo indipendente<\/p>\n<ul data-mce-fragment=\"1\">\n<li data-mce-fragment=\"1\">Impermeabile (IPX6)<\/li>\n<li data-mce-fragment=\"1\">10 modalit\u00e0 di aspirazione + 10 modalit\u00e0 di vibrazione<\/li>\n<li data-mce-fragment=\"1\">caricatore magnetico<\/li>\n<li data-mce-fragment=\"1\">Silicone amico del corpo<\/li>\n<li data-mce-fragment=\"1\">Vibrazione da morbida a intensa.<\/li>\n<li data-mce-fragment=\"1\">Batteria agli ioni di litio Facile da pulire<\/li>\n<li data-mce-fragment=\"1\">Stimolatore e vibratore per clitoride da dito Ibiza?: vibratore da dito per principianti ed esperti<\/li>\n<\/ul>\n<p data-mce-fragment=\"1\">Questo vibratore per mignolo ha tutto: nonostante le sue dimensioni gestibili, lo stimolatore e vibratore per clitoride Ibiza? Finger offre vibrazioni profonde e intense ed eccelle soprattutto quando si tratta di stimolazione del clitoride con onde di pressione. Lo stimolatore e vibratore del clitoride delle dita Ibiza? non \u00e8 ideale solo come vibratore, ma anche come stimolatore di onde di pressione senza contatto per il clitoride, cos\u00ec come per altre zone erogene come il pene, i capezzoli o il perineo e ti entusiasmer\u00e0 con 1 vari programmi di vibrazione. Grazie al suo funzionamento intuitivo e alla sua maneggevolezza, \u00e8 perfetto anche per i principianti: puoi prenderlo facilmente tra le dita con il suo manico stretto e regalare a te stesso o al tuo partner un omaggio a tutti gli effetti.<\/p>\n<p data-mce-fragment=\"1\">Stimolatore del clitoride a dito Ibiza con vibratore impermeabile (IPX7)<\/p>\n<p data-mce-fragment=\"1\">Lo stimolatore del clitoride delle dita Ibiza? \u00e8 realizzato in morbido silicone medicale ed \u00e8 quindi particolarmente delicato sulle zone pi\u00f9 sensibili nonostante la sua potenza. \u00c8 anche impermeabile (IPX6) e non vede l&#8217;ora di unirsi a te sotto la doccia o il bagno. Il vibratore a dito pu\u00f2 anche essere facilmente pulito con acqua tiepida, sapone neutro e detergente per dispositivi per il benessere sessuale. Se si esaurisce, puoi ricaricarlo in modo che sia pronto per il prossimo assalto con il cavo di ricarica USB incluso.<\/p>\n<p data-mce-fragment=\"1\">PULIZIA<\/p>\n<p data-mce-fragment=\"1\">Pulisci accuratamente il giocattolo prima e dopo ogni utilizzo con acqua tiepida e sapone neutro.<\/p>\n<p data-mce-fragment=\"1\">MAGAZZINAGGIO<\/p>\n<p data-mce-fragment=\"1\">Conserva il tuo stimolatore clitoride da dito e vibratore giocattolo Ibiza in un luogo privo di polvere e tienilo lontano da giocattoli realizzati con altri materiali. Evitare di lasciarlo alla luce diretta del sole e non esporlo MAI a calore estremo.<\/p>\n<p data-mce-fragment=\"1\">CONSIGLI DI UTILIZZO<\/p>\n<p data-mce-fragment=\"1\">Lo stimolatore e vibratore del clitoride delle dita Ibiza? raccomanda l&#8217;uso di lubrificanti a base d&#8217;acqua come Waterfeel, Aqua o Coquette per un inserimento facile e agevole di tutti i prodotti in silicone. Non utilizzare lubrificanti, oli o creme al silicone con prodotti a base di silicone, in quanto possono degradare il materiale del prodotto e limitarne le prestazioni e la durata.<\/p>\n<p data-mce-fragment=\"1\">3 ANNI DI GARANZIA<\/p>\n<p data-mce-fragment=\"1\">Questa garanzia si applica a tutti i prodotti stimolatori e vibratori per clitoride da dito Ibiza? acquistati a partire dalla data di acquisto originale di tale prodotto. Questa garanzia non copre i danni causati da uso improprio o uso diverso da quello previsto e descritto nel manuale di istruzioni del prodotto, normale usura, alterazione, uso irragionevole, assistenza da parte di agenzie di assistenza non autorizzate o perdita o danneggiamento delle batterie o delle batterie. rimovibile.<\/p>\n<div id=\"dimensiones-producto\">\n<span>Dimensioni imballo:\u00a0<\/span><span>93 x 50 x 150 Millimetri<\/span>\n<\/div>\n<div id=\"peso-producto\">\n<span>Peso:\u00a0<\/span><span>208 grammi<\/span>\n<\/div>\n","protected":false},"excerpt":{"rendered":"<p>Stimolatore e vibratore per clitoride a dito Ibiza Preparati per un&#8217;autentica storia d&#8217;amore: il vibratore a dito che si distingue sia per il suo motore estremamente<span class=\"excerpt-hellip\"> [\u2026]<\/span><\/p>\n","protected":false},"featured_media":4873,"comment_status":"open","ping_status":"closed","template":"","meta":[],"product_brand":[],"product_cat":[224,219],"product_tag":[170,165,191,178],"class_list":{"0":"post-4517","1":"product","2":"type-product","3":"status-publish","4":"has-post-thumbnail","6":"product_cat-succhia-clitoride","7":"product_cat-vagina","8":"product_tag-donna","9":"product_tag-sextoys","10":"product_tag-succhia-clitoride","11":"product_tag-vibratore","13":"first","14":"outofstock","15":"sale","16":"taxable","17":"shipping-taxable","18":"purchasable","19":"product-type-simple"},"_links":{"self":[{"href":"https:\/\/www.lovgasmstore.com\/index.php\/wp-json\/wp\/v2\/product\/4517","targetHints":{"allow":["GET"]}}],"collection":[{"href":"https:\/\/www.lovgasmstore.com\/index.php\/wp-json\/wp\/v2\/product"}],"about":[{"href":"https:\/\/www.lovgasmstore.com\/index.php\/wp-json\/wp\/v2\/types\/product"}],"replies":[{"embeddable":true,"href":"https:\/\/www.lovgasmstore.com\/index.php\/wp-json\/wp\/v2\/comments?post=4517"}],"version-history":[{"count":2,"href":"https:\/\/www.lovgasmstore.com\/index.php\/wp-json\/wp\/v2\/product\/4517\/revisions"}],"predecessor-version":[{"id":6105,"href":"https:\/\/www.lovgasmstore.com\/index.php\/wp-json\/wp\/v2\/product\/4517\/revisions\/6105"}],"wp:featuredmedia":[{"embeddable":true,"href":"https:\/\/www.lovgasmstore.com\/index.php\/wp-json\/wp\/v2\/media\/4873"}],"wp:attachment":[{"href":"https:\/\/www.lovgasmstore.com\/index.php\/wp-json\/wp\/v2\/media?parent=4517"}],"wp:term":[{"taxonomy":"product_brand","embeddable":true,"href":"https:\/\/www.lovgasmstore.com\/index.php\/wp-json\/wp\/v2\/product_brand?post=4517"},{"taxonomy":"product_cat","embeddable":true,"href":"https:\/\/www.lovgasmstore.com\/index.php\/wp-json\/wp\/v2\/product_cat?post=4517"},{"taxonomy":"product_tag","embeddable":true,"href":"https:\/\/www.lovgasmstore.com\/index.php\/wp-json\/wp\/v2\/product_tag?post=4517"}],"curies":[{"name":"wp","href":"https:\/\/api.w.org\/{rel}","templated":true}]}}