{"id":4515,"date":"2024-06-05T13:57:33","date_gmt":"2024-06-05T11:57:33","guid":{"rendered":"http:\/\/www.lovgasmstore.com\/index.php\/prodotto\/ibiza-pulsing-g-spot-clitorial\/"},"modified":"2025-05-15T10:55:42","modified_gmt":"2025-05-15T08:55:42","slug":"ibiza-pulsing-g-spot-clitorial","status":"publish","type":"product","link":"https:\/\/www.lovgasmstore.com\/index.php\/prodotto\/ibiza-pulsing-g-spot-clitorial\/","title":{"rendered":"IBIZA &#8211; PULSING G-SPOT CLITORIAL"},"content":{"rendered":"<p><span data-mce-fragment=\"1\">Due \u00e8 meglio di uno: preparati per ore di calore indimenticabili con l&#8217;innovativo IBIZA PULSING G-SPOT CLITORIAL con 2 funzioni controllabili separatamente! Oltre alle vibrazioni intense, il giocattolo stimola anche il tuo punto caldo con una piccola sfera di stimolazione interna che fornisce una stimolazione sensuale e intensificata con movimenti sensuali su e gi\u00f9. Puoi scegliere tra 10 velocit\u00e0 della modalit\u00e0 Pulsing e 20 modalit\u00e0 di vibrazione, che possono essere controllate separatamente e ti porteranno a vertiginose vette di piacere.<\/span><\/p>\n<p>Il tuo giocattolo \u00e8 dotato di batterie integrate ed \u00e8 quindi ricaricabile ed ecologico. Se necessario, il cavo di ricarica magnetico USB incluso pu\u00f2 essere integrato con una spina di alimentazione standard da 5 V. Si ricarica in soli 120 minuti per 100 minuti di intenso piacere.<\/p>\n<ul>\n<li>Stimolatore del clitoride e del punto G<\/li>\n<li>2 motori potenti<\/li>\n<li>Ricaricabile tramite USB<\/li>\n<li>10 modalit\u00e0 di pulsazione<\/li>\n<li>10 modalit\u00e0 di vibrazione<\/li>\n<li>Stimolazione diretta sul punto G e sul clitoride<\/li>\n<li>Materiale: silicone e ABS<\/li>\n<li>Materiale sicuro per il corpo. privo di ftalati<\/li>\n<li>IPX6 impermeabile<\/li>\n<li>Consigliato per l&#8217;uso con lubrificanti a base d&#8217;acqua, come Waterfeel<\/li>\n<li>Include GRATIS monodose WATERFEEL NATURAL 6 ml<\/li>\n<\/ul>\n","protected":false},"excerpt":{"rendered":"<p>Due \u00e8 meglio di uno: preparati per ore di calore indimenticabili con l&#8217;innovativo IBIZA PULSING G-SPOT CLITORIAL con 2 funzioni controllabili separatamente! Oltre alle vibrazioni intense,<span class=\"excerpt-hellip\"> [\u2026]<\/span><\/p>\n","protected":false},"featured_media":4865,"comment_status":"open","ping_status":"closed","template":"","meta":[],"product_brand":[],"product_cat":[219,225],"product_tag":[170,190,165,178],"class_list":{"0":"post-4515","1":"product","2":"type-product","3":"status-publish","4":"has-post-thumbnail","6":"product_cat-vagina","7":"product_cat-vibratore","8":"product_tag-donna","9":"product_tag-punto-g","10":"product_tag-sextoys","11":"product_tag-vibratore","13":"first","14":"outofstock","15":"taxable","16":"shipping-taxable","17":"purchasable","18":"product-type-simple"},"_links":{"self":[{"href":"https:\/\/www.lovgasmstore.com\/index.php\/wp-json\/wp\/v2\/product\/4515","targetHints":{"allow":["GET"]}}],"collection":[{"href":"https:\/\/www.lovgasmstore.com\/index.php\/wp-json\/wp\/v2\/product"}],"about":[{"href":"https:\/\/www.lovgasmstore.com\/index.php\/wp-json\/wp\/v2\/types\/product"}],"replies":[{"embeddable":true,"href":"https:\/\/www.lovgasmstore.com\/index.php\/wp-json\/wp\/v2\/comments?post=4515"}],"version-history":[{"count":2,"href":"https:\/\/www.lovgasmstore.com\/index.php\/wp-json\/wp\/v2\/product\/4515\/revisions"}],"predecessor-version":[{"id":6106,"href":"https:\/\/www.lovgasmstore.com\/index.php\/wp-json\/wp\/v2\/product\/4515\/revisions\/6106"}],"wp:featuredmedia":[{"embeddable":true,"href":"https:\/\/www.lovgasmstore.com\/index.php\/wp-json\/wp\/v2\/media\/4865"}],"wp:attachment":[{"href":"https:\/\/www.lovgasmstore.com\/index.php\/wp-json\/wp\/v2\/media?parent=4515"}],"wp:term":[{"taxonomy":"product_brand","embeddable":true,"href":"https:\/\/www.lovgasmstore.com\/index.php\/wp-json\/wp\/v2\/product_brand?post=4515"},{"taxonomy":"product_cat","embeddable":true,"href":"https:\/\/www.lovgasmstore.com\/index.php\/wp-json\/wp\/v2\/product_cat?post=4515"},{"taxonomy":"product_tag","embeddable":true,"href":"https:\/\/www.lovgasmstore.com\/index.php\/wp-json\/wp\/v2\/product_tag?post=4515"}],"curies":[{"name":"wp","href":"https:\/\/api.w.org\/{rel}","templated":true}]}}