{"id":4514,"date":"2024-06-05T13:57:23","date_gmt":"2024-06-05T11:57:23","guid":{"rendered":"http:\/\/www.lovgasmstore.com\/index.php\/prodotto\/ibiza-clit-sucker-stimulator-and-vibrator\/"},"modified":"2025-05-15T10:55:54","modified_gmt":"2025-05-15T08:55:54","slug":"ibiza-clit-sucker-stimulator-and-vibrator","status":"publish","type":"product","link":"https:\/\/www.lovgasmstore.com\/index.php\/prodotto\/ibiza-clit-sucker-stimulator-and-vibrator\/","title":{"rendered":"IBIZA &#8211; CLIT SUCKER"},"content":{"rendered":"<p><meta charset=\"UTF-8\"><span data-mce-fragment=\"1\">La tua prossima avventura da solista sar\u00e0 dolce come zucchero filato con lo stimolatore a ventosa e il vibratore Ibiza, ispira con<strong> 2 motori<\/strong> e non \u00e8 solo sbalorditivo dal punto di vista visivo, ma ti d\u00e0 anche piacere emotivo! La testina flessibile dell&#8217;applicatore in silicone \u00e8 particolarmente <strong>delicata sulla pelle<\/strong>. Grazie al suo design compatto e ovale, \u00e8 ideale anche per viaggiare e pu\u00f2 essere facilmente trasportato.\u00a0<\/span><\/p>\n<p><span data-mce-fragment=\"1\">Caratteristiche:<\/span><\/p>\n<ul>\n<li>Stimolatore con vibrazione e aspirazione<\/li>\n<li>Due potenti motori<\/li>\n<li>USB ricaricabile<\/li>\n<li>10 modalit\u00e0 di vibrazione.<\/li>\n<li>10 modalit\u00e0 di aspirazione<\/li>\n<li>Materiale: silicone e ABS<\/li>\n<li>Materiale sicuro per il corpo<\/li>\n<li>Impermeabilit\u00e0 IPX6<\/li>\n<li>Consigliato per l&#8217;uso con lubrificanti a base d&#8217;acqua, come Waterfeel<\/li>\n<li>Include <strong>OMAGGIO<\/strong> monodose WATERFEEL NATURAL 6 ml<\/li>\n<\/ul>\n<p align=\"center\">\u00a0<\/p>\n<p align=\"center\"><strong>Perch\u00e9 scegliere il materiale Ibiza?<\/strong><\/p>\n<p>Tutti i giocattoli Ibiza sono realizzati in<strong> silicone medico<\/strong> liscio come la seta, estremamente scivoloso e assorbe rapidamente il calore corporeo. Il giocattolo pu\u00f2 essere facilmente pulito con acqua tiepida e un po&#8217; di sapone. Per il massimo del piacere, usa sempre il tuo giocattolo con uno dei lubrificanti a base d&#8217;acqua Waterfeel che si abbinano perfettamente al prodotto.<\/p>\n","protected":false},"excerpt":{"rendered":"<p>La tua prossima avventura da solista sar\u00e0 dolce come zucchero filato con lo stimolatore a ventosa e il vibratore Ibiza, ispira con 2 motori e non<span class=\"excerpt-hellip\"> [\u2026]<\/span><\/p>\n","protected":false},"featured_media":4863,"comment_status":"open","ping_status":"closed","template":"","meta":[],"product_brand":[],"product_cat":[224,219],"product_tag":[170,165,191,178],"class_list":{"0":"post-4514","1":"product","2":"type-product","3":"status-publish","4":"has-post-thumbnail","6":"product_cat-succhia-clitoride","7":"product_cat-vagina","8":"product_tag-donna","9":"product_tag-sextoys","10":"product_tag-succhia-clitoride","11":"product_tag-vibratore","13":"first","14":"outofstock","15":"sale","16":"taxable","17":"shipping-taxable","18":"purchasable","19":"product-type-simple"},"_links":{"self":[{"href":"https:\/\/www.lovgasmstore.com\/index.php\/wp-json\/wp\/v2\/product\/4514","targetHints":{"allow":["GET"]}}],"collection":[{"href":"https:\/\/www.lovgasmstore.com\/index.php\/wp-json\/wp\/v2\/product"}],"about":[{"href":"https:\/\/www.lovgasmstore.com\/index.php\/wp-json\/wp\/v2\/types\/product"}],"replies":[{"embeddable":true,"href":"https:\/\/www.lovgasmstore.com\/index.php\/wp-json\/wp\/v2\/comments?post=4514"}],"version-history":[{"count":2,"href":"https:\/\/www.lovgasmstore.com\/index.php\/wp-json\/wp\/v2\/product\/4514\/revisions"}],"predecessor-version":[{"id":6107,"href":"https:\/\/www.lovgasmstore.com\/index.php\/wp-json\/wp\/v2\/product\/4514\/revisions\/6107"}],"wp:featuredmedia":[{"embeddable":true,"href":"https:\/\/www.lovgasmstore.com\/index.php\/wp-json\/wp\/v2\/media\/4863"}],"wp:attachment":[{"href":"https:\/\/www.lovgasmstore.com\/index.php\/wp-json\/wp\/v2\/media?parent=4514"}],"wp:term":[{"taxonomy":"product_brand","embeddable":true,"href":"https:\/\/www.lovgasmstore.com\/index.php\/wp-json\/wp\/v2\/product_brand?post=4514"},{"taxonomy":"product_cat","embeddable":true,"href":"https:\/\/www.lovgasmstore.com\/index.php\/wp-json\/wp\/v2\/product_cat?post=4514"},{"taxonomy":"product_tag","embeddable":true,"href":"https:\/\/www.lovgasmstore.com\/index.php\/wp-json\/wp\/v2\/product_tag?post=4514"}],"curies":[{"name":"wp","href":"https:\/\/api.w.org\/{rel}","templated":true}]}}