{"id":4512,"date":"2024-06-05T13:57:12","date_gmt":"2024-06-05T11:57:12","guid":{"rendered":"http:\/\/www.lovgasmstore.com\/index.php\/prodotto\/fun-function-funny-bunny-up-down-2-1\/"},"modified":"2025-05-15T10:57:25","modified_gmt":"2025-05-15T08:57:25","slug":"fun-function-funny-bunny-up-down-2-1","status":"publish","type":"product","link":"https:\/\/www.lovgasmstore.com\/index.php\/prodotto\/fun-function-funny-bunny-up-down-2-1\/","title":{"rendered":"FUN FUNCTION &#8211; FUNNY BUNNY UP&#038;DOWN 2.0"},"content":{"rendered":"<p data-mce-fragment=\"1\" _msttexthash=\"1724606\" _msthash=\"1966\">La rivoluzione della FUNZIONE CONIGLIETTO \u00e8 arrivata!<\/p>\n<p data-mce-fragment=\"1\" _msttexthash=\"21546460\" _msthash=\"1967\">Creativit\u00e0, novit\u00e0 e divertimento. Unisciti alla nuova saga di stimolatori clitoridei e prova quella che sar\u00e0 senza dubbio l&#8217;esperienza di sesso orale pi\u00f9 realistica che tu abbia mai provato finora.<\/p>\n<p data-mce-fragment=\"1\" _msttexthash=\"11884015\" _msthash=\"1968\">Il sistema multifunzione Squeel incorpora diversi schemi di movimento ed \u00e8 regolabile nelle posizioni, in modo che tutto rimanga dove deve essere<\/p>\n<p data-mce-fragment=\"1\" _msttexthash=\"28178696\" _msthash=\"1969\">La gamma FUNNY UP&#038;DOWN incorpora la sua funzione &#8220;up and down&#8221;, ricaricando come farebbe il tuo migliore amante. Premi ON e non riuscirai pi\u00f9 a fermarti, attiva la vibrazione e sentirai al 100% la potenza di questo giocattolo esclusivo.<\/p>\n<p data-mce-fragment=\"1\" _msttexthash=\"13522418\" _msthash=\"1970\">Un&#8217;altra magnifica versione del marchio FUN FUNCTION. La sua finitura in silicone super morbido di alta qualit\u00e0 \u00e8 un vantaggio per gli orgasmi pi\u00f9 esigenti.<\/p>\n<p data-mce-fragment=\"1\" _msttexthash=\"304889\" _msthash=\"1971\">Caratteristiche:<\/p>\n<ul data-mce-fragment=\"1\">\n<li data-mce-fragment=\"1\" _msttexthash=\"287170\" _msthash=\"1972\">Testa flessibile<\/li>\n<li data-mce-fragment=\"1\" _msttexthash=\"459836\" _msthash=\"1973\">Silicone super morbido<\/li>\n<li data-mce-fragment=\"1\" _msttexthash=\"613249\" _msthash=\"1974\">Stimolazione del clitoride<\/li>\n<li data-mce-fragment=\"1\" _msttexthash=\"394823\" _msthash=\"1975\">Motore ultra potente<\/li>\n<li data-mce-fragment=\"1\" _msttexthash=\"273533\" _msthash=\"1976\">USB ricaricabile<\/li>\n<li data-mce-fragment=\"1\" _msttexthash=\"340600\" _msthash=\"1977\">ABS ipoallergenico<\/li>\n<li data-mce-fragment=\"1\" _msttexthash=\"515424\" _msthash=\"1978\">7 modalit\u00e0 di vibrazione<\/li>\n<li data-mce-fragment=\"1\" _msttexthash=\"283231\" _msthash=\"1979\">7 modalit\u00e0 UP &#038; DOWN<\/li>\n<li data-mce-fragment=\"1\" _msttexthash=\"1184404\" _msthash=\"1980\">7 modalit\u00e0 di stimolazione del clitoride<\/li>\n<li data-mce-fragment=\"1\" _msttexthash=\"200694\" _msthash=\"1981\">Impermeabile<\/li>\n<li data-mce-fragment=\"1\" _msttexthash=\"157586\" _msthash=\"1982\">Ergonomico<\/li>\n<li data-mce-fragment=\"1\" _msttexthash=\"665470\" _msthash=\"1983\">Materiali sicuri per il corpo<\/li>\n<li data-mce-fragment=\"1\" _msttexthash=\"205270\" _msthash=\"1984\">Senza ftalati<\/li>\n<li data-mce-fragment=\"1\" _msttexthash=\"409903\" _msthash=\"1985\">Lunghezza totale: 24 cm<\/li>\n<li data-mce-fragment=\"1\" _msttexthash=\"109694\" _msthash=\"1986\">Peso 310 gr<\/li>\n<\/ul>\n","protected":false},"excerpt":{"rendered":"<p>La rivoluzione della FUNZIONE CONIGLIETTO \u00e8 arrivata! Creativit\u00e0, novit\u00e0 e divertimento. Unisciti alla nuova saga di stimolatori clitoridei e prova quella che sar\u00e0 senza dubbio l&#8217;esperienza<span class=\"excerpt-hellip\"> [\u2026]<\/span><\/p>\n","protected":false},"featured_media":4855,"comment_status":"open","ping_status":"closed","template":"","meta":[],"product_brand":[],"product_cat":[219,225],"product_tag":[189,170,165,178],"class_list":{"0":"post-4512","1":"product","2":"type-product","3":"status-publish","4":"has-post-thumbnail","6":"product_cat-vagina","7":"product_cat-vibratore","8":"product_tag-clitoride","9":"product_tag-donna","10":"product_tag-sextoys","11":"product_tag-vibratore","13":"first","14":"instock","15":"taxable","16":"shipping-taxable","17":"purchasable","18":"product-type-simple"},"_links":{"self":[{"href":"https:\/\/www.lovgasmstore.com\/index.php\/wp-json\/wp\/v2\/product\/4512","targetHints":{"allow":["GET"]}}],"collection":[{"href":"https:\/\/www.lovgasmstore.com\/index.php\/wp-json\/wp\/v2\/product"}],"about":[{"href":"https:\/\/www.lovgasmstore.com\/index.php\/wp-json\/wp\/v2\/types\/product"}],"replies":[{"embeddable":true,"href":"https:\/\/www.lovgasmstore.com\/index.php\/wp-json\/wp\/v2\/comments?post=4512"}],"version-history":[{"count":2,"href":"https:\/\/www.lovgasmstore.com\/index.php\/wp-json\/wp\/v2\/product\/4512\/revisions"}],"predecessor-version":[{"id":6108,"href":"https:\/\/www.lovgasmstore.com\/index.php\/wp-json\/wp\/v2\/product\/4512\/revisions\/6108"}],"wp:featuredmedia":[{"embeddable":true,"href":"https:\/\/www.lovgasmstore.com\/index.php\/wp-json\/wp\/v2\/media\/4855"}],"wp:attachment":[{"href":"https:\/\/www.lovgasmstore.com\/index.php\/wp-json\/wp\/v2\/media?parent=4512"}],"wp:term":[{"taxonomy":"product_brand","embeddable":true,"href":"https:\/\/www.lovgasmstore.com\/index.php\/wp-json\/wp\/v2\/product_brand?post=4512"},{"taxonomy":"product_cat","embeddable":true,"href":"https:\/\/www.lovgasmstore.com\/index.php\/wp-json\/wp\/v2\/product_cat?post=4512"},{"taxonomy":"product_tag","embeddable":true,"href":"https:\/\/www.lovgasmstore.com\/index.php\/wp-json\/wp\/v2\/product_tag?post=4512"}],"curies":[{"name":"wp","href":"https:\/\/api.w.org\/{rel}","templated":true}]}}