{"id":4509,"date":"2024-06-05T13:56:47","date_gmt":"2024-06-05T11:56:47","guid":{"rendered":"http:\/\/www.lovgasmstore.com\/index.php\/prodotto\/fun-function-bunny-funny-rotation-2-0\/"},"modified":"2025-05-15T10:58:32","modified_gmt":"2025-05-15T08:58:32","slug":"fun-function-bunny-funny-rotation-2-0","status":"publish","type":"product","link":"https:\/\/www.lovgasmstore.com\/index.php\/prodotto\/fun-function-bunny-funny-rotation-2-0\/","title":{"rendered":"FUN FUNCTION &#8211; BUNNY FUNNY ROTATION 2.0"},"content":{"rendered":"<p data-mce-fragment=\"1\" _msttexthash=\"1724606\" _msthash=\"983\">La rivoluzione della FUNZIONE CONIGLIETTO \u00e8 arrivata!<\/p>\n<p data-mce-fragment=\"1\" _msttexthash=\"61468862\" _msthash=\"984\">Creativit\u00e0, novit\u00e0 e divertimento. Unisciti alla nuova saga di stimolatori clitoridei e prova quella che sar\u00e0 senza dubbio l&#8217;esperienza di sesso orale pi\u00f9 realistica che tu abbia mai provato finora. Il sistema multifunzione Squeel incorpora diversi schemi di movimento ed \u00e8 regolabile nelle posizioni, in modo che tutto rimanga al suo posto.<\/p>\n<p data-mce-fragment=\"1\" _msttexthash=\"16892798\" _msthash=\"985\">La gamma FUNNY ROTATION incorpora una base di morbide perline rotanti e una testa curva oscillante che ti porter\u00e0 all&#8217;orgasmo grazie al contatto del G-SPOT e al massaggio vaginale.<\/p>\n<p data-mce-fragment=\"1\" _msttexthash=\"13522418\" _msthash=\"986\">Un&#8217;altra magnifica versione del marchio FUN FUNCTION. La sua finitura in silicone super morbido di alta qualit\u00e0 \u00e8 un vantaggio per gli orgasmi pi\u00f9 esigenti.<\/p>\n<ul data-mce-fragment=\"1\">\n<li data-mce-fragment=\"1\" _msttexthash=\"544713\" _msthash=\"987\">Sistema di rotazione a 360\u00ba<\/li>\n<li data-mce-fragment=\"1\" _msttexthash=\"287170\" _msthash=\"988\">Testa flessibile<\/li>\n<li data-mce-fragment=\"1\" _msttexthash=\"459836\" _msthash=\"989\">Silicone super morbido<\/li>\n<li data-mce-fragment=\"1\" _msttexthash=\"613249\" _msthash=\"990\">Stimolazione del clitoride<\/li>\n<li data-mce-fragment=\"1\" _msttexthash=\"394823\" _msthash=\"991\">Motore ultra potente<\/li>\n<li data-mce-fragment=\"1\" _msttexthash=\"273533\" _msthash=\"992\">USB ricaricabile<\/li>\n<li data-mce-fragment=\"1\" _msttexthash=\"340600\" _msthash=\"993\">ABS ipoallergenico<\/li>\n<li data-mce-fragment=\"1\" _msttexthash=\"477802\" _msthash=\"994\">7 Modalit\u00e0 di rotazione<\/li>\n<li data-mce-fragment=\"1\" _msttexthash=\"1184404\" _msthash=\"995\">7 modalit\u00e0 di stimolazione del clitoride<\/li>\n<li data-mce-fragment=\"1\" _msttexthash=\"200694\" _msthash=\"996\">Impermeabile<\/li>\n<li data-mce-fragment=\"1\" _msttexthash=\"157586\" _msthash=\"997\">Ergonomico<\/li>\n<li data-mce-fragment=\"1\" _msttexthash=\"665470\" _msthash=\"998\">Materiali sicuri per il corpo<\/li>\n<li data-mce-fragment=\"1\" _msttexthash=\"205270\" _msthash=\"999\">Senza ftalati<\/li>\n<li data-mce-fragment=\"1\" _msttexthash=\"409903\" _msthash=\"1000\">Lunghezza totale: 24 cm<\/li>\n<li data-mce-fragment=\"1\" _msttexthash=\"109694\" _msthash=\"1001\">Peso 310 gr<\/li>\n<\/ul>\n","protected":false},"excerpt":{"rendered":"<p>La rivoluzione della FUNZIONE CONIGLIETTO \u00e8 arrivata! Creativit\u00e0, novit\u00e0 e divertimento. Unisciti alla nuova saga di stimolatori clitoridei e prova quella che sar\u00e0 senza dubbio l&#8217;esperienza<span class=\"excerpt-hellip\"> [\u2026]<\/span><\/p>\n","protected":false},"featured_media":4839,"comment_status":"open","ping_status":"closed","template":"","meta":[],"product_brand":[],"product_cat":[219,225],"product_tag":[189,170,165,178],"class_list":{"0":"post-4509","1":"product","2":"type-product","3":"status-publish","4":"has-post-thumbnail","6":"product_cat-vagina","7":"product_cat-vibratore","8":"product_tag-clitoride","9":"product_tag-donna","10":"product_tag-sextoys","11":"product_tag-vibratore","13":"first","14":"instock","15":"taxable","16":"shipping-taxable","17":"purchasable","18":"product-type-simple"},"_links":{"self":[{"href":"https:\/\/www.lovgasmstore.com\/index.php\/wp-json\/wp\/v2\/product\/4509","targetHints":{"allow":["GET"]}}],"collection":[{"href":"https:\/\/www.lovgasmstore.com\/index.php\/wp-json\/wp\/v2\/product"}],"about":[{"href":"https:\/\/www.lovgasmstore.com\/index.php\/wp-json\/wp\/v2\/types\/product"}],"replies":[{"embeddable":true,"href":"https:\/\/www.lovgasmstore.com\/index.php\/wp-json\/wp\/v2\/comments?post=4509"}],"version-history":[{"count":2,"href":"https:\/\/www.lovgasmstore.com\/index.php\/wp-json\/wp\/v2\/product\/4509\/revisions"}],"predecessor-version":[{"id":6110,"href":"https:\/\/www.lovgasmstore.com\/index.php\/wp-json\/wp\/v2\/product\/4509\/revisions\/6110"}],"wp:featuredmedia":[{"embeddable":true,"href":"https:\/\/www.lovgasmstore.com\/index.php\/wp-json\/wp\/v2\/media\/4839"}],"wp:attachment":[{"href":"https:\/\/www.lovgasmstore.com\/index.php\/wp-json\/wp\/v2\/media?parent=4509"}],"wp:term":[{"taxonomy":"product_brand","embeddable":true,"href":"https:\/\/www.lovgasmstore.com\/index.php\/wp-json\/wp\/v2\/product_brand?post=4509"},{"taxonomy":"product_cat","embeddable":true,"href":"https:\/\/www.lovgasmstore.com\/index.php\/wp-json\/wp\/v2\/product_cat?post=4509"},{"taxonomy":"product_tag","embeddable":true,"href":"https:\/\/www.lovgasmstore.com\/index.php\/wp-json\/wp\/v2\/product_tag?post=4509"}],"curies":[{"name":"wp","href":"https:\/\/api.w.org\/{rel}","templated":true}]}}