{"id":4508,"date":"2024-06-05T13:56:36","date_gmt":"2024-06-05T11:56:36","guid":{"rendered":"http:\/\/www.lovgasmstore.com\/index.php\/prodotto\/fun-fuction-funny-bunny-vibration-2-0\/"},"modified":"2025-05-15T10:59:00","modified_gmt":"2025-05-15T08:59:00","slug":"fun-fuction-funny-bunny-vibration-2-0","status":"publish","type":"product","link":"https:\/\/www.lovgasmstore.com\/index.php\/prodotto\/fun-fuction-funny-bunny-vibration-2-0\/","title":{"rendered":"FUN FUCTION &#8211; FUNNY BUNNY VIBRATION 2.0"},"content":{"rendered":"<p data-mce-fragment=\"1\" _msttexthash=\"1176812\" _msthash=\"979\">La rivoluzione di BUNNY FUCTION \u00e8 arrivata!<\/p>\n<p data-mce-fragment=\"1\" _msttexthash=\"21546460\" _msthash=\"980\">Creativit\u00e0, novit\u00e0 e divertimento. Unisciti alla nuova saga di stimolatori clitoridei e prova quella che sar\u00e0 senza dubbio l&#8217;esperienza di sesso orale pi\u00f9 realistica che tu abbia mai provato finora.<\/p>\n<p data-mce-fragment=\"1\" _msttexthash=\"11315265\" _msthash=\"981\">Il sistema multifunzione Squeel incorpora diversi schemi di movimento ed \u00e8 regolabile nelle posizioni, in modo che tutto rimanga al suo posto.<\/p>\n<p data-mce-fragment=\"1\" _msttexthash=\"56580264\" _msthash=\"982\">La gamma FUNNY VIBRATION incorpora una vibrazione estremamente potente poich\u00e9 il suo potente motore \u00e8 posizionato proprio sulla punta, generando onde di piacere pi\u00f9 profonde. Un&#8217;altra grande versione del marchio FUN FUCTION. La sua finitura in silicone super morbido di alta qualit\u00e0 \u00e8 un vantaggio per gli orgasmi pi\u00f9 esigenti.<\/p>\n<ul data-mce-fragment=\"1\">\n<li data-mce-fragment=\"1\" _msttexthash=\"287170\" _msthash=\"983\">Testa flessibile<\/li>\n<li data-mce-fragment=\"1\" _msttexthash=\"459836\" _msthash=\"984\">Silicone super morbido<\/li>\n<li data-mce-fragment=\"1\" _msttexthash=\"613249\" _msthash=\"985\">Stimolazione del clitoride<\/li>\n<li data-mce-fragment=\"1\" _msttexthash=\"394823\" _msthash=\"986\">Motore ultra potente<\/li>\n<li data-mce-fragment=\"1\" _msttexthash=\"273533\" _msthash=\"987\">USB ricaricabile<\/li>\n<li data-mce-fragment=\"1\" _msttexthash=\"340600\" _msthash=\"988\">ABS ipoallergenico<\/li>\n<li data-mce-fragment=\"1\" _msttexthash=\"515424\" _msthash=\"989\">7 modalit\u00e0 di vibrazione<\/li>\n<li data-mce-fragment=\"1\" _msttexthash=\"1184404\" _msthash=\"990\">7 modalit\u00e0 di stimolazione del clitoride<\/li>\n<li data-mce-fragment=\"1\" _msttexthash=\"200694\" _msthash=\"991\">Impermeabile<\/li>\n<li data-mce-fragment=\"1\" _msttexthash=\"157586\" _msthash=\"992\">Ergonomico<\/li>\n<li data-mce-fragment=\"1\" _msttexthash=\"665470\" _msthash=\"993\">Materiali sicuri per il corpo<\/li>\n<li data-mce-fragment=\"1\" _msttexthash=\"205270\" _msthash=\"994\">Senza ftalati<\/li>\n<li data-mce-fragment=\"1\" _msttexthash=\"409903\" _msthash=\"995\">Lunghezza totale: 24 cm<\/li>\n<li data-mce-fragment=\"1\" _msttexthash=\"109863\" _msthash=\"996\">Peso 230 gr<\/li>\n<\/ul>\n","protected":false},"excerpt":{"rendered":"<p>La rivoluzione di BUNNY FUCTION \u00e8 arrivata! Creativit\u00e0, novit\u00e0 e divertimento. Unisciti alla nuova saga di stimolatori clitoridei e prova quella che sar\u00e0 senza dubbio l&#8217;esperienza<span class=\"excerpt-hellip\"> [\u2026]<\/span><\/p>\n","protected":false},"featured_media":4831,"comment_status":"open","ping_status":"closed","template":"","meta":[],"product_brand":[],"product_cat":[219,225],"product_tag":[189,170,165,178],"class_list":{"0":"post-4508","1":"product","2":"type-product","3":"status-publish","4":"has-post-thumbnail","6":"product_cat-vagina","7":"product_cat-vibratore","8":"product_tag-clitoride","9":"product_tag-donna","10":"product_tag-sextoys","11":"product_tag-vibratore","13":"first","14":"instock","15":"taxable","16":"shipping-taxable","17":"purchasable","18":"product-type-simple"},"_links":{"self":[{"href":"https:\/\/www.lovgasmstore.com\/index.php\/wp-json\/wp\/v2\/product\/4508","targetHints":{"allow":["GET"]}}],"collection":[{"href":"https:\/\/www.lovgasmstore.com\/index.php\/wp-json\/wp\/v2\/product"}],"about":[{"href":"https:\/\/www.lovgasmstore.com\/index.php\/wp-json\/wp\/v2\/types\/product"}],"replies":[{"embeddable":true,"href":"https:\/\/www.lovgasmstore.com\/index.php\/wp-json\/wp\/v2\/comments?post=4508"}],"version-history":[{"count":2,"href":"https:\/\/www.lovgasmstore.com\/index.php\/wp-json\/wp\/v2\/product\/4508\/revisions"}],"predecessor-version":[{"id":6111,"href":"https:\/\/www.lovgasmstore.com\/index.php\/wp-json\/wp\/v2\/product\/4508\/revisions\/6111"}],"wp:featuredmedia":[{"embeddable":true,"href":"https:\/\/www.lovgasmstore.com\/index.php\/wp-json\/wp\/v2\/media\/4831"}],"wp:attachment":[{"href":"https:\/\/www.lovgasmstore.com\/index.php\/wp-json\/wp\/v2\/media?parent=4508"}],"wp:term":[{"taxonomy":"product_brand","embeddable":true,"href":"https:\/\/www.lovgasmstore.com\/index.php\/wp-json\/wp\/v2\/product_brand?post=4508"},{"taxonomy":"product_cat","embeddable":true,"href":"https:\/\/www.lovgasmstore.com\/index.php\/wp-json\/wp\/v2\/product_cat?post=4508"},{"taxonomy":"product_tag","embeddable":true,"href":"https:\/\/www.lovgasmstore.com\/index.php\/wp-json\/wp\/v2\/product_tag?post=4508"}],"curies":[{"name":"wp","href":"https:\/\/api.w.org\/{rel}","templated":true}]}}