{"id":4496,"date":"2024-06-05T13:55:25","date_gmt":"2024-06-05T11:55:25","guid":{"rendered":"http:\/\/www.lovgasmstore.com\/index.php\/prodotto\/fetish-submissive-anello-gag-con-morsetti-per-capezzoli\/"},"modified":"2025-05-15T11:53:43","modified_gmt":"2025-05-15T09:53:43","slug":"fetish-submissive-anello-gag-con-morsetti-per-capezzoli","status":"publish","type":"product","link":"https:\/\/www.lovgasmstore.com\/index.php\/prodotto\/fetish-submissive-anello-gag-con-morsetti-per-capezzoli\/","title":{"rendered":"FETISH SUBMISSIVE &#8211;  Collana con morsetti per capezzoli"},"content":{"rendered":"<p data-mce-fragment=\"1\">Bavaglio FETISH SUBMISIVE con anello in pelle vegana e pinza per capezzoli fissata tramite catena di metallo. (Anello in PVC)<\/p>\n<p data-mce-fragment=\"1\">Realizzato in morbida pelle vegana e rifinito con due morsetti per capezzoli a catena, questo set di collari a morsetto protegge il tuo soggetto in pochissimo tempo. Il comodo bavaglio si adatta facilmente a quasi tutte le taglie, mentre i morsetti per capezzoli ti danno la giusta tensione nel posto giusto. Basta regolare la vite sui capezzoli fino a renderla stretta e comoda e iniziare a godersi il piacere di un buon pizzicotto. I loro rivestimenti in gomma permetteranno loro di non scivolare e di rimanere in posizione con l&#8217;azione del momento.<\/p>\n<p data-mce-fragment=\"1\">Il bavaglio \u00e8 dotato di un anello robusto per mantenere il soggetto saldamente fissato. I morsetti per capezzoli sono collegati al collare con catenelle metalliche.<\/p>\n<p data-mce-fragment=\"1\">\u00c8 perfetto per i principianti e abbastanza resistente per gli appassionati di fetish pi\u00f9 esperti! Questo bavaglio da schiavo con pelle vegana, catena in metallo resistente e senza nichel \u00e8 perfetto per i giocatori esperti.<\/p>\n<p data-mce-fragment=\"1\">Usa questo giocattolo da solo o con altri oggetti Fetish Sottomesso.<\/p>\n<ul data-mce-fragment=\"1\">\n<li data-mce-fragment=\"1\">Realizzato in materiale; Neoprene, metallo Nickel-free e pelle Vegan.<\/li>\n<\/ul>\n<p data-mce-fragment=\"1\">La collezione Fetish Submisive \u00e8 perfetta per il BDSM, qualit\u00e0 e resistenza adatte a qualsiasi gioco!<\/p>\n<div id=\"dimensiones-producto\">\n<span>Dimensioni imballo:\u00a0<\/span><span>80 x 210 x 55 Millimetri<\/span>\n<\/div>\n<div id=\"peso-producto\">\n<span>Peso:\u00a0<\/span><span>145 grammi<\/span>\n<\/div>\n","protected":false},"excerpt":{"rendered":"<p>Bavaglio FETISH SUBMISIVE con anello in pelle vegana e pinza per capezzoli fissata tramite catena di metallo. (Anello in PVC) Realizzato in morbida pelle vegana e<span class=\"excerpt-hellip\"> [\u2026]<\/span><\/p>\n","protected":false},"featured_media":4784,"comment_status":"open","ping_status":"closed","template":"","meta":[],"product_brand":[],"product_cat":[223,249],"product_tag":[174,183,170,165],"class_list":{"0":"post-4496","1":"product","2":"type-product","3":"status-publish","4":"has-post-thumbnail","6":"product_cat-bondage","7":"product_cat-manette-e-collane","8":"product_tag-bdsm","9":"product_tag-collane","10":"product_tag-donna","11":"product_tag-sextoys","13":"first","14":"instock","15":"sale","16":"taxable","17":"shipping-taxable","18":"purchasable","19":"product-type-simple"},"_links":{"self":[{"href":"https:\/\/www.lovgasmstore.com\/index.php\/wp-json\/wp\/v2\/product\/4496","targetHints":{"allow":["GET"]}}],"collection":[{"href":"https:\/\/www.lovgasmstore.com\/index.php\/wp-json\/wp\/v2\/product"}],"about":[{"href":"https:\/\/www.lovgasmstore.com\/index.php\/wp-json\/wp\/v2\/types\/product"}],"replies":[{"embeddable":true,"href":"https:\/\/www.lovgasmstore.com\/index.php\/wp-json\/wp\/v2\/comments?post=4496"}],"version-history":[{"count":2,"href":"https:\/\/www.lovgasmstore.com\/index.php\/wp-json\/wp\/v2\/product\/4496\/revisions"}],"predecessor-version":[{"id":6117,"href":"https:\/\/www.lovgasmstore.com\/index.php\/wp-json\/wp\/v2\/product\/4496\/revisions\/6117"}],"wp:featuredmedia":[{"embeddable":true,"href":"https:\/\/www.lovgasmstore.com\/index.php\/wp-json\/wp\/v2\/media\/4784"}],"wp:attachment":[{"href":"https:\/\/www.lovgasmstore.com\/index.php\/wp-json\/wp\/v2\/media?parent=4496"}],"wp:term":[{"taxonomy":"product_brand","embeddable":true,"href":"https:\/\/www.lovgasmstore.com\/index.php\/wp-json\/wp\/v2\/product_brand?post=4496"},{"taxonomy":"product_cat","embeddable":true,"href":"https:\/\/www.lovgasmstore.com\/index.php\/wp-json\/wp\/v2\/product_cat?post=4496"},{"taxonomy":"product_tag","embeddable":true,"href":"https:\/\/www.lovgasmstore.com\/index.php\/wp-json\/wp\/v2\/product_tag?post=4496"}],"curies":[{"name":"wp","href":"https:\/\/api.w.org\/{rel}","templated":true}]}}